{"id":1461,"date":"2020-07-11T09:57:21","date_gmt":"2020-07-11T12:57:21","guid":{"rendered":"https:\/\/wp.ufpel.edu.br\/gbem\/?page_id=1461"},"modified":"2020-07-11T10:20:40","modified_gmt":"2020-07-11T13:20:40","slug":"andrea-homsi-damaso","status":"publish","type":"page","link":"https:\/\/wp.ufpel.edu.br\/gbem\/andrea-homsi-damaso\/","title":{"rendered":"Andr\u00e9a Homsi D\u00e2maso"},"content":{"rendered":"<p><strong>Professora Adjunta do Departamento de Medicina Social da Faculdade de Medicina da UFPEL | <a href=\"http:\/\/lattes.cnpq.br\/9347611775017844\">Lattes<\/a><\/strong><\/p>\n<p style=\"text-align: justify\">Possui gradua\u00e7\u00e3o em Farm\u00e1cia e Bioquimica pela Universidade Cat\u00f3lica de Pelotas e em Farm\u00e1cia Industrial pela Universidade Federal do Rio Grande do Sul, mestrado e doutorado em Epidemiologia pela Universidade Federal de Pelotas. Durante o doutorado estagiou por seis meses na Harvard School of Public Health (Takemi fellow). Atualmente \u00e9 professora adjunta do Departamento de Medicina Social da Faculdade de Medicina da Universidade Federal de Pelotas, sendo professora do quadro permanente do Programa de P\u00f3s-gradua\u00e7\u00e3o em Epidemiologia e do Programa de P\u00f3s-gradua\u00e7\u00e3o em Organiza\u00e7\u00f5es e Mercados. Fez p\u00f3s-doutorado na London School of Economic and Political Sciences &#8211; LSE Health na \u00e1rea de Pol\u00edtica Farmac\u00eautica e foi pesquisadora visitante da Harvard School and Harvard Pilgrim Health Care Institute no Department of Population Medicine. Tem experi\u00eancia nas \u00e1reas de Sa\u00fade Coletiva, Estat\u00edstica, Economia da Sa\u00fade e Epidemiologia, com \u00eanfase em Farmacoepidemiologia.<\/p>\n<p style=\"text-align: justify\">No GBEM se interessa na atualiza\u00e7\u00e3o de pesquisas relacionadas com multimorbidades.<\/p>\n","protected":false},"excerpt":{"rendered":"<p>Professora Adjunta do Departamento de Medicina Social da Faculdade de Medicina da UFPEL | Lattes Possui gradua\u00e7\u00e3o em Farm\u00e1cia e Bioquimica pela Universidade Cat\u00f3lica de Pelotas e em Farm\u00e1cia Industrial pela Universidade Federal do Rio Grande do Sul, mestrado e doutorado em Epidemiologia pela Universidade Federal de Pelotas. Durante o doutorado estagiou por seis meses&hellip;<\/p>\n","protected":false},"author":682,"featured_media":0,"parent":0,"menu_order":0,"comment_status":"closed","ping_status":"closed","template":"","meta":{"jetpack_post_was_ever_published":false,"footnotes":""},"class_list":["post-1461","page","type-page","status-publish","hentry"],"jetpack_sharing_enabled":true,"jetpack_shortlink":"https:\/\/wp.me\/P8Mo6O-nz","_links":{"self":[{"href":"https:\/\/wp.ufpel.edu.br\/gbem\/wp-json\/wp\/v2\/pages\/1461","targetHints":{"allow":["GET"]}}],"collection":[{"href":"https:\/\/wp.ufpel.edu.br\/gbem\/wp-json\/wp\/v2\/pages"}],"about":[{"href":"https:\/\/wp.ufpel.edu.br\/gbem\/wp-json\/wp\/v2\/types\/page"}],"author":[{"embeddable":true,"href":"https:\/\/wp.ufpel.edu.br\/gbem\/wp-json\/wp\/v2\/users\/682"}],"replies":[{"embeddable":true,"href":"https:\/\/wp.ufpel.edu.br\/gbem\/wp-json\/wp\/v2\/comments?post=1461"}],"version-history":[{"count":2,"href":"https:\/\/wp.ufpel.edu.br\/gbem\/wp-json\/wp\/v2\/pages\/1461\/revisions"}],"predecessor-version":[{"id":1475,"href":"https:\/\/wp.ufpel.edu.br\/gbem\/wp-json\/wp\/v2\/pages\/1461\/revisions\/1475"}],"wp:attachment":[{"href":"https:\/\/wp.ufpel.edu.br\/gbem\/wp-json\/wp\/v2\/media?parent=1461"}],"curies":[{"name":"wp","href":"https:\/\/api.w.org\/{rel}","templated":true}]}}