{"id":1437,"date":"2020-06-29T19:21:04","date_gmt":"2020-06-29T22:21:04","guid":{"rendered":"https:\/\/wp.ufpel.edu.br\/gbem\/?page_id=1437"},"modified":"2020-06-29T19:21:24","modified_gmt":"2020-06-29T22:21:24","slug":"1437-2","status":"publish","type":"page","link":"https:\/\/wp.ufpel.edu.br\/gbem\/1437-2\/","title":{"rendered":"Luiz Augusto Facchini"},"content":{"rendered":"<p style=\"text-align: justify\"><strong>Professor titular do Departamento de Medicina Social e dos Programas de P\u00f3s-Gradua\u00e7\u00e3o em Epidemiologia, em Enfermagem e em Sa\u00fade da Fam\u00edlia | <a href=\"http:\/\/lattes.cnpq.br\/5795415938371676\">Lattes<\/a><\/strong><\/p>\n<p style=\"text-align: justify\">Possui gradua\u00e7\u00e3o em Medicina pela Universidade Federal de Santa Maria (1979), mestrado em Medicina Social, na Universidad Autonoma Metropolitana Xochimilco, M\u00e9xico (1986) e doutorado em Medicina: Ci\u00eancias M\u00e9dicas pela Universidade Federal do Rio Grande do Sul (1994). Realizou p\u00f3s-doutoramento em Sa\u00fade Internacional na Harvard School of Public Health, nos Estados Unidos (1997). \u00c9 professor titular do Departamento de Medicina Social e dos Programas de P\u00f3s-Gradua\u00e7\u00e3o em Epidemiologia, em Enfermagem e em Sa\u00fade da Fam\u00edlia da Universidade Federal de Pelotas. Foi secret\u00e1rio municipal de sa\u00fade de Pelotas entre janeiro de 2001 e fevereiro de 2003. Representando a ABRASCO foi membro titular do Conselho Nacional de Sa\u00fade (CNS) e coordenador da Comiss\u00e3o Intersetorial de Ci\u00eancia e Tecnologia em Sa\u00fade do CNS entre 2007 e 2010. \u00c9 coordenador da Rede de Pesquisas em Aten\u00e7\u00e3o Prim\u00e1ria da ABRASCO em parceria com o Minist\u00e9rio da Sa\u00fade e a OPAS. Foi membro do conselho diretor da UFPEL, representando o Minist\u00e9rio da Educa\u00e7\u00e3o. Foi presidente da Associa\u00e7\u00e3o Brasileira de Sa\u00fade Coletiva (ABRASCO) entre novembro de 2009 e novembro de 2012 e foi conselheiro da entidade na gest\u00e3o 2012-2015. Foi chefe e subchefe do Depto. de Medicina Social (DMS) da UFPel v\u00e1rias vezes. Foi coordenador e vice-coordenador do Programa de P\u00f3s-Gradua\u00e7\u00e3o em Epidemiologia da UFPel. Coordena no DMS-UFPel, o Curso de Especializa\u00e7\u00e3o em Sa\u00fade da Fam\u00edlia, na modalidade de Educa\u00e7\u00e3o a Dist\u00e2ncia, que no per\u00edodo 2011-2016 titulou mais de 2300 profissionais. \u00c9 membro do Conselho Superior da Funda\u00e7\u00e3o Oswaldo Cruz (FIOCRUZ), com sede no Rio de Janeiro e membro do Comit\u00ea Executivo da World Federation of Public Health Associations, sediada na Su\u00ed\u00e7a. Foi um dos fundadores da Alian\u00e7a de Associa\u00e7\u00f5es de Sa\u00fade P\u00fablica das Am\u00e9ricas em 2015, representando a ABRASCO. \u00c9 membro do comit\u00ea cient\u00edfico da BIREME &#8211; OPAS, representando o Brasil. Coordena na ABRASCO a Rede Nacional de Mestrado Profissional em Sa\u00fade da Fam\u00edlia, envolvendo 20 institui\u00e7\u00f5es nacionais em atividade desde 2017. Tem experi\u00eancia na \u00e1rea de Sa\u00fade Coletiva, com \u00eanfase em Epidemiologia, com atua\u00e7\u00e3o predominante em temas sobre sa\u00fade do trabalhador, trabalho materno e de menores, doen\u00e7as relacionadas com o trabalho e avalia\u00e7\u00e3o de pol\u00edticas e servi\u00e7os de sa\u00fade, especialmente de aten\u00e7\u00e3o prim\u00e1ria em sa\u00fade e sa\u00fade da fam\u00edlia. Desenvolve atividades de ensino e pesquisa em \u00edntima aplica\u00e7\u00e3o \u00e0s pol\u00edticas e a\u00e7\u00f5es de sa\u00fade no \u00e2mbito do SUS e dos sistemas universais de sa\u00fade.<\/p>\n","protected":false},"excerpt":{"rendered":"<p>Professor titular do Departamento de Medicina Social e dos Programas de P\u00f3s-Gradua\u00e7\u00e3o em Epidemiologia, em Enfermagem e em Sa\u00fade da Fam\u00edlia | Lattes Possui gradua\u00e7\u00e3o em Medicina pela Universidade Federal de Santa Maria (1979), mestrado em Medicina Social, na Universidad Autonoma Metropolitana Xochimilco, M\u00e9xico (1986) e doutorado em Medicina: Ci\u00eancias M\u00e9dicas pela Universidade Federal do&hellip;<\/p>\n","protected":false},"author":682,"featured_media":0,"parent":0,"menu_order":0,"comment_status":"closed","ping_status":"closed","template":"","meta":{"jetpack_post_was_ever_published":false,"footnotes":""},"class_list":["post-1437","page","type-page","status-publish","hentry"],"jetpack_sharing_enabled":true,"jetpack_shortlink":"https:\/\/wp.me\/P8Mo6O-nb","_links":{"self":[{"href":"https:\/\/wp.ufpel.edu.br\/gbem\/wp-json\/wp\/v2\/pages\/1437","targetHints":{"allow":["GET"]}}],"collection":[{"href":"https:\/\/wp.ufpel.edu.br\/gbem\/wp-json\/wp\/v2\/pages"}],"about":[{"href":"https:\/\/wp.ufpel.edu.br\/gbem\/wp-json\/wp\/v2\/types\/page"}],"author":[{"embeddable":true,"href":"https:\/\/wp.ufpel.edu.br\/gbem\/wp-json\/wp\/v2\/users\/682"}],"replies":[{"embeddable":true,"href":"https:\/\/wp.ufpel.edu.br\/gbem\/wp-json\/wp\/v2\/comments?post=1437"}],"version-history":[{"count":2,"href":"https:\/\/wp.ufpel.edu.br\/gbem\/wp-json\/wp\/v2\/pages\/1437\/revisions"}],"predecessor-version":[{"id":1440,"href":"https:\/\/wp.ufpel.edu.br\/gbem\/wp-json\/wp\/v2\/pages\/1437\/revisions\/1440"}],"wp:attachment":[{"href":"https:\/\/wp.ufpel.edu.br\/gbem\/wp-json\/wp\/v2\/media?parent=1437"}],"curies":[{"name":"wp","href":"https:\/\/api.w.org\/{rel}","templated":true}]}}