{"id":1386,"date":"2020-06-29T15:28:25","date_gmt":"2020-06-29T18:28:25","guid":{"rendered":"https:\/\/wp.ufpel.edu.br\/gbem\/?page_id=1386"},"modified":"2020-06-29T18:32:02","modified_gmt":"2020-06-29T21:32:02","slug":"suele-manjourany-silva-duro","status":"publish","type":"page","link":"https:\/\/wp.ufpel.edu.br\/gbem\/suele-manjourany-silva-duro\/","title":{"rendered":"Suele Manjourany Silva Duro"},"content":{"rendered":"<p style=\"text-align: justify\"><strong><img loading=\"lazy\" decoding=\"async\" class=\"size-full wp-image-1393 alignleft\" src=\"https:\/\/wp.ufpel.edu.br\/gbem\/files\/2020\/06\/466782d9-274b-4410-851f-2277c0d87d12-Suele-Manjourany-Silva-Duro.jpeg\" alt=\"\" width=\"230\" height=\"280\" srcset=\"https:\/\/wp.ufpel.edu.br\/gbem\/files\/2020\/06\/466782d9-274b-4410-851f-2277c0d87d12-Suele-Manjourany-Silva-Duro.jpeg 230w, https:\/\/wp.ufpel.edu.br\/gbem\/files\/2020\/06\/466782d9-274b-4410-851f-2277c0d87d12-Suele-Manjourany-Silva-Duro-131x159.jpeg 131w\" sizes=\"auto, (max-width: 230px) 100vw, 230px\" \/>Doutora em Epidemiologia pela Universidade Federal de Pelotas\u00a0 |\u00a0 <a href=\"http:\/\/lattes.cnpq.br\/2683968985742029\">Lattes<\/a><\/strong><\/p>\n<p style=\"text-align: justify\">Graduada em Educa\u00e7\u00e3o F\u00edsica pela Universidade Federal de Pelotas (2004), mestre (2008) e doutora (2013) em Epidemiologia pela Universidade Federal de Pelotas. Atua na \u00e1rea de avalia\u00e7\u00e3o de servi\u00e7os e promo\u00e7\u00e3o da sa\u00fade. No GBEM, tem interesse pela avalia\u00e7\u00e3o dos servi\u00e7os de sa\u00fade voltada \u00e0 aten\u00e7\u00e3o a essa popula\u00e7\u00e3o.<\/p>\n","protected":false},"excerpt":{"rendered":"<p>Doutora em Epidemiologia pela Universidade Federal de Pelotas\u00a0 |\u00a0 Lattes Graduada em Educa\u00e7\u00e3o F\u00edsica pela Universidade Federal de Pelotas (2004), mestre (2008) e doutora (2013) em Epidemiologia pela Universidade Federal de Pelotas. Atua na \u00e1rea de avalia\u00e7\u00e3o de servi\u00e7os e promo\u00e7\u00e3o da sa\u00fade. No GBEM, tem interesse pela avalia\u00e7\u00e3o dos servi\u00e7os de sa\u00fade voltada \u00e0&hellip;<\/p>\n","protected":false},"author":682,"featured_media":0,"parent":0,"menu_order":0,"comment_status":"closed","ping_status":"closed","template":"","meta":{"jetpack_post_was_ever_published":false,"footnotes":""},"class_list":["post-1386","page","type-page","status-publish","hentry"],"jetpack_sharing_enabled":true,"jetpack_shortlink":"https:\/\/wp.me\/P8Mo6O-mm","_links":{"self":[{"href":"https:\/\/wp.ufpel.edu.br\/gbem\/wp-json\/wp\/v2\/pages\/1386","targetHints":{"allow":["GET"]}}],"collection":[{"href":"https:\/\/wp.ufpel.edu.br\/gbem\/wp-json\/wp\/v2\/pages"}],"about":[{"href":"https:\/\/wp.ufpel.edu.br\/gbem\/wp-json\/wp\/v2\/types\/page"}],"author":[{"embeddable":true,"href":"https:\/\/wp.ufpel.edu.br\/gbem\/wp-json\/wp\/v2\/users\/682"}],"replies":[{"embeddable":true,"href":"https:\/\/wp.ufpel.edu.br\/gbem\/wp-json\/wp\/v2\/comments?post=1386"}],"version-history":[{"count":2,"href":"https:\/\/wp.ufpel.edu.br\/gbem\/wp-json\/wp\/v2\/pages\/1386\/revisions"}],"predecessor-version":[{"id":1394,"href":"https:\/\/wp.ufpel.edu.br\/gbem\/wp-json\/wp\/v2\/pages\/1386\/revisions\/1394"}],"wp:attachment":[{"href":"https:\/\/wp.ufpel.edu.br\/gbem\/wp-json\/wp\/v2\/media?parent=1386"}],"curies":[{"name":"wp","href":"https:\/\/api.w.org\/{rel}","templated":true}]}}