{"id":1383,"date":"2020-06-29T15:25:13","date_gmt":"2020-06-29T18:25:13","guid":{"rendered":"https:\/\/wp.ufpel.edu.br\/gbem\/?page_id=1383"},"modified":"2020-06-29T15:25:13","modified_gmt":"2020-06-29T18:25:13","slug":"renato-rodrigues-silva","status":"publish","type":"page","link":"https:\/\/wp.ufpel.edu.br\/gbem\/renato-rodrigues-silva\/","title":{"rendered":"Renato Rodrigues Silva"},"content":{"rendered":"<p style=\"text-align: justify\"><strong>Professor no Instituto de Matem\u00e1tica e Estat\u00edstica da Universidade Federal de Goi\u00e1s desde 2015\u00a0 |\u00a0 <a href=\"http:\/\/lattes.cnpq.br\/3904673341617145\">Lattes<\/a><\/strong><\/p>\n<p style=\"text-align: justify\">Engenheiro Agr\u00f4nomo (ESALQ-USP), mestrado em Estat\u00edstica e Experimenta\u00e7\u00e3o Agron\u00f4mica (ESALQ-USP) e Doutorado em Gen\u00e9tica e Melhoramento de Plantas (ESALQ-USP), sou professor no Instituto de Matem\u00e1tica e Estat\u00edstica da Universidade Federal de Goi\u00e1s desde 2015.. No GBEM se interesse em an\u00e1lise de dados referentes a pesquisa com multimorbidade.<\/p>\n","protected":false},"excerpt":{"rendered":"<p>Professor no Instituto de Matem\u00e1tica e Estat\u00edstica da Universidade Federal de Goi\u00e1s desde 2015\u00a0 |\u00a0 Lattes Engenheiro Agr\u00f4nomo (ESALQ-USP), mestrado em Estat\u00edstica e Experimenta\u00e7\u00e3o Agron\u00f4mica (ESALQ-USP) e Doutorado em Gen\u00e9tica e Melhoramento de Plantas (ESALQ-USP), sou professor no Instituto de Matem\u00e1tica e Estat\u00edstica da Universidade Federal de Goi\u00e1s desde 2015.. No GBEM se interesse em&hellip;<\/p>\n","protected":false},"author":682,"featured_media":0,"parent":0,"menu_order":0,"comment_status":"closed","ping_status":"closed","template":"","meta":{"jetpack_post_was_ever_published":false,"footnotes":""},"class_list":["post-1383","page","type-page","status-publish","hentry"],"jetpack_sharing_enabled":true,"jetpack_shortlink":"https:\/\/wp.me\/P8Mo6O-mj","_links":{"self":[{"href":"https:\/\/wp.ufpel.edu.br\/gbem\/wp-json\/wp\/v2\/pages\/1383","targetHints":{"allow":["GET"]}}],"collection":[{"href":"https:\/\/wp.ufpel.edu.br\/gbem\/wp-json\/wp\/v2\/pages"}],"about":[{"href":"https:\/\/wp.ufpel.edu.br\/gbem\/wp-json\/wp\/v2\/types\/page"}],"author":[{"embeddable":true,"href":"https:\/\/wp.ufpel.edu.br\/gbem\/wp-json\/wp\/v2\/users\/682"}],"replies":[{"embeddable":true,"href":"https:\/\/wp.ufpel.edu.br\/gbem\/wp-json\/wp\/v2\/comments?post=1383"}],"version-history":[{"count":1,"href":"https:\/\/wp.ufpel.edu.br\/gbem\/wp-json\/wp\/v2\/pages\/1383\/revisions"}],"predecessor-version":[{"id":1385,"href":"https:\/\/wp.ufpel.edu.br\/gbem\/wp-json\/wp\/v2\/pages\/1383\/revisions\/1385"}],"wp:attachment":[{"href":"https:\/\/wp.ufpel.edu.br\/gbem\/wp-json\/wp\/v2\/media?parent=1383"}],"curies":[{"name":"wp","href":"https:\/\/api.w.org\/{rel}","templated":true}]}}