{"id":1374,"date":"2020-06-29T15:16:02","date_gmt":"2020-06-29T18:16:02","guid":{"rendered":"https:\/\/wp.ufpel.edu.br\/gbem\/?page_id=1374"},"modified":"2020-06-29T15:16:02","modified_gmt":"2020-06-29T18:16:02","slug":"jose-leopoldo-ferreira-antunes","status":"publish","type":"page","link":"https:\/\/wp.ufpel.edu.br\/gbem\/jose-leopoldo-ferreira-antunes\/","title":{"rendered":"Jose Leopoldo Ferreira Antunes"},"content":{"rendered":"<p style=\"text-align: justify\"><strong>Professor titular da Faculdade de Sa\u00fade P\u00fablica da Universidade de S\u00e3o Paulo\u00a0 |\u00a0 <a href=\"http:\/\/lattes.cnpq.br\/4938720890035457\">Lattes<\/a><\/strong><\/p>\n<p style=\"text-align: justify\">Professor titular da Faculdade de Sa\u00fade P\u00fablica da Universidade de S\u00e3o Paulo, Editor Cient\u00edfico da Revista de Sa\u00fade P\u00fablica e Editor Associado de Oral Diseases. \u00c9 pesquisador do CNPq desde 03\/2001. Sua \u00e1rea de interesse em pesquisa \u00e9 a vigil\u00e2ncia das desigualdades em sa\u00fade, com foco em suas formas de medida, na avalia\u00e7\u00e3o de sua magnitude e fatores associados. Em especial, tem se aplicado ao estudo do impacto de programas e interven\u00e7\u00f5es sobre as desigualdades socioecon\u00f4micas em sa\u00fade.<span class=\"texto\">\u00a0<\/span><\/p>\n<p style=\"text-align: justify\">No GBEM se interessa pelo tema de sa\u00fade bucal.<\/p>\n","protected":false},"excerpt":{"rendered":"<p>Professor titular da Faculdade de Sa\u00fade P\u00fablica da Universidade de S\u00e3o Paulo\u00a0 |\u00a0 Lattes Professor titular da Faculdade de Sa\u00fade P\u00fablica da Universidade de S\u00e3o Paulo, Editor Cient\u00edfico da Revista de Sa\u00fade P\u00fablica e Editor Associado de Oral Diseases. \u00c9 pesquisador do CNPq desde 03\/2001. Sua \u00e1rea de interesse em pesquisa \u00e9 a vigil\u00e2ncia das&hellip;<\/p>\n","protected":false},"author":682,"featured_media":0,"parent":0,"menu_order":0,"comment_status":"closed","ping_status":"closed","template":"","meta":{"jetpack_post_was_ever_published":false,"footnotes":""},"class_list":["post-1374","page","type-page","status-publish","hentry"],"jetpack_sharing_enabled":true,"jetpack_shortlink":"https:\/\/wp.me\/P8Mo6O-ma","_links":{"self":[{"href":"https:\/\/wp.ufpel.edu.br\/gbem\/wp-json\/wp\/v2\/pages\/1374","targetHints":{"allow":["GET"]}}],"collection":[{"href":"https:\/\/wp.ufpel.edu.br\/gbem\/wp-json\/wp\/v2\/pages"}],"about":[{"href":"https:\/\/wp.ufpel.edu.br\/gbem\/wp-json\/wp\/v2\/types\/page"}],"author":[{"embeddable":true,"href":"https:\/\/wp.ufpel.edu.br\/gbem\/wp-json\/wp\/v2\/users\/682"}],"replies":[{"embeddable":true,"href":"https:\/\/wp.ufpel.edu.br\/gbem\/wp-json\/wp\/v2\/comments?post=1374"}],"version-history":[{"count":1,"href":"https:\/\/wp.ufpel.edu.br\/gbem\/wp-json\/wp\/v2\/pages\/1374\/revisions"}],"predecessor-version":[{"id":1376,"href":"https:\/\/wp.ufpel.edu.br\/gbem\/wp-json\/wp\/v2\/pages\/1374\/revisions\/1376"}],"wp:attachment":[{"href":"https:\/\/wp.ufpel.edu.br\/gbem\/wp-json\/wp\/v2\/media?parent=1374"}],"curies":[{"name":"wp","href":"https:\/\/api.w.org\/{rel}","templated":true}]}}