{"id":1371,"date":"2020-06-29T15:13:36","date_gmt":"2020-06-29T18:13:36","guid":{"rendered":"https:\/\/wp.ufpel.edu.br\/gbem\/?page_id=1371"},"modified":"2020-06-29T15:13:36","modified_gmt":"2020-06-29T18:13:36","slug":"indira-faheina-loureiro","status":"publish","type":"page","link":"https:\/\/wp.ufpel.edu.br\/gbem\/indira-faheina-loureiro\/","title":{"rendered":"Indira Faheina Loureiro"},"content":{"rendered":"<p><strong>Mestranda na Universidade Federal de Pelotas\u00a0 |\u00a0 <a href=\"http:\/\/lattes.cnpq.br\/2888945998517144\">Lattes<\/a><\/strong><\/p>\n<p style=\"text-align: justify\">Enfermeira formada na Universidade Federal do Cear\u00e1, trabalha no Hospital Escola da Universidade Federal de Pelotas (HEUFPel), cursando Mestrado na Universidade Federal de Pelotas (2020).<\/p>\n<p>No GBEM se interessa em atuar nos Servi\u00e7os de Sa\u00fade, acesso da popula\u00e7\u00e3o e intelig\u00eancia artificial<\/p>\n","protected":false},"excerpt":{"rendered":"<p>Mestranda na Universidade Federal de Pelotas\u00a0 |\u00a0 Lattes Enfermeira formada na Universidade Federal do Cear\u00e1, trabalha no Hospital Escola da Universidade Federal de Pelotas (HEUFPel), cursando Mestrado na Universidade Federal de Pelotas (2020). No GBEM se interessa em atuar nos Servi\u00e7os de Sa\u00fade, acesso da popula\u00e7\u00e3o e intelig\u00eancia artificial<\/p>\n","protected":false},"author":682,"featured_media":0,"parent":0,"menu_order":0,"comment_status":"closed","ping_status":"closed","template":"","meta":{"jetpack_post_was_ever_published":false,"footnotes":""},"class_list":["post-1371","page","type-page","status-publish","hentry"],"jetpack_sharing_enabled":true,"jetpack_shortlink":"https:\/\/wp.me\/P8Mo6O-m7","_links":{"self":[{"href":"https:\/\/wp.ufpel.edu.br\/gbem\/wp-json\/wp\/v2\/pages\/1371","targetHints":{"allow":["GET"]}}],"collection":[{"href":"https:\/\/wp.ufpel.edu.br\/gbem\/wp-json\/wp\/v2\/pages"}],"about":[{"href":"https:\/\/wp.ufpel.edu.br\/gbem\/wp-json\/wp\/v2\/types\/page"}],"author":[{"embeddable":true,"href":"https:\/\/wp.ufpel.edu.br\/gbem\/wp-json\/wp\/v2\/users\/682"}],"replies":[{"embeddable":true,"href":"https:\/\/wp.ufpel.edu.br\/gbem\/wp-json\/wp\/v2\/comments?post=1371"}],"version-history":[{"count":1,"href":"https:\/\/wp.ufpel.edu.br\/gbem\/wp-json\/wp\/v2\/pages\/1371\/revisions"}],"predecessor-version":[{"id":1373,"href":"https:\/\/wp.ufpel.edu.br\/gbem\/wp-json\/wp\/v2\/pages\/1371\/revisions\/1373"}],"wp:attachment":[{"href":"https:\/\/wp.ufpel.edu.br\/gbem\/wp-json\/wp\/v2\/media?parent=1371"}],"curies":[{"name":"wp","href":"https:\/\/api.w.org\/{rel}","templated":true}]}}