{"id":1368,"date":"2020-06-29T15:11:00","date_gmt":"2020-06-29T18:11:00","guid":{"rendered":"https:\/\/wp.ufpel.edu.br\/gbem\/?page_id=1368"},"modified":"2020-06-29T18:43:42","modified_gmt":"2020-06-29T21:43:42","slug":"daniela-oliveira-de-melo","status":"publish","type":"page","link":"https:\/\/wp.ufpel.edu.br\/gbem\/daniela-oliveira-de-melo\/","title":{"rendered":"Daniela Oliveira de Melo"},"content":{"rendered":"<p><strong><img loading=\"lazy\" decoding=\"async\" class=\"wp-image-1411 alignleft\" src=\"https:\/\/wp.ufpel.edu.br\/gbem\/files\/2020\/06\/Perfil-lattes-Daniela-Melo.jpg\" alt=\"\" width=\"292\" height=\"194\" srcset=\"https:\/\/wp.ufpel.edu.br\/gbem\/files\/2020\/06\/Perfil-lattes-Daniela-Melo.jpg 467w, https:\/\/wp.ufpel.edu.br\/gbem\/files\/2020\/06\/Perfil-lattes-Daniela-Melo-424x281.jpg 424w, https:\/\/wp.ufpel.edu.br\/gbem\/files\/2020\/06\/Perfil-lattes-Daniela-Melo-212x141.jpg 212w\" sizes=\"auto, (max-width: 292px) 100vw, 292px\" \/>Professora Adjunta no ICAQF &#8211; UNIFESP\u00a0 |\u00a0 <a href=\"http:\/\/lattes.cnpq.br\/5052823551616937\">Lattes<\/a><\/strong><\/p>\n<p style=\"text-align: justify\">Professora Adjunta no ICAQF &#8211; UNIFESP, Coordenadora do N\u00facleo de Avalia\u00e7\u00e3o de Tecnologias em Sa\u00fade \u2013 NATS -Unifesp D.<br \/>\nP\u00f3s-Doutora pela USP em Sa\u00fade P\u00fablica, phD pela USP em Farm\u00e1cia Cl\u00ednica; Especialista em Gest\u00e3o da Assist\u00eancia Farmac\u00eautica pelo UNASUS\/UFSC; Especialista em Avalia\u00e7\u00e3o de Tecnologias em Sa\u00fade pelo IATS\/UFRGS.<\/p>\n","protected":false},"excerpt":{"rendered":"<p>Professora Adjunta no ICAQF &#8211; UNIFESP\u00a0 |\u00a0 Lattes Professora Adjunta no ICAQF &#8211; UNIFESP, Coordenadora do N\u00facleo de Avalia\u00e7\u00e3o de Tecnologias em Sa\u00fade \u2013 NATS -Unifesp D. P\u00f3s-Doutora pela USP em Sa\u00fade P\u00fablica, phD pela USP em Farm\u00e1cia Cl\u00ednica; Especialista em Gest\u00e3o da Assist\u00eancia Farmac\u00eautica pelo UNASUS\/UFSC; Especialista em Avalia\u00e7\u00e3o de Tecnologias em Sa\u00fade pelo&hellip;<\/p>\n","protected":false},"author":682,"featured_media":0,"parent":0,"menu_order":0,"comment_status":"closed","ping_status":"closed","template":"","meta":{"jetpack_post_was_ever_published":false,"footnotes":""},"class_list":["post-1368","page","type-page","status-publish","hentry"],"jetpack_sharing_enabled":true,"jetpack_shortlink":"https:\/\/wp.me\/P8Mo6O-m4","_links":{"self":[{"href":"https:\/\/wp.ufpel.edu.br\/gbem\/wp-json\/wp\/v2\/pages\/1368","targetHints":{"allow":["GET"]}}],"collection":[{"href":"https:\/\/wp.ufpel.edu.br\/gbem\/wp-json\/wp\/v2\/pages"}],"about":[{"href":"https:\/\/wp.ufpel.edu.br\/gbem\/wp-json\/wp\/v2\/types\/page"}],"author":[{"embeddable":true,"href":"https:\/\/wp.ufpel.edu.br\/gbem\/wp-json\/wp\/v2\/users\/682"}],"replies":[{"embeddable":true,"href":"https:\/\/wp.ufpel.edu.br\/gbem\/wp-json\/wp\/v2\/comments?post=1368"}],"version-history":[{"count":2,"href":"https:\/\/wp.ufpel.edu.br\/gbem\/wp-json\/wp\/v2\/pages\/1368\/revisions"}],"predecessor-version":[{"id":1412,"href":"https:\/\/wp.ufpel.edu.br\/gbem\/wp-json\/wp\/v2\/pages\/1368\/revisions\/1412"}],"wp:attachment":[{"href":"https:\/\/wp.ufpel.edu.br\/gbem\/wp-json\/wp\/v2\/media?parent=1368"}],"curies":[{"name":"wp","href":"https:\/\/api.w.org\/{rel}","templated":true}]}}