{"id":1365,"date":"2020-06-29T15:06:54","date_gmt":"2020-06-29T18:06:54","guid":{"rendered":"https:\/\/wp.ufpel.edu.br\/gbem\/?page_id=1365"},"modified":"2020-06-29T15:06:54","modified_gmt":"2020-06-29T18:06:54","slug":"alexandre-moreira-de-melo-silva","status":"publish","type":"page","link":"https:\/\/wp.ufpel.edu.br\/gbem\/alexandre-moreira-de-melo-silva\/","title":{"rendered":"Alexandre Moreira de Melo Silva"},"content":{"rendered":"<p style=\"text-align: justify\"><strong>M\u00e9dico e doutorando pelo Programa de P\u00f3s-gradua\u00e7\u00e3o em Sa\u00fade Coletiva do Instituto Ren\u00e9 Rachou\/ Fiocruz Minas\u00a0 |\u00a0 <a href=\"http:\/\/lattes.cnpq.br\/1396095214565897\">Lattes<\/a><\/strong><\/p>\n<p style=\"text-align: justify\">M\u00e9dico pela Universidade Federal de Minas Gerais (UFMG), especialista em Medicina de fam\u00edlia e comunidade pelo HC\/UFMG e SBMFC e em Geriatria pelo NUGG\/UFMG e SBGG. Atualmente \u00e9 doutorando pelo Programa de P\u00f3s-gradua\u00e7\u00e3o em Sa\u00fade Coletiva do Instituto Ren\u00e9 Rachou\/ Fiocruz Minas, na \u00e1rea de epidemiologia do envelhecimento.<\/p>\n","protected":false},"excerpt":{"rendered":"<p>M\u00e9dico e doutorando pelo Programa de P\u00f3s-gradua\u00e7\u00e3o em Sa\u00fade Coletiva do Instituto Ren\u00e9 Rachou\/ Fiocruz Minas\u00a0 |\u00a0 Lattes M\u00e9dico pela Universidade Federal de Minas Gerais (UFMG), especialista em Medicina de fam\u00edlia e comunidade pelo HC\/UFMG e SBMFC e em Geriatria pelo NUGG\/UFMG e SBGG. Atualmente \u00e9 doutorando pelo Programa de P\u00f3s-gradua\u00e7\u00e3o em Sa\u00fade Coletiva do&hellip;<\/p>\n","protected":false},"author":682,"featured_media":0,"parent":0,"menu_order":0,"comment_status":"closed","ping_status":"closed","template":"","meta":{"jetpack_post_was_ever_published":false,"footnotes":""},"class_list":["post-1365","page","type-page","status-publish","hentry"],"jetpack_sharing_enabled":true,"jetpack_shortlink":"https:\/\/wp.me\/P8Mo6O-m1","_links":{"self":[{"href":"https:\/\/wp.ufpel.edu.br\/gbem\/wp-json\/wp\/v2\/pages\/1365","targetHints":{"allow":["GET"]}}],"collection":[{"href":"https:\/\/wp.ufpel.edu.br\/gbem\/wp-json\/wp\/v2\/pages"}],"about":[{"href":"https:\/\/wp.ufpel.edu.br\/gbem\/wp-json\/wp\/v2\/types\/page"}],"author":[{"embeddable":true,"href":"https:\/\/wp.ufpel.edu.br\/gbem\/wp-json\/wp\/v2\/users\/682"}],"replies":[{"embeddable":true,"href":"https:\/\/wp.ufpel.edu.br\/gbem\/wp-json\/wp\/v2\/comments?post=1365"}],"version-history":[{"count":1,"href":"https:\/\/wp.ufpel.edu.br\/gbem\/wp-json\/wp\/v2\/pages\/1365\/revisions"}],"predecessor-version":[{"id":1367,"href":"https:\/\/wp.ufpel.edu.br\/gbem\/wp-json\/wp\/v2\/pages\/1365\/revisions\/1367"}],"wp:attachment":[{"href":"https:\/\/wp.ufpel.edu.br\/gbem\/wp-json\/wp\/v2\/media?parent=1365"}],"curies":[{"name":"wp","href":"https:\/\/api.w.org\/{rel}","templated":true}]}}