{"id":1359,"date":"2020-06-29T15:04:07","date_gmt":"2020-06-29T18:04:07","guid":{"rendered":"https:\/\/wp.ufpel.edu.br\/gbem\/?page_id=1359"},"modified":"2020-06-29T15:05:26","modified_gmt":"2020-06-29T18:05:26","slug":"1359-2","status":"publish","type":"page","link":"https:\/\/wp.ufpel.edu.br\/gbem\/1359-2\/","title":{"rendered":"Airton Tetelbom Stein"},"content":{"rendered":"<p style=\"text-align: justify\"><strong>M\u00e9dico de fam\u00edlia e comunidade e epidemiologista | <a href=\"http:\/\/lattes.cnpq.br\/2762761928704612\">Lattes<\/a><\/strong><\/p>\n<p style=\"text-align: justify\">\u00c9 bolsista de produtividade do CNPq. Possui gradua\u00e7\u00e3o em Medicina pela Pontif\u00edcia Universidade Cat\u00f3lica do Rio Grande do Sul (1981), resid\u00eancia em medicina de fam\u00edlia e comunidade pela SES do Rio Grande do Sul, mestrado em Medicina: Ci\u00eancias M\u00e9dicas pela Universidade Federal do Rio Grande do Sul (1989), mestrado em Community Health For Developing Countries &#8211; London School Of Hygiene and Tropical Medicine (1990) e doutorado em Medicina: Ci\u00eancias M\u00e9dicas pela Universidade Federal do Rio Grande do Sul (1998). Exerceu a atividade de Pr\u00f3-reitor de Pesquisa e P\u00f3s-gradua\u00e7\u00e3o da Ufcspa no per\u00edodo de Abril 2017 a Abril 2019, Atualmente \u00e9 Assessor de Internacionaliza\u00e7\u00e3o e Professor Titular de Sa\u00fade Coletiva da Universidade Federal de Ci\u00eancias da Sa\u00fade de Porto Alegre. Tem experi\u00eancia na \u00e1rea de Sa\u00fade Coletiva, com \u00eanfase em Epidemiologia, atuando principalmente nos seguintes temas: epidemiologia de doen\u00e7as cr\u00f4nicas, aten\u00e7\u00e3o prim\u00e1ria \u00e0 sa\u00fade, avalia\u00e7\u00e3o de servi\u00e7o de sa\u00fade, medicina baseada em evid\u00eancias e implementa\u00e7\u00e3o de diretrizes cl\u00ednicas. Realizou p\u00f3s-doutorado no Grupo da Cochrane na Universidade de Oxford e na Universidade de Oslo, no per\u00edodo de Fevereiro a Julho de 2016, com bolsa do CNPq.<\/p>\n","protected":false},"excerpt":{"rendered":"<p>M\u00e9dico de fam\u00edlia e comunidade e epidemiologista | Lattes \u00c9 bolsista de produtividade do CNPq. Possui gradua\u00e7\u00e3o em Medicina pela Pontif\u00edcia Universidade Cat\u00f3lica do Rio Grande do Sul (1981), resid\u00eancia em medicina de fam\u00edlia e comunidade pela SES do Rio Grande do Sul, mestrado em Medicina: Ci\u00eancias M\u00e9dicas pela Universidade Federal do Rio Grande do&hellip;<\/p>\n","protected":false},"author":682,"featured_media":0,"parent":0,"menu_order":0,"comment_status":"closed","ping_status":"closed","template":"","meta":{"jetpack_post_was_ever_published":false,"footnotes":""},"class_list":["post-1359","page","type-page","status-publish","hentry"],"jetpack_sharing_enabled":true,"jetpack_shortlink":"https:\/\/wp.me\/P8Mo6O-lV","_links":{"self":[{"href":"https:\/\/wp.ufpel.edu.br\/gbem\/wp-json\/wp\/v2\/pages\/1359","targetHints":{"allow":["GET"]}}],"collection":[{"href":"https:\/\/wp.ufpel.edu.br\/gbem\/wp-json\/wp\/v2\/pages"}],"about":[{"href":"https:\/\/wp.ufpel.edu.br\/gbem\/wp-json\/wp\/v2\/types\/page"}],"author":[{"embeddable":true,"href":"https:\/\/wp.ufpel.edu.br\/gbem\/wp-json\/wp\/v2\/users\/682"}],"replies":[{"embeddable":true,"href":"https:\/\/wp.ufpel.edu.br\/gbem\/wp-json\/wp\/v2\/comments?post=1359"}],"version-history":[{"count":2,"href":"https:\/\/wp.ufpel.edu.br\/gbem\/wp-json\/wp\/v2\/pages\/1359\/revisions"}],"predecessor-version":[{"id":1364,"href":"https:\/\/wp.ufpel.edu.br\/gbem\/wp-json\/wp\/v2\/pages\/1359\/revisions\/1364"}],"wp:attachment":[{"href":"https:\/\/wp.ufpel.edu.br\/gbem\/wp-json\/wp\/v2\/media?parent=1359"}],"curies":[{"name":"wp","href":"https:\/\/api.w.org\/{rel}","templated":true}]}}