{"id":1336,"date":"2020-06-28T22:02:27","date_gmt":"2020-06-29T01:02:27","guid":{"rendered":"https:\/\/wp.ufpel.edu.br\/gbem\/?page_id=1336"},"modified":"2020-06-29T18:33:17","modified_gmt":"2020-06-29T21:33:17","slug":"ana-sara-semeao-de-souza","status":"publish","type":"page","link":"https:\/\/wp.ufpel.edu.br\/gbem\/ana-sara-semeao-de-souza\/","title":{"rendered":"Ana Sara Seme\u00e3o de Souza"},"content":{"rendered":"<p><strong><img loading=\"lazy\" decoding=\"async\" class=\" wp-image-1395 alignleft\" src=\"https:\/\/wp.ufpel.edu.br\/gbem\/files\/2020\/06\/Ana-Sara-Seme\u00e3o.jpg\" alt=\"\" width=\"244\" height=\"305\" srcset=\"https:\/\/wp.ufpel.edu.br\/gbem\/files\/2020\/06\/Ana-Sara-Seme\u00e3o.jpg 720w, https:\/\/wp.ufpel.edu.br\/gbem\/files\/2020\/06\/Ana-Sara-Seme\u00e3o-254x318.jpg 254w, https:\/\/wp.ufpel.edu.br\/gbem\/files\/2020\/06\/Ana-Sara-Seme\u00e3o-127x159.jpg 127w\" sizes=\"auto, (max-width: 244px) 100vw, 244px\" \/>Doutoranda em Sa\u00fade Coletiva pelo IMS-UERJ |\u00a0<a href=\"http:\/\/lattes.cnpq.br\/0252612233255679\">Lattes<\/a><\/strong><\/p>\n<p>&nbsp;<\/p>\n<p style=\"text-align: justify\">Graduada em enfermagem pela Universidade Federal do Esp\u00edrito Santo (2014), p\u00f3s-graduada em Sa\u00fade da Fam\u00edlia pela Universidade de Bras\u00edlia UNA-SUS (2015), mestre em Sa\u00fade Coletiva pelo Instituto de Medicina Social (IMS) da Universidade do Estado do Rio de Janeiro (UERJ) (2017) e doutoranda em Sa\u00fade Coletiva pelo IMS-UERJ (2017-2021). No GBEM pretendo contribuir na \u00e1rea de epidemiologia da multimorbidade no Brasil, com \u00eanfase nas desigualdades sociais e acesso aos servi\u00e7os de sa\u00fade.<\/p>\n","protected":false},"excerpt":{"rendered":"<p>Doutoranda em Sa\u00fade Coletiva pelo IMS-UERJ |\u00a0Lattes &nbsp; Graduada em enfermagem pela Universidade Federal do Esp\u00edrito Santo (2014), p\u00f3s-graduada em Sa\u00fade da Fam\u00edlia pela Universidade de Bras\u00edlia UNA-SUS (2015), mestre em Sa\u00fade Coletiva pelo Instituto de Medicina Social (IMS) da Universidade do Estado do Rio de Janeiro (UERJ) (2017) e doutoranda em Sa\u00fade Coletiva pelo&hellip;<\/p>\n","protected":false},"author":682,"featured_media":0,"parent":0,"menu_order":0,"comment_status":"closed","ping_status":"closed","template":"","meta":{"jetpack_post_was_ever_published":false,"footnotes":""},"class_list":["post-1336","page","type-page","status-publish","hentry"],"jetpack_sharing_enabled":true,"jetpack_shortlink":"https:\/\/wp.me\/P8Mo6O-ly","_links":{"self":[{"href":"https:\/\/wp.ufpel.edu.br\/gbem\/wp-json\/wp\/v2\/pages\/1336","targetHints":{"allow":["GET"]}}],"collection":[{"href":"https:\/\/wp.ufpel.edu.br\/gbem\/wp-json\/wp\/v2\/pages"}],"about":[{"href":"https:\/\/wp.ufpel.edu.br\/gbem\/wp-json\/wp\/v2\/types\/page"}],"author":[{"embeddable":true,"href":"https:\/\/wp.ufpel.edu.br\/gbem\/wp-json\/wp\/v2\/users\/682"}],"replies":[{"embeddable":true,"href":"https:\/\/wp.ufpel.edu.br\/gbem\/wp-json\/wp\/v2\/comments?post=1336"}],"version-history":[{"count":2,"href":"https:\/\/wp.ufpel.edu.br\/gbem\/wp-json\/wp\/v2\/pages\/1336\/revisions"}],"predecessor-version":[{"id":1396,"href":"https:\/\/wp.ufpel.edu.br\/gbem\/wp-json\/wp\/v2\/pages\/1336\/revisions\/1396"}],"wp:attachment":[{"href":"https:\/\/wp.ufpel.edu.br\/gbem\/wp-json\/wp\/v2\/media?parent=1336"}],"curies":[{"name":"wp","href":"https:\/\/api.w.org\/{rel}","templated":true}]}}