{"id":133,"date":"2017-08-10T11:23:31","date_gmt":"2017-08-10T14:23:31","guid":{"rendered":"https:\/\/wp.ufpel.edu.br\/gbem\/?page_id=133"},"modified":"2020-06-29T18:52:54","modified_gmt":"2020-06-29T21:52:54","slug":"ana-paula-dos-santos-rodrigues","status":"publish","type":"page","link":"https:\/\/wp.ufpel.edu.br\/gbem\/integrantes-do-grupo\/pesquisadores\/ana-paula-dos-santos-rodrigues\/","title":{"rendered":"Ana Paula dos Santos Rodrigues"},"content":{"rendered":"<p><img loading=\"lazy\" decoding=\"async\" class=\"size-medium wp-image-135 alignleft\" src=\"https:\/\/wp.ufpel.edu.br\/gbem\/files\/2017\/08\/20170717_091240-222x318.jpg\" alt=\"\" width=\"222\" height=\"318\" srcset=\"https:\/\/wp.ufpel.edu.br\/gbem\/files\/2017\/08\/20170717_091240-222x318.jpg 222w, https:\/\/wp.ufpel.edu.br\/gbem\/files\/2017\/08\/20170717_091240-111x159.jpg 111w, https:\/\/wp.ufpel.edu.br\/gbem\/files\/2017\/08\/20170717_091240-768x1102.jpg 768w, https:\/\/wp.ufpel.edu.br\/gbem\/files\/2017\/08\/20170717_091240.jpg 1450w\" sizes=\"auto, (max-width: 222px) 100vw, 222px\" \/><\/p>\n<p style=\"text-align: justify\"><strong>Doutora pela UFG<\/strong> |\u00a0<a style=\"font-family: 'Helvetica Neue', Helvetica, Arial, sans-serif;font-size: 13px;font-style: normal;font-weight: 300;color: #3a3a3a\" href=\"http:\/\/lattes.cnpq.br\/0391919144390610\">Lattes<\/a><\/p>\n<p>&nbsp;<\/p>\n<p style=\"text-align: justify\">Nutricionista, doutora em Ci\u00eancias da Sa\u00fade pela Universidade Federal de Goi\u00e1s. Tem experi\u00eancia com estudo da obesidade e outras doen\u00e7as cr\u00f4nicas em ensaios cl\u00ednicos, principalmente com interven\u00e7\u00f5es diet\u00e9ticas, e tamb\u00e9m estudos epidemiol\u00f3gicos. No GBEM, tem interesse em aprender e contribuir com o estudo das multimorbidades, produzindo artigos de alto impacto que possam elucidar lacunas do conhecimento cient\u00edfico.<\/p>\n<p>&nbsp;<\/p>\n<p style=\"text-align: justify\"><strong>#estudo da obesidade \u00a0 #ensaios cl\u00ednicos<\/strong><\/p>\n","protected":false},"excerpt":{"rendered":"<p>Doutora pela UFG |\u00a0Lattes &nbsp; Nutricionista, doutora em Ci\u00eancias da Sa\u00fade pela Universidade Federal de Goi\u00e1s. Tem experi\u00eancia com estudo da obesidade e outras doen\u00e7as cr\u00f4nicas em ensaios cl\u00ednicos, principalmente com interven\u00e7\u00f5es diet\u00e9ticas, e tamb\u00e9m estudos epidemiol\u00f3gicos. No GBEM, tem interesse em aprender e contribuir com o estudo das multimorbidades, produzindo artigos de alto impacto&hellip;<\/p>\n","protected":false},"author":682,"featured_media":0,"parent":538,"menu_order":0,"comment_status":"closed","ping_status":"closed","template":"","meta":{"jetpack_post_was_ever_published":false,"footnotes":""},"class_list":["post-133","page","type-page","status-publish","hentry"],"jetpack_sharing_enabled":true,"jetpack_shortlink":"https:\/\/wp.me\/P8Mo6O-29","_links":{"self":[{"href":"https:\/\/wp.ufpel.edu.br\/gbem\/wp-json\/wp\/v2\/pages\/133","targetHints":{"allow":["GET"]}}],"collection":[{"href":"https:\/\/wp.ufpel.edu.br\/gbem\/wp-json\/wp\/v2\/pages"}],"about":[{"href":"https:\/\/wp.ufpel.edu.br\/gbem\/wp-json\/wp\/v2\/types\/page"}],"author":[{"embeddable":true,"href":"https:\/\/wp.ufpel.edu.br\/gbem\/wp-json\/wp\/v2\/users\/682"}],"replies":[{"embeddable":true,"href":"https:\/\/wp.ufpel.edu.br\/gbem\/wp-json\/wp\/v2\/comments?post=133"}],"version-history":[{"count":8,"href":"https:\/\/wp.ufpel.edu.br\/gbem\/wp-json\/wp\/v2\/pages\/133\/revisions"}],"predecessor-version":[{"id":1415,"href":"https:\/\/wp.ufpel.edu.br\/gbem\/wp-json\/wp\/v2\/pages\/133\/revisions\/1415"}],"up":[{"embeddable":true,"href":"https:\/\/wp.ufpel.edu.br\/gbem\/wp-json\/wp\/v2\/pages\/538"}],"wp:attachment":[{"href":"https:\/\/wp.ufpel.edu.br\/gbem\/wp-json\/wp\/v2\/media?parent=133"}],"curies":[{"name":"wp","href":"https:\/\/api.w.org\/{rel}","templated":true}]}}