{"id":1312,"date":"2020-06-28T21:38:41","date_gmt":"2020-06-29T00:38:41","guid":{"rendered":"https:\/\/wp.ufpel.edu.br\/gbem\/?page_id=1312"},"modified":"2020-06-28T21:41:02","modified_gmt":"2020-06-29T00:41:02","slug":"lilian-munhoz-figueiredo","status":"publish","type":"page","link":"https:\/\/wp.ufpel.edu.br\/gbem\/lilian-munhoz-figueiredo\/","title":{"rendered":"L\u00edlian Munhoz Figueiredo"},"content":{"rendered":"<p style=\"text-align: justify\"><strong>Acad\u00eamica de Enfermagem | <a href=\"http:\/\/lattes.cnpq.br\/027340987083522\">Lattes<\/a><\/strong><\/p>\n<p style=\"text-align: justify\">Acad\u00eamica do quinto semestre da Faculdade de Enfermagem da Universidade Federal de Pelotas (Fen-UFPEL). Membro do Projeto de Extens\u00e3o Pr\u00e1ticas Integrativas na Rede de Aten\u00e7\u00e3o em Sa\u00fade (Fen- UFPEL), da Liga Acad\u00eamica em Atendimento Pr\u00e9 Hospitalar (Fen-UFPEL) e do grupo de pesquisas do Laborat\u00f3rio Multidisciplinar de Pesquisas em Pr\u00e1ticas Integrativas e Complementares em Sa\u00fade (LAPICS) da Universidade Federal de Santa Maria (UFSM).<\/p>\n<p style=\"text-align: justify\">No GBEM, se interessa em ampliar o conhecimento em morbidades isoladas, comorbidades e multimorbidade em idosos atrav\u00e9s da pesquisa.<\/p>\n","protected":false},"excerpt":{"rendered":"<p>Acad\u00eamica de Enfermagem | Lattes Acad\u00eamica do quinto semestre da Faculdade de Enfermagem da Universidade Federal de Pelotas (Fen-UFPEL). Membro do Projeto de Extens\u00e3o Pr\u00e1ticas Integrativas na Rede de Aten\u00e7\u00e3o em Sa\u00fade (Fen- UFPEL), da Liga Acad\u00eamica em Atendimento Pr\u00e9 Hospitalar (Fen-UFPEL) e do grupo de pesquisas do Laborat\u00f3rio Multidisciplinar de Pesquisas em Pr\u00e1ticas Integrativas&hellip;<\/p>\n","protected":false},"author":682,"featured_media":0,"parent":0,"menu_order":0,"comment_status":"closed","ping_status":"closed","template":"","meta":{"jetpack_post_was_ever_published":false,"footnotes":""},"class_list":["post-1312","page","type-page","status-publish","hentry"],"jetpack_sharing_enabled":true,"jetpack_shortlink":"https:\/\/wp.me\/P8Mo6O-la","_links":{"self":[{"href":"https:\/\/wp.ufpel.edu.br\/gbem\/wp-json\/wp\/v2\/pages\/1312","targetHints":{"allow":["GET"]}}],"collection":[{"href":"https:\/\/wp.ufpel.edu.br\/gbem\/wp-json\/wp\/v2\/pages"}],"about":[{"href":"https:\/\/wp.ufpel.edu.br\/gbem\/wp-json\/wp\/v2\/types\/page"}],"author":[{"embeddable":true,"href":"https:\/\/wp.ufpel.edu.br\/gbem\/wp-json\/wp\/v2\/users\/682"}],"replies":[{"embeddable":true,"href":"https:\/\/wp.ufpel.edu.br\/gbem\/wp-json\/wp\/v2\/comments?post=1312"}],"version-history":[{"count":4,"href":"https:\/\/wp.ufpel.edu.br\/gbem\/wp-json\/wp\/v2\/pages\/1312\/revisions"}],"predecessor-version":[{"id":1319,"href":"https:\/\/wp.ufpel.edu.br\/gbem\/wp-json\/wp\/v2\/pages\/1312\/revisions\/1319"}],"wp:attachment":[{"href":"https:\/\/wp.ufpel.edu.br\/gbem\/wp-json\/wp\/v2\/media?parent=1312"}],"curies":[{"name":"wp","href":"https:\/\/api.w.org\/{rel}","templated":true}]}}