{"id":1307,"date":"2020-06-28T21:35:12","date_gmt":"2020-06-29T00:35:12","guid":{"rendered":"https:\/\/wp.ufpel.edu.br\/gbem\/?page_id=1307"},"modified":"2020-06-29T18:39:20","modified_gmt":"2020-06-29T21:39:20","slug":"luciane-bresciani-salaroli","status":"publish","type":"page","link":"https:\/\/wp.ufpel.edu.br\/gbem\/luciane-bresciani-salaroli\/","title":{"rendered":"Luciane Bresciani Salaroli"},"content":{"rendered":"<p style=\"text-align: justify\"><strong><img loading=\"lazy\" decoding=\"async\" class=\"wp-image-1403 alignright\" src=\"https:\/\/wp.ufpel.edu.br\/gbem\/files\/2020\/06\/IMG_1220-Luciane-Bresciani-Salaroli.jpg\" alt=\"\" width=\"223\" height=\"223\" srcset=\"https:\/\/wp.ufpel.edu.br\/gbem\/files\/2020\/06\/IMG_1220-Luciane-Bresciani-Salaroli.jpg 640w, https:\/\/wp.ufpel.edu.br\/gbem\/files\/2020\/06\/IMG_1220-Luciane-Bresciani-Salaroli-318x318.jpg 318w, https:\/\/wp.ufpel.edu.br\/gbem\/files\/2020\/06\/IMG_1220-Luciane-Bresciani-Salaroli-159x159.jpg 159w, https:\/\/wp.ufpel.edu.br\/gbem\/files\/2020\/06\/IMG_1220-Luciane-Bresciani-Salaroli-50x50.jpg 50w\" sizes=\"auto, (max-width: 223px) 100vw, 223px\" \/>Docente Permanente do Programa de P\u00f3s-gradua\u00e7\u00e3o Sa\u00fade Coletiva | <a href=\"http:\/\/lattes.cnpq.br\/3503255904138561\">Lattes<\/a><\/strong><\/p>\n<p style=\"text-align: justify\">Nutricionista pela Universidade Federal de Ouro Preto, Doutora em Ci\u00eancias Fisiol\u00f3gicas (PPGCF-UFES) e Mestre em Sa\u00fade Coletiva (PPGSC-UFES). Atualmente \u00e9 Professora Associada da Universidade Federal do Esp\u00edrito Santo, Docente permanente do Programa de P\u00f3s-gradua\u00e7\u00e3o Sa\u00fade Coletiva- PPGSC e Coordenadora e Docente Permanente do Programa de P\u00f3s-gradua\u00e7\u00e3o em Nutri\u00e7\u00e3o e Sa\u00fade &#8211; PPGNS. Desde 2010 coordena o Grupo de Pesquisa\/CNPq em Epidemiologia, Sa\u00fade e Nutri\u00e7\u00e3o (GEMNUT) da Universidade Federal do Esp\u00edrito Santo, no qual desenvolve pesquisa nos diferentes ciclos da vida com \u00eanfase em Epidemiologia de Doen\u00e7as que configuram problemas de Sa\u00fade P\u00fablica, Sa\u00fade do Trabalhador, Multimorbidade, Consumo e Padr\u00f5es alimentares de popula\u00e7\u00f5es, atuando principalmente em estudos descritivos e pesquisas sobre fatores de risco e fatores progn\u00f3sticos. Avaliadora pertencente ao Banco de Avaliadores do SINAES (BASis)\/INEP.<\/p>\n","protected":false},"excerpt":{"rendered":"<p>Docente Permanente do Programa de P\u00f3s-gradua\u00e7\u00e3o Sa\u00fade Coletiva | Lattes Nutricionista pela Universidade Federal de Ouro Preto, Doutora em Ci\u00eancias Fisiol\u00f3gicas (PPGCF-UFES) e Mestre em Sa\u00fade Coletiva (PPGSC-UFES). Atualmente \u00e9 Professora Associada da Universidade Federal do Esp\u00edrito Santo, Docente permanente do Programa de P\u00f3s-gradua\u00e7\u00e3o Sa\u00fade Coletiva- PPGSC e Coordenadora e Docente Permanente do Programa de&hellip;<\/p>\n","protected":false},"author":682,"featured_media":0,"parent":0,"menu_order":0,"comment_status":"closed","ping_status":"closed","template":"","meta":{"jetpack_post_was_ever_published":false,"footnotes":""},"class_list":["post-1307","page","type-page","status-publish","hentry"],"jetpack_sharing_enabled":true,"jetpack_shortlink":"https:\/\/wp.me\/P8Mo6O-l5","_links":{"self":[{"href":"https:\/\/wp.ufpel.edu.br\/gbem\/wp-json\/wp\/v2\/pages\/1307","targetHints":{"allow":["GET"]}}],"collection":[{"href":"https:\/\/wp.ufpel.edu.br\/gbem\/wp-json\/wp\/v2\/pages"}],"about":[{"href":"https:\/\/wp.ufpel.edu.br\/gbem\/wp-json\/wp\/v2\/types\/page"}],"author":[{"embeddable":true,"href":"https:\/\/wp.ufpel.edu.br\/gbem\/wp-json\/wp\/v2\/users\/682"}],"replies":[{"embeddable":true,"href":"https:\/\/wp.ufpel.edu.br\/gbem\/wp-json\/wp\/v2\/comments?post=1307"}],"version-history":[{"count":2,"href":"https:\/\/wp.ufpel.edu.br\/gbem\/wp-json\/wp\/v2\/pages\/1307\/revisions"}],"predecessor-version":[{"id":1404,"href":"https:\/\/wp.ufpel.edu.br\/gbem\/wp-json\/wp\/v2\/pages\/1307\/revisions\/1404"}],"wp:attachment":[{"href":"https:\/\/wp.ufpel.edu.br\/gbem\/wp-json\/wp\/v2\/media?parent=1307"}],"curies":[{"name":"wp","href":"https:\/\/api.w.org\/{rel}","templated":true}]}}