{"id":1293,"date":"2020-06-28T21:20:41","date_gmt":"2020-06-29T00:20:41","guid":{"rendered":"https:\/\/wp.ufpel.edu.br\/gbem\/?page_id=1293"},"modified":"2020-06-29T18:34:24","modified_gmt":"2020-06-29T21:34:24","slug":"karla-pereira-machado","status":"publish","type":"page","link":"https:\/\/wp.ufpel.edu.br\/gbem\/karla-pereira-machado\/","title":{"rendered":"Karla Pereira Machado"},"content":{"rendered":"<p style=\"text-align: justify\"><strong><img loading=\"lazy\" decoding=\"async\" class=\"wp-image-1397 alignleft\" src=\"https:\/\/wp.ufpel.edu.br\/gbem\/files\/2020\/06\/Karla-Machado.jpg\" alt=\"\" width=\"246\" height=\"246\" srcset=\"https:\/\/wp.ufpel.edu.br\/gbem\/files\/2020\/06\/Karla-Machado.jpg 407w, https:\/\/wp.ufpel.edu.br\/gbem\/files\/2020\/06\/Karla-Machado-318x318.jpg 318w, https:\/\/wp.ufpel.edu.br\/gbem\/files\/2020\/06\/Karla-Machado-159x159.jpg 159w, https:\/\/wp.ufpel.edu.br\/gbem\/files\/2020\/06\/Karla-Machado-50x50.jpg 50w\" sizes=\"auto, (max-width: 246px) 100vw, 246px\" \/>Doutoranda no Programa de P\u00f3s-Gradua\u00e7\u00e3o de Enfermagem | <a href=\"http:\/\/lattes.cnpq.br\/1494603569855115\" target=\"_blank\" rel=\"noopener noreferrer\">Lattes<\/a><\/strong><\/p>\n<p style=\"text-align: justify\">Nutricionista pela Universidade Federal de Pelotas (2014), Mestre em Epidemiologia pelo Programa de P\u00f3s-gradua\u00e7\u00e3o em Sa\u00fade P\u00fablica pela Universidade Federal do Rio Grande (PPGSP\/ FURG) (2017). Doutoranda em Ci\u00eancias no Programa de P\u00f3s-Gradua\u00e7\u00e3o de Enfermagem (PPGFEn\/UFPel). Atualmente \u00e9 membro do grupo de pesquisa AQUARES \u2013 Acesso e Qualidade na Rede de Sa\u00fade (UFPel), faz parte do projeto: Programa Nacional de Melhoria do Acesso e da Qualidade da Aten\u00e7\u00e3o B\u00e1sica (PMAQ) e do estudo de coorte SIGA-Bag\u00e9 \u2013 Sa\u00fade do Idoso Ga\u00facho de Bag\u00e9 (2008-2016\/17). Atua nas \u00e1reas de sa\u00fade p\u00fablica e coletiva, com \u00eanfase nos temas de avalia\u00e7\u00e3o nutricional, sa\u00fade do idoso, promo\u00e7\u00e3o da sa\u00fade e avalia\u00e7\u00e3o de servi\u00e7os de sa\u00fade.<\/p>\n<p>A participa\u00e7\u00e3o no GBEM \u00e9 motivada pelo interesse em estudar a tem\u00e1tica de nutri\u00e7\u00e3o e multimorbidade em idosos.<\/p>\n","protected":false},"excerpt":{"rendered":"<p>Doutoranda no Programa de P\u00f3s-Gradua\u00e7\u00e3o de Enfermagem | Lattes Nutricionista pela Universidade Federal de Pelotas (2014), Mestre em Epidemiologia pelo Programa de P\u00f3s-gradua\u00e7\u00e3o em Sa\u00fade P\u00fablica pela Universidade Federal do Rio Grande (PPGSP\/ FURG) (2017). Doutoranda em Ci\u00eancias no Programa de P\u00f3s-Gradua\u00e7\u00e3o de Enfermagem (PPGFEn\/UFPel). Atualmente \u00e9 membro do grupo de pesquisa AQUARES \u2013 Acesso&hellip;<\/p>\n","protected":false},"author":682,"featured_media":0,"parent":0,"menu_order":0,"comment_status":"closed","ping_status":"closed","template":"","meta":{"jetpack_post_was_ever_published":false,"footnotes":""},"class_list":["post-1293","page","type-page","status-publish","hentry"],"jetpack_sharing_enabled":true,"jetpack_shortlink":"https:\/\/wp.me\/P8Mo6O-kR","_links":{"self":[{"href":"https:\/\/wp.ufpel.edu.br\/gbem\/wp-json\/wp\/v2\/pages\/1293","targetHints":{"allow":["GET"]}}],"collection":[{"href":"https:\/\/wp.ufpel.edu.br\/gbem\/wp-json\/wp\/v2\/pages"}],"about":[{"href":"https:\/\/wp.ufpel.edu.br\/gbem\/wp-json\/wp\/v2\/types\/page"}],"author":[{"embeddable":true,"href":"https:\/\/wp.ufpel.edu.br\/gbem\/wp-json\/wp\/v2\/users\/682"}],"replies":[{"embeddable":true,"href":"https:\/\/wp.ufpel.edu.br\/gbem\/wp-json\/wp\/v2\/comments?post=1293"}],"version-history":[{"count":3,"href":"https:\/\/wp.ufpel.edu.br\/gbem\/wp-json\/wp\/v2\/pages\/1293\/revisions"}],"predecessor-version":[{"id":1398,"href":"https:\/\/wp.ufpel.edu.br\/gbem\/wp-json\/wp\/v2\/pages\/1293\/revisions\/1398"}],"wp:attachment":[{"href":"https:\/\/wp.ufpel.edu.br\/gbem\/wp-json\/wp\/v2\/media?parent=1293"}],"curies":[{"name":"wp","href":"https:\/\/api.w.org\/{rel}","templated":true}]}}