{"id":1289,"date":"2020-06-28T21:16:24","date_gmt":"2020-06-29T00:16:24","guid":{"rendered":"https:\/\/wp.ufpel.edu.br\/gbem\/?page_id=1289"},"modified":"2020-06-29T18:37:55","modified_gmt":"2020-06-29T21:37:55","slug":"priscila-valverde-de-oliveira-vitorino","status":"publish","type":"page","link":"https:\/\/wp.ufpel.edu.br\/gbem\/priscila-valverde-de-oliveira-vitorino\/","title":{"rendered":"Priscila Valverde de Oliveira Vitorino"},"content":{"rendered":"<p><strong><img loading=\"lazy\" decoding=\"async\" class=\"wp-image-1401 alignleft\" src=\"https:\/\/wp.ufpel.edu.br\/gbem\/files\/2020\/06\/Foto_perfil-Priscila-Valverde-de-Oliveira-Vitorino.jpg\" alt=\"\" width=\"197\" height=\"350\" srcset=\"https:\/\/wp.ufpel.edu.br\/gbem\/files\/2020\/06\/Foto_perfil-Priscila-Valverde-de-Oliveira-Vitorino.jpg 720w, https:\/\/wp.ufpel.edu.br\/gbem\/files\/2020\/06\/Foto_perfil-Priscila-Valverde-de-Oliveira-Vitorino-179x318.jpg 179w, https:\/\/wp.ufpel.edu.br\/gbem\/files\/2020\/06\/Foto_perfil-Priscila-Valverde-de-Oliveira-Vitorino-89x159.jpg 89w\" sizes=\"auto, (max-width: 197px) 100vw, 197px\" \/>Professora e Coordenadora de Pesquisa da PUC Goi\u00e1s | \u00a0<a href=\"http:\/\/lattes.cnpq.br\/1815619227221108\">Lattes<\/a><\/strong><\/p>\n<p>&nbsp;<\/p>\n<p>Fisioterapeuta, Doutora em Ci\u00eancias da Sa\u00fade pela Universidade Federal de Goi\u00e1s e Professora e Coordenadora de Pesquisa da PUC Goi\u00e1s.<\/p>\n<p>Os principais interesses no GBEM \u00e9 atual na multimorbidade especialmente na \u00e1rea cardiovascular.<\/p>\n","protected":false},"excerpt":{"rendered":"<p>Professora e Coordenadora de Pesquisa da PUC Goi\u00e1s | \u00a0Lattes &nbsp; Fisioterapeuta, Doutora em Ci\u00eancias da Sa\u00fade pela Universidade Federal de Goi\u00e1s e Professora e Coordenadora de Pesquisa da PUC Goi\u00e1s. Os principais interesses no GBEM \u00e9 atual na multimorbidade especialmente na \u00e1rea cardiovascular.<\/p>\n","protected":false},"author":682,"featured_media":0,"parent":0,"menu_order":0,"comment_status":"closed","ping_status":"closed","template":"","meta":{"jetpack_post_was_ever_published":false,"footnotes":""},"class_list":["post-1289","page","type-page","status-publish","hentry"],"jetpack_sharing_enabled":true,"jetpack_shortlink":"https:\/\/wp.me\/P8Mo6O-kN","_links":{"self":[{"href":"https:\/\/wp.ufpel.edu.br\/gbem\/wp-json\/wp\/v2\/pages\/1289","targetHints":{"allow":["GET"]}}],"collection":[{"href":"https:\/\/wp.ufpel.edu.br\/gbem\/wp-json\/wp\/v2\/pages"}],"about":[{"href":"https:\/\/wp.ufpel.edu.br\/gbem\/wp-json\/wp\/v2\/types\/page"}],"author":[{"embeddable":true,"href":"https:\/\/wp.ufpel.edu.br\/gbem\/wp-json\/wp\/v2\/users\/682"}],"replies":[{"embeddable":true,"href":"https:\/\/wp.ufpel.edu.br\/gbem\/wp-json\/wp\/v2\/comments?post=1289"}],"version-history":[{"count":2,"href":"https:\/\/wp.ufpel.edu.br\/gbem\/wp-json\/wp\/v2\/pages\/1289\/revisions"}],"predecessor-version":[{"id":1402,"href":"https:\/\/wp.ufpel.edu.br\/gbem\/wp-json\/wp\/v2\/pages\/1289\/revisions\/1402"}],"wp:attachment":[{"href":"https:\/\/wp.ufpel.edu.br\/gbem\/wp-json\/wp\/v2\/media?parent=1289"}],"curies":[{"name":"wp","href":"https:\/\/api.w.org\/{rel}","templated":true}]}}