{"id":1273,"date":"2020-06-25T20:07:24","date_gmt":"2020-06-25T23:07:24","guid":{"rendered":"https:\/\/wp.ufpel.edu.br\/gbem\/?page_id=1273"},"modified":"2020-06-29T18:42:49","modified_gmt":"2020-06-29T21:42:49","slug":"claunara-schilling-mendonca","status":"publish","type":"page","link":"https:\/\/wp.ufpel.edu.br\/gbem\/claunara-schilling-mendonca\/","title":{"rendered":"Claunara Schilling Mendon\u00e7a"},"content":{"rendered":"<p style=\"text-align: justify\"><strong><img loading=\"lazy\" decoding=\"async\" class=\"wp-image-1409 alignleft\" src=\"https:\/\/wp.ufpel.edu.br\/gbem\/files\/2020\/06\/IMG_5847-Claunara-Schilling-Mendonca-cmendonca.jpg\" alt=\"\" width=\"275\" height=\"183\" srcset=\"https:\/\/wp.ufpel.edu.br\/gbem\/files\/2020\/06\/IMG_5847-Claunara-Schilling-Mendonca-cmendonca.jpg 480w, https:\/\/wp.ufpel.edu.br\/gbem\/files\/2020\/06\/IMG_5847-Claunara-Schilling-Mendonca-cmendonca-424x283.jpg 424w, https:\/\/wp.ufpel.edu.br\/gbem\/files\/2020\/06\/IMG_5847-Claunara-Schilling-Mendonca-cmendonca-212x141.jpg 212w\" sizes=\"auto, (max-width: 275px) 100vw, 275px\" \/>Professora Adjunta da UFRGS\u00a0 |\u00a0 <a href=\"http:\/\/lattes.cnpq.br\/6572058633654156\">Lattes<\/a><\/strong><\/p>\n<p style=\"text-align: justify\">Professora Adjunta de Medicina de Fam\u00edlia no Departamento de Medicina Social da UFRGS e Docente do Mestrado Profissional em Avalia\u00e7\u00e3o e Produ\u00e7\u00e3o de Tecnologias para o SUS, do Grupo Hospitalar Concei\u00e7\u00e3o. \u00c1reas de interesse: Gest\u00e3o, Regula\u00e7\u00e3o e Avalia\u00e7\u00e3o de Tecnologias do SUS, Aten\u00e7\u00e3o Prim\u00e1ria \u00e0 Sa\u00fade, Redes de Aten\u00e7\u00e3o \u00e0 Sa\u00fade , Condi\u00e7\u00f5es Cr\u00f4nicas e Interna\u00e7\u00f5es por Condi\u00e7\u00f5es Sens\u00edveis \u00e0 APS.<\/p>\n","protected":false},"excerpt":{"rendered":"<p>Professora Adjunta da UFRGS\u00a0 |\u00a0 Lattes Professora Adjunta de Medicina de Fam\u00edlia no Departamento de Medicina Social da UFRGS e Docente do Mestrado Profissional em Avalia\u00e7\u00e3o e Produ\u00e7\u00e3o de Tecnologias para o SUS, do Grupo Hospitalar Concei\u00e7\u00e3o. \u00c1reas de interesse: Gest\u00e3o, Regula\u00e7\u00e3o e Avalia\u00e7\u00e3o de Tecnologias do SUS, Aten\u00e7\u00e3o Prim\u00e1ria \u00e0 Sa\u00fade, Redes de Aten\u00e7\u00e3o&hellip;<\/p>\n","protected":false},"author":682,"featured_media":0,"parent":0,"menu_order":0,"comment_status":"closed","ping_status":"closed","template":"","meta":{"jetpack_post_was_ever_published":false,"footnotes":""},"class_list":["post-1273","page","type-page","status-publish","hentry"],"jetpack_sharing_enabled":true,"jetpack_shortlink":"https:\/\/wp.me\/P8Mo6O-kx","_links":{"self":[{"href":"https:\/\/wp.ufpel.edu.br\/gbem\/wp-json\/wp\/v2\/pages\/1273","targetHints":{"allow":["GET"]}}],"collection":[{"href":"https:\/\/wp.ufpel.edu.br\/gbem\/wp-json\/wp\/v2\/pages"}],"about":[{"href":"https:\/\/wp.ufpel.edu.br\/gbem\/wp-json\/wp\/v2\/types\/page"}],"author":[{"embeddable":true,"href":"https:\/\/wp.ufpel.edu.br\/gbem\/wp-json\/wp\/v2\/users\/682"}],"replies":[{"embeddable":true,"href":"https:\/\/wp.ufpel.edu.br\/gbem\/wp-json\/wp\/v2\/comments?post=1273"}],"version-history":[{"count":2,"href":"https:\/\/wp.ufpel.edu.br\/gbem\/wp-json\/wp\/v2\/pages\/1273\/revisions"}],"predecessor-version":[{"id":1410,"href":"https:\/\/wp.ufpel.edu.br\/gbem\/wp-json\/wp\/v2\/pages\/1273\/revisions\/1410"}],"wp:attachment":[{"href":"https:\/\/wp.ufpel.edu.br\/gbem\/wp-json\/wp\/v2\/media?parent=1273"}],"curies":[{"name":"wp","href":"https:\/\/api.w.org\/{rel}","templated":true}]}}