{"id":1263,"date":"2020-06-25T19:48:18","date_gmt":"2020-06-25T22:48:18","guid":{"rendered":"https:\/\/wp.ufpel.edu.br\/gbem\/?page_id=1263"},"modified":"2020-06-29T19:00:36","modified_gmt":"2020-06-29T22:00:36","slug":"felipe-mendes-delpino","status":"publish","type":"page","link":"https:\/\/wp.ufpel.edu.br\/gbem\/felipe-mendes-delpino\/","title":{"rendered":"Felipe Mendes Delpino"},"content":{"rendered":"<p style=\"text-align: justify\"><strong><img loading=\"lazy\" decoding=\"async\" class=\"size-full wp-image-1413 alignleft\" src=\"https:\/\/wp.ufpel.edu.br\/gbem\/files\/2020\/06\/gbem-Felipe-Mendes.jpg\" alt=\"\" width=\"255\" height=\"271\" srcset=\"https:\/\/wp.ufpel.edu.br\/gbem\/files\/2020\/06\/gbem-Felipe-Mendes.jpg 255w, https:\/\/wp.ufpel.edu.br\/gbem\/files\/2020\/06\/gbem-Felipe-Mendes-150x159.jpg 150w\" sizes=\"auto, (max-width: 255px) 100vw, 255px\" \/>Nutricionista | <a href=\"http:\/\/lattes.cnpq.br\/1147125101172719\">Lattes<\/a><\/strong><\/p>\n<p style=\"text-align: justify\">Possui gradua\u00e7\u00e3o em Nutri\u00e7\u00e3o pela Universidade Federal de Pelotas e Mestrado pela mesma institui\u00e7\u00e3o. Tem experi\u00eancia com programas de coleta de dados como o Redcap. Participa de diversos grupos de estudos, nos quais contribui com seu conhecimento em tecnologia e nutri\u00e7\u00e3o para pesquisas de campo.<\/p>\n<p>&nbsp;<\/p>\n<p><strong>#Nutri\u00e7\u00e3o; #multimorbidade e sa\u00fade do idoso.<\/strong><\/p>\n","protected":false},"excerpt":{"rendered":"<p>Nutricionista | Lattes Possui gradua\u00e7\u00e3o em Nutri\u00e7\u00e3o pela Universidade Federal de Pelotas e Mestrado pela mesma institui\u00e7\u00e3o. Tem experi\u00eancia com programas de coleta de dados como o Redcap. Participa de diversos grupos de estudos, nos quais contribui com seu conhecimento em tecnologia e nutri\u00e7\u00e3o para pesquisas de campo. &nbsp; #Nutri\u00e7\u00e3o; #multimorbidade e sa\u00fade do idoso.<\/p>\n","protected":false},"author":682,"featured_media":0,"parent":0,"menu_order":0,"comment_status":"closed","ping_status":"closed","template":"","meta":{"jetpack_post_was_ever_published":false,"footnotes":""},"class_list":["post-1263","page","type-page","status-publish","hentry"],"jetpack_sharing_enabled":true,"jetpack_shortlink":"https:\/\/wp.me\/P8Mo6O-kn","_links":{"self":[{"href":"https:\/\/wp.ufpel.edu.br\/gbem\/wp-json\/wp\/v2\/pages\/1263","targetHints":{"allow":["GET"]}}],"collection":[{"href":"https:\/\/wp.ufpel.edu.br\/gbem\/wp-json\/wp\/v2\/pages"}],"about":[{"href":"https:\/\/wp.ufpel.edu.br\/gbem\/wp-json\/wp\/v2\/types\/page"}],"author":[{"embeddable":true,"href":"https:\/\/wp.ufpel.edu.br\/gbem\/wp-json\/wp\/v2\/users\/682"}],"replies":[{"embeddable":true,"href":"https:\/\/wp.ufpel.edu.br\/gbem\/wp-json\/wp\/v2\/comments?post=1263"}],"version-history":[{"count":3,"href":"https:\/\/wp.ufpel.edu.br\/gbem\/wp-json\/wp\/v2\/pages\/1263\/revisions"}],"predecessor-version":[{"id":1423,"href":"https:\/\/wp.ufpel.edu.br\/gbem\/wp-json\/wp\/v2\/pages\/1263\/revisions\/1423"}],"wp:attachment":[{"href":"https:\/\/wp.ufpel.edu.br\/gbem\/wp-json\/wp\/v2\/media?parent=1263"}],"curies":[{"name":"wp","href":"https:\/\/api.w.org\/{rel}","templated":true}]}}