{"id":1245,"date":"2020-06-25T19:27:50","date_gmt":"2020-06-25T22:27:50","guid":{"rendered":"https:\/\/wp.ufpel.edu.br\/gbem\/?page_id=1245"},"modified":"2020-06-25T19:27:50","modified_gmt":"2020-06-25T22:27:50","slug":"fabio-alberto-camargo-figuera","status":"publish","type":"page","link":"https:\/\/wp.ufpel.edu.br\/gbem\/fabio-alberto-camargo-figuera\/","title":{"rendered":"Fabio Alberto Camargo Figuera"},"content":{"rendered":"<p style=\"text-align: justify\">Enfermeiro pela Universidad Industrial de Santander (2004), mestrado em Epidemiologia pela Universidad Industrial de Santander (2009) e doutorado em Epidemiologia (2015) pela Universidade Federal de Pelotas (RS &#8211; Brasil). \u00c9 professor assistente na Escola de Enfermagem da Universidade Industrial de Santander (Bucaramanga &#8211; Col\u00f4mbia). Tem experi\u00eancia na \u00e1rea de enfermagem e epidemiologia, com interesses de pesquisa em cuidado de enfermagem, sa\u00fade materno perinatal e sa\u00fade coletiva.<\/p>\n","protected":false},"excerpt":{"rendered":"<p>Enfermeiro pela Universidad Industrial de Santander (2004), mestrado em Epidemiologia pela Universidad Industrial de Santander (2009) e doutorado em Epidemiologia (2015) pela Universidade Federal de Pelotas (RS &#8211; Brasil). \u00c9 professor assistente na Escola de Enfermagem da Universidade Industrial de Santander (Bucaramanga &#8211; Col\u00f4mbia). Tem experi\u00eancia na \u00e1rea de enfermagem e epidemiologia, com interesses de&hellip;<\/p>\n","protected":false},"author":682,"featured_media":0,"parent":0,"menu_order":0,"comment_status":"closed","ping_status":"closed","template":"","meta":{"jetpack_post_was_ever_published":false,"footnotes":""},"class_list":["post-1245","page","type-page","status-publish","hentry"],"jetpack_sharing_enabled":true,"jetpack_shortlink":"https:\/\/wp.me\/P8Mo6O-k5","_links":{"self":[{"href":"https:\/\/wp.ufpel.edu.br\/gbem\/wp-json\/wp\/v2\/pages\/1245","targetHints":{"allow":["GET"]}}],"collection":[{"href":"https:\/\/wp.ufpel.edu.br\/gbem\/wp-json\/wp\/v2\/pages"}],"about":[{"href":"https:\/\/wp.ufpel.edu.br\/gbem\/wp-json\/wp\/v2\/types\/page"}],"author":[{"embeddable":true,"href":"https:\/\/wp.ufpel.edu.br\/gbem\/wp-json\/wp\/v2\/users\/682"}],"replies":[{"embeddable":true,"href":"https:\/\/wp.ufpel.edu.br\/gbem\/wp-json\/wp\/v2\/comments?post=1245"}],"version-history":[{"count":1,"href":"https:\/\/wp.ufpel.edu.br\/gbem\/wp-json\/wp\/v2\/pages\/1245\/revisions"}],"predecessor-version":[{"id":1247,"href":"https:\/\/wp.ufpel.edu.br\/gbem\/wp-json\/wp\/v2\/pages\/1245\/revisions\/1247"}],"wp:attachment":[{"href":"https:\/\/wp.ufpel.edu.br\/gbem\/wp-json\/wp\/v2\/media?parent=1245"}],"curies":[{"name":"wp","href":"https:\/\/api.w.org\/{rel}","templated":true}]}}