{"id":124,"date":"2017-08-10T10:53:08","date_gmt":"2017-08-10T13:53:08","guid":{"rendered":"https:\/\/wp.ufpel.edu.br\/gbem\/?page_id=124"},"modified":"2018-04-13T10:45:34","modified_gmt":"2018-04-13T13:45:34","slug":"curriculo-bruno","status":"publish","type":"page","link":"https:\/\/wp.ufpel.edu.br\/gbem\/curriculo-bruno\/","title":{"rendered":"Bruno Pereira Nunes"},"content":{"rendered":"<p><img loading=\"lazy\" decoding=\"async\" class=\"wp-image-119 alignleft\" src=\"https:\/\/wp.ufpel.edu.br\/gbem\/files\/2016\/08\/foto-Lattes-178x318.jpg\" alt=\"\" width=\"190\" height=\"339\" srcset=\"https:\/\/wp.ufpel.edu.br\/gbem\/files\/2016\/08\/foto-Lattes-178x318.jpg 178w, https:\/\/wp.ufpel.edu.br\/gbem\/files\/2016\/08\/foto-Lattes-89x159.jpg 89w, https:\/\/wp.ufpel.edu.br\/gbem\/files\/2016\/08\/foto-Lattes.jpg 295w\" sizes=\"auto, (max-width: 190px) 100vw, 190px\" \/><\/p>\n<p><strong>Professor da Faculdade da Enfermagem da UFPEL e l<\/strong><strong>\u00edder do GBEM \u00a0|<\/strong> \u00a0<a style=\"font-family: 'Helvetica Neue', Helvetica, Arial, sans-serif;font-size: 13px;font-style: normal;font-weight: 300;color: #3a3a3a\" href=\"http:\/\/buscatextual.cnpq.br\/buscatextual\/visualizacv.do?id=K4272806U9\">Lattes<\/a><\/p>\n<p>Enfermeiro, Mestre e Doutor em Epidemiologia (UFPel). Professor da Faculdade de Enfermagem (UFPel). Experi\u00eancia em estudos epidemiol\u00f3gicos, principalmente relacionados \u00e0 avalia\u00e7\u00e3o de servi\u00e7os de sa\u00fade e multimorbidade. L\u00edder do GBEM.<\/p>\n<p>&nbsp;<\/p>\n<p><strong>#avalia\u00e7\u00e3o de servi\u00e7os de sa\u00fade \u00a0 #multimorbidade<\/strong><\/p>\n","protected":false},"excerpt":{"rendered":"<p>Professor da Faculdade da Enfermagem da UFPEL e l\u00edder do GBEM \u00a0| \u00a0Lattes Enfermeiro, Mestre e Doutor em Epidemiologia (UFPel). Professor da Faculdade de Enfermagem (UFPel). Experi\u00eancia em estudos epidemiol\u00f3gicos, principalmente relacionados \u00e0 avalia\u00e7\u00e3o de servi\u00e7os de sa\u00fade e multimorbidade. L\u00edder do GBEM. &nbsp; #avalia\u00e7\u00e3o de servi\u00e7os de sa\u00fade \u00a0 #multimorbidade<\/p>\n","protected":false},"author":682,"featured_media":0,"parent":0,"menu_order":0,"comment_status":"closed","ping_status":"closed","template":"","meta":{"jetpack_post_was_ever_published":false,"footnotes":""},"class_list":["post-124","page","type-page","status-publish","hentry"],"jetpack_sharing_enabled":true,"jetpack_shortlink":"https:\/\/wp.me\/P8Mo6O-20","_links":{"self":[{"href":"https:\/\/wp.ufpel.edu.br\/gbem\/wp-json\/wp\/v2\/pages\/124","targetHints":{"allow":["GET"]}}],"collection":[{"href":"https:\/\/wp.ufpel.edu.br\/gbem\/wp-json\/wp\/v2\/pages"}],"about":[{"href":"https:\/\/wp.ufpel.edu.br\/gbem\/wp-json\/wp\/v2\/types\/page"}],"author":[{"embeddable":true,"href":"https:\/\/wp.ufpel.edu.br\/gbem\/wp-json\/wp\/v2\/users\/682"}],"replies":[{"embeddable":true,"href":"https:\/\/wp.ufpel.edu.br\/gbem\/wp-json\/wp\/v2\/comments?post=124"}],"version-history":[{"count":9,"href":"https:\/\/wp.ufpel.edu.br\/gbem\/wp-json\/wp\/v2\/pages\/124\/revisions"}],"predecessor-version":[{"id":319,"href":"https:\/\/wp.ufpel.edu.br\/gbem\/wp-json\/wp\/v2\/pages\/124\/revisions\/319"}],"wp:attachment":[{"href":"https:\/\/wp.ufpel.edu.br\/gbem\/wp-json\/wp\/v2\/media?parent=124"}],"curies":[{"name":"wp","href":"https:\/\/api.w.org\/{rel}","templated":true}]}}