{"id":1221,"date":"2020-06-08T13:16:19","date_gmt":"2020-06-08T16:16:19","guid":{"rendered":"https:\/\/wp.ufpel.edu.br\/gbem\/?page_id=1221"},"modified":"2020-07-19T21:37:19","modified_gmt":"2020-07-20T00:37:19","slug":"camila-sebaje-da-silva-dias","status":"publish","type":"page","link":"https:\/\/wp.ufpel.edu.br\/gbem\/camila-sebaje-da-silva-dias\/","title":{"rendered":"Camila Sebaje da Silva Dias"},"content":{"rendered":"<p style=\"text-align: justify\"><img loading=\"lazy\" decoding=\"async\" class=\"wp-image-1519 alignleft\" src=\"https:\/\/wp.ufpel.edu.br\/gbem\/files\/2020\/07\/721f9e7d-9a73-4b5e-9c24-d2197632d390.jpg\" alt=\"\" width=\"202\" height=\"257\" srcset=\"https:\/\/wp.ufpel.edu.br\/gbem\/files\/2020\/07\/721f9e7d-9a73-4b5e-9c24-d2197632d390.jpg 828w, https:\/\/wp.ufpel.edu.br\/gbem\/files\/2020\/07\/721f9e7d-9a73-4b5e-9c24-d2197632d390-249x318.jpg 249w, https:\/\/wp.ufpel.edu.br\/gbem\/files\/2020\/07\/721f9e7d-9a73-4b5e-9c24-d2197632d390-124x159.jpg 124w, https:\/\/wp.ufpel.edu.br\/gbem\/files\/2020\/07\/721f9e7d-9a73-4b5e-9c24-d2197632d390-768x981.jpg 768w\" sizes=\"auto, (max-width: 202px) 100vw, 202px\" \/><\/p>\n<p style=\"text-align: justify\"><strong>Acad\u00eamica de Enfermagem da Universidade Federal de Pelotas | <a href=\"http:\/\/lattes.cnpq.br\/3950171757971671\">Lattes<\/a><\/strong><\/p>\n<p style=\"text-align: justify\">Acad\u00eamica do 7\u00ba semestre da Faculdade de Enfermagem na Universidade Federal de Pelotas. Membro do Grupo Brasileiro de Estudos sobre Multimorbidade (GBEM) e membro do Projeto de Extens\u00e3o Barraca da Sa\u00fade: Cuidado Interdisciplinar com as comunidades da Zona Sul.<\/p>\n<p style=\"text-align: justify\">No GBEM, busco conhecimento em epidemiologia, pesquisa cientifica e o mais importante: estudar as multimorbidades, pois participo do grupo para adquirir experi\u00eancia enquanto estudante para que, depois de formada, possa por em pr\u00e1tica os ensinamentos. Tenho certeza que grupo agregar\u00e1 muito na minha forma\u00e7\u00e3o, n\u00e3o s\u00f3 como profissional, mas principalmente como ser humano.<\/p>\n","protected":false},"excerpt":{"rendered":"<p>Acad\u00eamica de Enfermagem da Universidade Federal de Pelotas | Lattes Acad\u00eamica do 7\u00ba semestre da Faculdade de Enfermagem na Universidade Federal de Pelotas. Membro do Grupo Brasileiro de Estudos sobre Multimorbidade (GBEM) e membro do Projeto de Extens\u00e3o Barraca da Sa\u00fade: Cuidado Interdisciplinar com as comunidades da Zona Sul. No GBEM, busco conhecimento em epidemiologia,&hellip;<\/p>\n","protected":false},"author":682,"featured_media":0,"parent":0,"menu_order":0,"comment_status":"closed","ping_status":"closed","template":"","meta":{"jetpack_post_was_ever_published":false,"footnotes":""},"class_list":["post-1221","page","type-page","status-publish","hentry"],"jetpack_sharing_enabled":true,"jetpack_shortlink":"https:\/\/wp.me\/P8Mo6O-jH","_links":{"self":[{"href":"https:\/\/wp.ufpel.edu.br\/gbem\/wp-json\/wp\/v2\/pages\/1221","targetHints":{"allow":["GET"]}}],"collection":[{"href":"https:\/\/wp.ufpel.edu.br\/gbem\/wp-json\/wp\/v2\/pages"}],"about":[{"href":"https:\/\/wp.ufpel.edu.br\/gbem\/wp-json\/wp\/v2\/types\/page"}],"author":[{"embeddable":true,"href":"https:\/\/wp.ufpel.edu.br\/gbem\/wp-json\/wp\/v2\/users\/682"}],"replies":[{"embeddable":true,"href":"https:\/\/wp.ufpel.edu.br\/gbem\/wp-json\/wp\/v2\/comments?post=1221"}],"version-history":[{"count":3,"href":"https:\/\/wp.ufpel.edu.br\/gbem\/wp-json\/wp\/v2\/pages\/1221\/revisions"}],"predecessor-version":[{"id":1520,"href":"https:\/\/wp.ufpel.edu.br\/gbem\/wp-json\/wp\/v2\/pages\/1221\/revisions\/1520"}],"wp:attachment":[{"href":"https:\/\/wp.ufpel.edu.br\/gbem\/wp-json\/wp\/v2\/media?parent=1221"}],"curies":[{"name":"wp","href":"https:\/\/api.w.org\/{rel}","templated":true}]}}