{"id":1216,"date":"2020-06-05T20:32:19","date_gmt":"2020-06-05T23:32:19","guid":{"rendered":"https:\/\/wp.ufpel.edu.br\/gbem\/?page_id=1216"},"modified":"2020-06-29T18:57:25","modified_gmt":"2020-06-29T21:57:25","slug":"denis-carlos-carvalho-junior","status":"publish","type":"page","link":"https:\/\/wp.ufpel.edu.br\/gbem\/denis-carlos-carvalho-junior\/","title":{"rendered":"Denis Carlos Carvalho Junior"},"content":{"rendered":"<p><img loading=\"lazy\" decoding=\"async\" class=\"wp-image-1230 alignleft\" src=\"https:\/\/wp.ufpel.edu.br\/gbem\/files\/2020\/06\/6c6901c9-b5ab-47be-bf32-ab1408c34629.jpg\" alt=\"\" width=\"219\" height=\"219\" srcset=\"https:\/\/wp.ufpel.edu.br\/gbem\/files\/2020\/06\/6c6901c9-b5ab-47be-bf32-ab1408c34629.jpg 720w, https:\/\/wp.ufpel.edu.br\/gbem\/files\/2020\/06\/6c6901c9-b5ab-47be-bf32-ab1408c34629-318x318.jpg 318w, https:\/\/wp.ufpel.edu.br\/gbem\/files\/2020\/06\/6c6901c9-b5ab-47be-bf32-ab1408c34629-159x159.jpg 159w, https:\/\/wp.ufpel.edu.br\/gbem\/files\/2020\/06\/6c6901c9-b5ab-47be-bf32-ab1408c34629-50x50.jpg 50w\" sizes=\"auto, (max-width: 219px) 100vw, 219px\" \/><\/p>\n<p><strong>Acad\u00eamico de Enfermagem da Universidade Federal de Pelotas | <a href=\"http:\/\/buscatextual.cnpq.br\/buscatextual\/visualizacv.do?id=K8821809A7&amp;tokenCaptchar=03AGdBq24cDtq_yGWIS75ifVp7Uce2HS19UjyEEFfcAjliuRXMZBOQk6k9bTNFVgiK09bBolqdrrmisnsDN9oY8tCBP5ygwA5vRmU56AAt5D51THvJVQWeYl92njN0aywtEIdnil9orCKKJoJ0k9F29M2A_SfAR7-yiDWBYLh_zHDMCK1hN0IcNhRuCmy0NdlTDLVP_TjCnPdtcMaMjZ4amzvayLTj1z9BomYgvUQnXyeWIvnApl3IBkcN58so3QWNd2VERg3dPiXBj_aCjtCgYwnRZP_jbFZi62pm6YSt1hM_hMfRubqNEAtuOMaP5VdeTXN1cm3F0y6RfmB6rBtaXSA7S1SoIK6IXMaFuH-Iz0jY1X-RGhlwr85BsJvi6pYqJAJIXbuER8IRz3_H_3flpaICScj96V02LQ\">Lattes<\/a><\/strong><\/p>\n<p style=\"text-align: justify\">Acad\u00eamico do sexto semestre de Enfermagem da UFPEL. Membro do Grupo Brasileiro de Estudos sobre Multimorbidade. E, relata que fazer parte do grupo proporciona conhecimento sobre epidemiologia e todo passo a passo \u00e0 pesquisa que ele gostaria de obter durante a gradua\u00e7\u00e3o. Al\u00e9m de estudar um tema fundamental e cada vez mais comum no cen\u00e1rio brasileiro: multimorbidade.<\/p>\n","protected":false},"excerpt":{"rendered":"<p>Acad\u00eamico de Enfermagem da Universidade Federal de Pelotas | Lattes Acad\u00eamico do sexto semestre de Enfermagem da UFPEL. Membro do Grupo Brasileiro de Estudos sobre Multimorbidade. E, relata que fazer parte do grupo proporciona conhecimento sobre epidemiologia e todo passo a passo \u00e0 pesquisa que ele gostaria de obter durante a gradua\u00e7\u00e3o. Al\u00e9m de estudar&hellip;<\/p>\n","protected":false},"author":682,"featured_media":0,"parent":0,"menu_order":0,"comment_status":"closed","ping_status":"closed","template":"","meta":{"jetpack_post_was_ever_published":false,"footnotes":""},"class_list":["post-1216","page","type-page","status-publish","hentry"],"jetpack_sharing_enabled":true,"jetpack_shortlink":"https:\/\/wp.me\/P8Mo6O-jC","_links":{"self":[{"href":"https:\/\/wp.ufpel.edu.br\/gbem\/wp-json\/wp\/v2\/pages\/1216","targetHints":{"allow":["GET"]}}],"collection":[{"href":"https:\/\/wp.ufpel.edu.br\/gbem\/wp-json\/wp\/v2\/pages"}],"about":[{"href":"https:\/\/wp.ufpel.edu.br\/gbem\/wp-json\/wp\/v2\/types\/page"}],"author":[{"embeddable":true,"href":"https:\/\/wp.ufpel.edu.br\/gbem\/wp-json\/wp\/v2\/users\/682"}],"replies":[{"embeddable":true,"href":"https:\/\/wp.ufpel.edu.br\/gbem\/wp-json\/wp\/v2\/comments?post=1216"}],"version-history":[{"count":5,"href":"https:\/\/wp.ufpel.edu.br\/gbem\/wp-json\/wp\/v2\/pages\/1216\/revisions"}],"predecessor-version":[{"id":1419,"href":"https:\/\/wp.ufpel.edu.br\/gbem\/wp-json\/wp\/v2\/pages\/1216\/revisions\/1419"}],"wp:attachment":[{"href":"https:\/\/wp.ufpel.edu.br\/gbem\/wp-json\/wp\/v2\/media?parent=1216"}],"curies":[{"name":"wp","href":"https:\/\/api.w.org\/{rel}","templated":true}]}}