{"id":1142,"date":"2020-01-22T10:57:50","date_gmt":"2020-01-22T13:57:50","guid":{"rendered":"https:\/\/wp.ufpel.edu.br\/gbem\/?page_id=1142"},"modified":"2020-07-11T10:03:29","modified_gmt":"2020-07-11T13:03:29","slug":"glenda-blaser-petarli","status":"publish","type":"page","link":"https:\/\/wp.ufpel.edu.br\/gbem\/integrantes-do-grupo\/pesquisadores\/glenda-blaser-petarli\/","title":{"rendered":"Glenda Blaser Petarli"},"content":{"rendered":"<p style=\"text-align: justify\"><strong><img loading=\"lazy\" decoding=\"async\" class=\"wp-image-1144 alignright\" src=\"https:\/\/wp.ufpel.edu.br\/gbem\/files\/2020\/01\/Glenda-Petarli.jpg\" alt=\"\" width=\"177\" height=\"244\" srcset=\"https:\/\/wp.ufpel.edu.br\/gbem\/files\/2020\/01\/Glenda-Petarli.jpg 1405w, https:\/\/wp.ufpel.edu.br\/gbem\/files\/2020\/01\/Glenda-Petarli-231x318.jpg 231w, https:\/\/wp.ufpel.edu.br\/gbem\/files\/2020\/01\/Glenda-Petarli-115x159.jpg 115w, https:\/\/wp.ufpel.edu.br\/gbem\/files\/2020\/01\/Glenda-Petarli-768x1059.jpg 768w, https:\/\/wp.ufpel.edu.br\/gbem\/files\/2020\/01\/Glenda-Petarli-1114x1536.jpg 1114w\" sizes=\"auto, (max-width: 177px) 100vw, 177px\" \/>Nutricionista da Universidade Federal do Esp\u00edrito Santo (UFES) | <a href=\"http:\/\/lattes.cnpq.br\/9303477165627828\" target=\"_blank\" rel=\"noopener noreferrer\">Lattes<\/a><\/strong><\/p>\n<div class=\"gmail_default\" style=\"text-align: justify\">Nutricionista, p\u00f3s-graduada em Nutri\u00e7\u00e3o Cl\u00ednica, Mestre e doutora em Sa\u00fade Coletiva (UFES). Nutricionista da Universidade Federal do Esp\u00edrito Santo. Chefe da Unidade de Nutri\u00e7\u00e3o Cl\u00ednica do Hospital Cassiano Ant\u00f4nio Moraes (HUCAM\/UFES\/EBSERH). Experi\u00eancia em estudos epidemiol\u00f3gicos, principalmente relacionados \u00e0 sa\u00fade do trabalhador, exposi\u00e7\u00e3o a agrot\u00f3xicos, multimorbidade e nutri\u00e7\u00e3o cl\u00ednica.<\/div>\n<div style=\"text-align: justify\"><\/div>\n<div style=\"text-align: justify\">No GBEM se interessa em contribuir com pesquisas, an\u00e1lise de dados, escrita e revis\u00e3o de artigos sobre multimorbidade desenvolvidos pelo grupo, assim como participar das a\u00e7\u00f5es de educa\u00e7\u00e3o continuada promovidas pelo mesmo.<\/div>\n<div style=\"text-align: justify\"><\/div>\n<div><\/div>\n<div><\/div>\n<div><\/div>\n<div class=\"gmail_default\" style=\"text-align: justify\"><strong>#multimorbidade;\u00a0 \u00a0 \u00a0#sa\u00fadedotrabalhador;\u00a0 \u00a0 \u00a0#exposi\u00e7\u00e3oaagrot\u00f3xicos;\u00a0 \u00a0 \u00a0#nutri\u00e7\u00e3ocl\u00ednica<\/strong><\/div>\n<div><\/div>\n","protected":false},"excerpt":{"rendered":"<p>Nutricionista da Universidade Federal do Esp\u00edrito Santo (UFES) | Lattes Nutricionista, p\u00f3s-graduada em Nutri\u00e7\u00e3o Cl\u00ednica, Mestre e doutora em Sa\u00fade Coletiva (UFES). Nutricionista da Universidade Federal do Esp\u00edrito Santo. Chefe da Unidade de Nutri\u00e7\u00e3o Cl\u00ednica do Hospital Cassiano Ant\u00f4nio Moraes (HUCAM\/UFES\/EBSERH). Experi\u00eancia em estudos epidemiol\u00f3gicos, principalmente relacionados \u00e0 sa\u00fade do trabalhador, exposi\u00e7\u00e3o a agrot\u00f3xicos, multimorbidade&hellip;<\/p>\n","protected":false},"author":682,"featured_media":0,"parent":538,"menu_order":0,"comment_status":"closed","ping_status":"closed","template":"","meta":{"jetpack_post_was_ever_published":false,"footnotes":""},"class_list":["post-1142","page","type-page","status-publish","hentry"],"jetpack_sharing_enabled":true,"jetpack_shortlink":"https:\/\/wp.me\/P8Mo6O-iq","_links":{"self":[{"href":"https:\/\/wp.ufpel.edu.br\/gbem\/wp-json\/wp\/v2\/pages\/1142","targetHints":{"allow":["GET"]}}],"collection":[{"href":"https:\/\/wp.ufpel.edu.br\/gbem\/wp-json\/wp\/v2\/pages"}],"about":[{"href":"https:\/\/wp.ufpel.edu.br\/gbem\/wp-json\/wp\/v2\/types\/page"}],"author":[{"embeddable":true,"href":"https:\/\/wp.ufpel.edu.br\/gbem\/wp-json\/wp\/v2\/users\/682"}],"replies":[{"embeddable":true,"href":"https:\/\/wp.ufpel.edu.br\/gbem\/wp-json\/wp\/v2\/comments?post=1142"}],"version-history":[{"count":8,"href":"https:\/\/wp.ufpel.edu.br\/gbem\/wp-json\/wp\/v2\/pages\/1142\/revisions"}],"predecessor-version":[{"id":1466,"href":"https:\/\/wp.ufpel.edu.br\/gbem\/wp-json\/wp\/v2\/pages\/1142\/revisions\/1466"}],"up":[{"embeddable":true,"href":"https:\/\/wp.ufpel.edu.br\/gbem\/wp-json\/wp\/v2\/pages\/538"}],"wp:attachment":[{"href":"https:\/\/wp.ufpel.edu.br\/gbem\/wp-json\/wp\/v2\/media?parent=1142"}],"curies":[{"name":"wp","href":"https:\/\/api.w.org\/{rel}","templated":true}]}}