{"id":13,"date":"2020-03-25T12:27:40","date_gmt":"2020-03-25T15:27:40","guid":{"rendered":"https:\/\/wp.ufpel.edu.br\/gaspln\/?page_id=13"},"modified":"2020-03-25T13:09:57","modified_gmt":"2020-03-25T16:09:57","slug":"apresentacao","status":"publish","type":"page","link":"https:\/\/wp.ufpel.edu.br\/gaspln\/","title":{"rendered":"Apresenta\u00e7\u00e3o"},"content":{"rendered":"<p>O grupo de pesquisa em <strong>An\u00e1lise de Sentimento e Processamento da L\u00edngua Natural<\/strong> (<a href=\"http:\/\/dgp.cnpq.br\/dgp\/espelhogrupo\/536259\">GASPLN<\/a>) foi criado em 2019 pela professora Larissa A. de Freitas e est\u00e1 junto com o \u00a0Centro de Desenvolvimento Tecnol\u00f3gico (CDTec) na Universidade Federal de Pelotas (UFPel).<\/p>\n","protected":false},"excerpt":{"rendered":"<p>O grupo de pesquisa em An\u00e1lise de Sentimento e Processamento da L\u00edngua Natural (GASPLN) foi criado em 2019 pela professora Larissa A. de Freitas e est\u00e1 junto com o \u00a0Centro de Desenvolvimento Tecnol\u00f3gico (CDTec) na Universidade Federal de Pelotas (UFPel).<\/p>\n","protected":false},"author":825,"featured_media":0,"parent":0,"menu_order":0,"comment_status":"closed","ping_status":"closed","template":"","meta":{"footnotes":""},"class_list":["post-13","page","type-page","status-publish","hentry"],"_links":{"self":[{"href":"https:\/\/wp.ufpel.edu.br\/gaspln\/wp-json\/wp\/v2\/pages\/13","targetHints":{"allow":["GET"]}}],"collection":[{"href":"https:\/\/wp.ufpel.edu.br\/gaspln\/wp-json\/wp\/v2\/pages"}],"about":[{"href":"https:\/\/wp.ufpel.edu.br\/gaspln\/wp-json\/wp\/v2\/types\/page"}],"author":[{"embeddable":true,"href":"https:\/\/wp.ufpel.edu.br\/gaspln\/wp-json\/wp\/v2\/users\/825"}],"replies":[{"embeddable":true,"href":"https:\/\/wp.ufpel.edu.br\/gaspln\/wp-json\/wp\/v2\/comments?post=13"}],"version-history":[{"count":3,"href":"https:\/\/wp.ufpel.edu.br\/gaspln\/wp-json\/wp\/v2\/pages\/13\/revisions"}],"predecessor-version":[{"id":33,"href":"https:\/\/wp.ufpel.edu.br\/gaspln\/wp-json\/wp\/v2\/pages\/13\/revisions\/33"}],"wp:attachment":[{"href":"https:\/\/wp.ufpel.edu.br\/gaspln\/wp-json\/wp\/v2\/media?parent=13"}],"curies":[{"name":"wp","href":"https:\/\/api.w.org\/{rel}","templated":true}]}}