{"id":12,"date":"2020-03-25T12:27:40","date_gmt":"2020-03-25T15:27:40","guid":{"rendered":"https:\/\/wp.ufpel.edu.br\/gaspln\/?page_id=12"},"modified":"2023-12-07T14:51:12","modified_gmt":"2023-12-07T17:51:12","slug":"projetos-de-pesquisa","status":"publish","type":"page","link":"https:\/\/wp.ufpel.edu.br\/gaspln\/projetos-de-pesquisa\/","title":{"rendered":"Projetos de Pesquisa"},"content":{"rendered":"<p>An\u00e1lise de Sentimento<\/p>\n<div class=\"page\" title=\"Page 1\">\n<div class=\"layoutArea\">\n<div class=\"column\">\n<ul>\n<li><strong>Framework para Ana\u0301lise de Sentimentos para o Portugue\u0302s<\/strong><\/li>\n<\/ul>\n<\/div>\n<\/div>\n<\/div>\n<p>Detec\u00e7\u00e3o de Sarcasmo e Ironia<\/p>\n<ul>\n<li><strong>Framework para Detec\u00e7\u00e3o de Sarcasmo e Ironia para o Portugue\u0302s<\/strong><\/li>\n<li><strong>Cat\u00e1logo de <em>Datasets<\/em> sobre Sarcasmo e Ironia\u00a0<\/strong><\/li>\n<\/ul>\n<p>Detec\u00e7\u00e3o de Discurso de \u00d3dio<\/p>\n<ul>\n<li><strong>Framework para Detec\u00e7\u00e3o de Discurso de \u00d3dio para o Portugue\u0302s<\/strong><\/li>\n<\/ul>\n<p><em>Data Augmentation<\/em><\/p>\n<ul>\n<li><strong>Framework para <em>Data Augmentation<\/em> para o Portugue\u0302s<\/strong><\/li>\n<\/ul>\n<p>Compreens\u00e3o e An\u00e1lise da L\u00edngua Natural<\/p>\n<div class=\"page\" title=\"Page 1\">\n<div class=\"section\">\n<div class=\"layoutArea\">\n<div class=\"column\">\n<ul>\n<li><strong>An\u00e1lise dos Resultados do Modelo BERTimbau Ajustado para a Tarefa de Reconhecimento de Entidades Nomeadas<\/strong><\/li>\n<li><strong>Ferramenta para Identificac\u0327a\u0303o e Classificac\u0327a\u0303o de Erros Fonolo\u0301gicos em Textos de Crianc\u0327as do Ensino Fundamental<\/strong><\/li>\n<li><strong>Reconhecimento de Textos Escritos a\u0300 Ma\u0303o por Crianc\u0327as do Ensino Fundamental<\/strong><\/li>\n<li><strong>Sistema Educacional Para Auxi\u0301lio a\u0300 Escrita de Redac\u0327a\u0303o Estilo ENEM<\/strong><\/li>\n<\/ul>\n<\/div>\n<\/div>\n<\/div>\n<\/div>\n<p>Modelagem da L\u00edngua Natural<\/p>\n<div class=\"page\" title=\"Page 1\">\n<div class=\"layoutArea\">\n<div class=\"column\">\n<ul>\n<li><strong>Word Embedding para Enriquecer Ontologia de Domi\u0301nio<\/strong><\/li>\n<\/ul>\n<\/div>\n<\/div>\n<\/div>\n","protected":false},"excerpt":{"rendered":"<p>An\u00e1lise de Sentimento Framework para Ana\u0301lise de Sentimentos para o Portugue\u0302s Detec\u00e7\u00e3o de Sarcasmo e Ironia Framework para Detec\u00e7\u00e3o de Sarcasmo e Ironia para o Portugue\u0302s Cat\u00e1logo de Datasets sobre Sarcasmo e Ironia\u00a0 Detec\u00e7\u00e3o de Discurso de \u00d3dio Framework para &hellip; <a href=\"https:\/\/wp.ufpel.edu.br\/gaspln\/projetos-de-pesquisa\/\">Continue lendo <span class=\"meta-nav\">&rarr;<\/span><\/a><\/p>\n","protected":false},"author":825,"featured_media":0,"parent":0,"menu_order":0,"comment_status":"closed","ping_status":"closed","template":"","meta":{"footnotes":""},"class_list":["post-12","page","type-page","status-publish","hentry"],"_links":{"self":[{"href":"https:\/\/wp.ufpel.edu.br\/gaspln\/wp-json\/wp\/v2\/pages\/12","targetHints":{"allow":["GET"]}}],"collection":[{"href":"https:\/\/wp.ufpel.edu.br\/gaspln\/wp-json\/wp\/v2\/pages"}],"about":[{"href":"https:\/\/wp.ufpel.edu.br\/gaspln\/wp-json\/wp\/v2\/types\/page"}],"author":[{"embeddable":true,"href":"https:\/\/wp.ufpel.edu.br\/gaspln\/wp-json\/wp\/v2\/users\/825"}],"replies":[{"embeddable":true,"href":"https:\/\/wp.ufpel.edu.br\/gaspln\/wp-json\/wp\/v2\/comments?post=12"}],"version-history":[{"count":11,"href":"https:\/\/wp.ufpel.edu.br\/gaspln\/wp-json\/wp\/v2\/pages\/12\/revisions"}],"predecessor-version":[{"id":148,"href":"https:\/\/wp.ufpel.edu.br\/gaspln\/wp-json\/wp\/v2\/pages\/12\/revisions\/148"}],"wp:attachment":[{"href":"https:\/\/wp.ufpel.edu.br\/gaspln\/wp-json\/wp\/v2\/media?parent=12"}],"curies":[{"name":"wp","href":"https:\/\/api.w.org\/{rel}","templated":true}]}}