{"id":525,"date":"2016-08-12T16:47:08","date_gmt":"2016-08-12T19:47:08","guid":{"rendered":"https:\/\/wp.ufpel.edu.br\/game\/?page_id=525"},"modified":"2016-11-04T16:03:41","modified_gmt":"2016-11-04T18:03:41","slug":"cronograma-atual","status":"publish","type":"page","link":"https:\/\/wp.ufpel.edu.br\/game\/seminarios\/cronograma-atual\/","title":{"rendered":"Cronograma atual"},"content":{"rendered":"<p>Cronograma de atividades do GAME para o segundo semestre de 2016.<\/p>\n<p>Os semin\u00e1rios ocorrem, salvo exce\u00e7\u00f5es, \u00e0s 14h na sala 416 do pr\u00e9dio 13, campus Cap\u00e3o do Le\u00e3o (UFPel).<\/p>\n<table border=\"0\">\n<tbody>\n<tr>\n<td style=\"width: 60px;padding-left: 30px\">19\/08<\/td>\n<td>M\u00e1rcio M\u00fcller<\/td>\n<td><a href=\"https:\/\/wp.ufpel.edu.br\/game\/files\/2016\/08\/seminario_marcio_2016_2.pdf\" target=\"_blank\">Distribui\u00e7\u00e3o angular de &#8220;prompt&#8221; neutrinos em simula\u00e7\u00f5es de Chuveiros Atmosf\u00e9ricos Extensos<\/a><\/td>\n<\/tr>\n<tr>\n<td style=\"padding-left: 30px\">26\/08<\/td>\n<td style=\"width: 150px\">Diego Pires<\/td>\n<td><a href=\"https:\/\/wp.ufpel.edu.br\/game\/files\/2016\/08\/seminario_diego_2016_1.pdf\" target=\"_blank\">Satura\u00e7\u00e3o part\u00f4nica: da din\u00e2mica linear \u00e0 n\u00e3o-linear<\/a><\/td>\n<\/tr>\n<tr>\n<td style=\"padding-left: 30px\">02\/09<\/td>\n<td style=\"width: 150px\">\u00c1lvaro Ayala<\/td>\n<td>Part\u00edculas Elementares: a hist\u00f3ria de sua inven\u00e7\u00e3o<\/td>\n<\/tr>\n<tr>\n<td style=\"padding-left: 30px\">09\/09<\/td>\n<td>Luan Arbeletche<\/td>\n<td><a href=\"https:\/\/wp.ufpel.edu.br\/game\/files\/2016\/08\/seminario_luan_2016_3.pdf\" target=\"_blank\">Influ\u00eancia da f\u00edsica difrativa em chuveiros atmosf\u00e9ricos extensos ultraenerg\u00e9ticos<\/a><\/td>\n<\/tr>\n<tr>\n<td style=\"padding-left: 30px\">16\/09<\/td>\n<td>Victor Gon\u00e7alves<\/td>\n<td><a href=\"https:\/\/wp.ufpel.edu.br\/game\/files\/2016\/08\/seminario_victor_2016_1.pdf\" target=\"_blank\">Difra\u00e7\u00e3o no LHC: das sombras \u00e0 luz<\/a><\/td>\n<\/tr>\n<tr>\n<td style=\"padding-left: 30px\">23\/09<\/td>\n<td>Victor Gon\u00e7alves<\/td>\n<td><a href=\"https:\/\/wp.ufpel.edu.br\/game\/files\/2016\/08\/seminario_victor_2016_2.pdf\" target=\"_blank\">Difra\u00e7\u00e3o no LHC: mais luz nas sombras<\/a><\/td>\n<\/tr>\n<tr>\n<td style=\"padding-left: 30px\">30\/09<\/td>\n<td><\/td>\n<td>CIC\/ENPOS<\/td>\n<\/tr>\n<tr>\n<td style=\"padding-left: 30px\">07\/10<\/td>\n<td>Werner Sauter<\/td>\n<td>\n<p><a href=\"https:\/\/wp.ufpel.edu.br\/game\/files\/2016\/08\/seminario_werner_2016_2.pdf\" target=\"_blank\">Micro Curso de Computa\u00e7\u00e3o Cient\u00edfica<\/a><\/p>\n<p>Anexos: <a href=\"https:\/\/wp.ufpel.edu.br\/game\/files\/2016\/08\/programas.zip\" target=\"_blank\">programas.zip<\/a><\/td>\n<\/tr>\n<tr>\n<td style=\"padding-left: 30px\">14\/10<\/td>\n<td>Miguel Jaime<\/td>\n<td><a href=\"https:\/\/wp.ufpel.edu.br\/game\/files\/2016\/08\/seminario_miguel_2016_2.pdf\" target=\"_blank\">Fotoprodu\u00e7\u00e3o exclusiva de m\u00e9sons vetoriais no LHC e FCC: um olhar mais de perto sobre o estado final<\/a><\/td>\n<\/tr>\n<tr>\n<td style=\"padding-left: 30px\">21\/10<\/td>\n<td>Bruno Moreira<\/td>\n<td>Produ\u00e7\u00e3o dupla de m\u00e9sons vetoriais em colis\u00f5es gamma-gamma<\/td>\n<\/tr>\n<tr>\n<td style=\"padding-left: 30px\">04\/11<\/td>\n<td>Patr\u00edcia Moreira<\/td>\n<td><a href=\"https:\/\/wp.ufpel.edu.br\/game\/files\/2016\/08\/seminario_patricia_2016_2.pdf\" target=\"_blank\">Matriz S e suas propriedades<\/a><\/td>\n<\/tr>\n<tr>\n<td style=\"padding-left: 30px\">11\/11<\/td>\n<td>Gabriel Veronez<\/td>\n<td><\/td>\n<\/tr>\n<tr>\n<td style=\"padding-left: 30px\">18\/11<\/td>\n<td>M\u00e1rio Silva<\/td>\n<td><\/td>\n<\/tr>\n<tr>\n<td style=\"padding-left: 30px\">25\/11<\/td>\n<td>C\u00e9sar Krumreich<\/td>\n<td><\/td>\n<\/tr>\n<tr>\n<td style=\"padding-left: 30px\">02\/12<\/td>\n<td>Jean Reis<\/td>\n<td><\/td>\n<\/tr>\n<tr>\n<td style=\"padding-left: 30px\">09\/12<\/td>\n<td>Gustavo Silveira<\/td>\n<td><\/td>\n<\/tr>\n<\/tbody>\n<\/table>\n<p>&nbsp;<\/p>\n","protected":false},"excerpt":{"rendered":"<p>Cronograma de atividades do GAME para o segundo semestre de 2016. Os semin\u00e1rios ocorrem, salvo exce\u00e7\u00f5es, \u00e0s 14h na sala 416 do pr\u00e9dio 13, campus Cap\u00e3o do Le\u00e3o (UFPel). 19\/08 M\u00e1rcio M\u00fcller Distribui\u00e7\u00e3o angular de &#8220;prompt&#8221; neutrinos em simula\u00e7\u00f5es de Chuveiros Atmosf\u00e9ricos Extensos 26\/08 Diego Pires Satura\u00e7\u00e3o part\u00f4nica: da din\u00e2mica linear \u00e0 n\u00e3o-linear 02\/09 \u00c1lvaro [&hellip;]<\/p>\n","protected":false},"author":503,"featured_media":0,"parent":26,"menu_order":0,"comment_status":"closed","ping_status":"closed","template":"","meta":{"footnotes":""},"class_list":["post-525","page","type-page","status-publish","hentry"],"_links":{"self":[{"href":"https:\/\/wp.ufpel.edu.br\/game\/wp-json\/wp\/v2\/pages\/525","targetHints":{"allow":["GET"]}}],"collection":[{"href":"https:\/\/wp.ufpel.edu.br\/game\/wp-json\/wp\/v2\/pages"}],"about":[{"href":"https:\/\/wp.ufpel.edu.br\/game\/wp-json\/wp\/v2\/types\/page"}],"author":[{"embeddable":true,"href":"https:\/\/wp.ufpel.edu.br\/game\/wp-json\/wp\/v2\/users\/503"}],"replies":[{"embeddable":true,"href":"https:\/\/wp.ufpel.edu.br\/game\/wp-json\/wp\/v2\/comments?post=525"}],"version-history":[{"count":11,"href":"https:\/\/wp.ufpel.edu.br\/game\/wp-json\/wp\/v2\/pages\/525\/revisions"}],"predecessor-version":[{"id":557,"href":"https:\/\/wp.ufpel.edu.br\/game\/wp-json\/wp\/v2\/pages\/525\/revisions\/557"}],"up":[{"embeddable":true,"href":"https:\/\/wp.ufpel.edu.br\/game\/wp-json\/wp\/v2\/pages\/26"}],"wp:attachment":[{"href":"https:\/\/wp.ufpel.edu.br\/game\/wp-json\/wp\/v2\/media?parent=525"}],"curies":[{"name":"wp","href":"https:\/\/api.w.org\/{rel}","templated":true}]}}