{"id":469,"date":"2016-04-15T15:23:23","date_gmt":"2016-04-15T18:23:23","guid":{"rendered":"https:\/\/wp.ufpel.edu.br\/game\/?page_id=469"},"modified":"2016-08-12T17:03:24","modified_gmt":"2016-08-12T20:03:24","slug":"2016-1","status":"publish","type":"page","link":"https:\/\/wp.ufpel.edu.br\/game\/seminarios\/2016-1\/","title":{"rendered":"2016\/1"},"content":{"rendered":"<p>Cronograma de atividades do GAME para o primeiro semestre de 2016.<\/p>\n<p>Os semin\u00e1rios ocorrem, salvo exce\u00e7\u00f5es, \u00e0s 14h na sala 416 do pr\u00e9dio 13, campus Cap\u00e3o do Le\u00e3o (UFPel).<\/p>\n<table border=\"0\">\n<tbody>\n<tr>\n<td style=\"width: 60px;padding-left: 30px\">03\/03<\/td>\n<td>Jean Reis<\/td>\n<td><a href=\"https:\/\/wp.ufpel.edu.br\/game\/files\/2016\/04\/seminario_jean_2016_1_18meses.pdf\" target=\"_blank\">Fotoprodu\u00e7\u00e3o de monopolos magn\u00e9ticos no LHC em colis\u00f5es ultraperif\u00e9ricas (18 meses)<\/a><\/td>\n<\/tr>\n<tr>\n<td style=\"padding-left: 30px\">21\/03<\/td>\n<td style=\"width: 150px\">Luan Arbeletche<\/td>\n<td><a href=\"https:\/\/wp.ufpel.edu.br\/game\/files\/2016\/04\/seminario_luan_2016_1.pdf\" target=\"_blank\">Influ\u00eancia da f\u00edsica difrativa em chuveiros atmosf\u00e9ricos extensos ultraenerg\u00e9ticos (12 meses)<\/a><\/td>\n<\/tr>\n<tr>\n<td style=\"padding-left: 30px\">10\/04<\/td>\n<td style=\"width: 150px\">Gustavo Silveira<\/td>\n<td><a href=\"https:\/\/wp.ufpel.edu.br\/game\/files\/2016\/04\/seminario_gustavo_2016_1.pdf\" target=\"_blank\">Difra\u00e7\u00e3o e o pomeron da QCD<\/a><\/td>\n<\/tr>\n<tr>\n<td style=\"padding-left: 30px\">08\/04<\/td>\n<td>Edgar Paitan<\/td>\n<td>Implica\u00e7\u00f5es fenomenol\u00f3gicas do processo de duplo espalhamento part\u00f4nico no Grande Colisor de H\u00e1drons<\/td>\n<\/tr>\n<tr>\n<td style=\"padding-left: 30px\">15\/04<\/td>\n<td>Patr\u00edcia Moreira<\/td>\n<td><a href=\"https:\/\/wp.ufpel.edu.br\/game\/files\/2016\/04\/seminario_patricia_2016_1.pdf\" target=\"_blank\"> O status te\u00f3rico do Glueball<\/a><\/td>\n<\/tr>\n<tr>\n<td style=\"padding-left: 30px\">29\/04<\/td>\n<td>Edgar Paitan<\/td>\n<td>Implica\u00e7\u00f5es fenomenol\u00f3gicas do processo de duplo espalhamento part\u00f4nico no Grande Colisor de H\u00e1drons<\/td>\n<\/tr>\n<tr>\n<td style=\"padding-left: 30px\">06\/05<\/td>\n<td>Gilvana Penedo<\/td>\n<td>O modelo padr\u00e3o das part\u00edculas elementares: uma introdu\u00e7\u00e3o<\/td>\n<\/tr>\n<tr>\n<td style=\"padding-left: 30px\">13\/05<\/td>\n<td>Werner Sauter<\/td>\n<td><a href=\"https:\/\/wp.ufpel.edu.br\/game\/files\/2016\/04\/seminario_werner_2016_1.pdf\" target=\"_blank\">Produ\u00e7\u00e3o de duplo f\u00f3ton no Modelo Padr\u00e3o e com dimens\u00f5es extras em colis\u00f5es hadr\u00f4nicas<\/a><\/td>\n<\/tr>\n<tr>\n<td style=\"padding-left: 30px\">20\/05<\/td>\n<td>Miguel Jaime<\/td>\n<td>Introdu\u00e7\u00e3o \u00e0 f\u00edsica frontal no LHC<\/td>\n<\/tr>\n<tr>\n<td style=\"padding-left: 30px\">03\/06<\/td>\n<td>Daniel Silva<\/td>\n<td>Decaimentos de Glueballs em dois f\u00f3tons<\/td>\n<\/tr>\n<tr>\n<td style=\"padding-left: 30px\">13\/06<\/td>\n<td>Mario Silva<\/td>\n<td><\/td>\n<\/tr>\n<tr>\n<td style=\"padding-left: 30px\">24\/06<\/td>\n<td>Rafael Cavagnoli<\/td>\n<td><a href=\"https:\/\/wp.ufpel.edu.br\/game\/files\/2016\/04\/seminario_rafael_2016_1.pdf\" target=\"_blank\">Equa\u00e7\u00e3o de Dirac com campo magn\u00e9tico<\/a><\/td>\n<\/tr>\n<tr>\n<td style=\"padding-left: 30px\">01\/07<\/td>\n<td>Luan Arbeletche<\/td>\n<td><a href=\"https:\/\/wp.ufpel.edu.br\/game\/files\/2016\/04\/seminario_luan_2016_2.pdf\" target=\"_blank\">Difra\u00e7\u00e3o de h\u00e1drons e a componente mu\u00f4nica de chuveiros atmosf\u00e9ricos extensos<\/a><\/td>\n<\/tr>\n<tr>\n<td style=\"padding-left: 30px\">15\/07<\/td>\n<td>Jean Reis<\/td>\n<td>Fotoprodu\u00e7\u00e3o de monop\u00f3los magn\u00e9ticos no LHC em colis\u00f5es ulatraperif\u00e9ricas<\/td>\n<\/tr>\n<\/tbody>\n<\/table>\n<p>&nbsp;<\/p>\n","protected":false},"excerpt":{"rendered":"<p>Cronograma de atividades do GAME para o primeiro semestre de 2016. Os semin\u00e1rios ocorrem, salvo exce\u00e7\u00f5es, \u00e0s 14h na sala 416 do pr\u00e9dio 13, campus Cap\u00e3o do Le\u00e3o (UFPel). 03\/03 Jean Reis Fotoprodu\u00e7\u00e3o de monopolos magn\u00e9ticos no LHC em colis\u00f5es ultraperif\u00e9ricas (18 meses) 21\/03 Luan Arbeletche Influ\u00eancia da f\u00edsica difrativa em chuveiros atmosf\u00e9ricos extensos ultraenerg\u00e9ticos [&hellip;]<\/p>\n","protected":false},"author":503,"featured_media":0,"parent":26,"menu_order":0,"comment_status":"closed","ping_status":"closed","template":"","meta":{"footnotes":""},"class_list":["post-469","page","type-page","status-publish","hentry"],"_links":{"self":[{"href":"https:\/\/wp.ufpel.edu.br\/game\/wp-json\/wp\/v2\/pages\/469","targetHints":{"allow":["GET"]}}],"collection":[{"href":"https:\/\/wp.ufpel.edu.br\/game\/wp-json\/wp\/v2\/pages"}],"about":[{"href":"https:\/\/wp.ufpel.edu.br\/game\/wp-json\/wp\/v2\/types\/page"}],"author":[{"embeddable":true,"href":"https:\/\/wp.ufpel.edu.br\/game\/wp-json\/wp\/v2\/users\/503"}],"replies":[{"embeddable":true,"href":"https:\/\/wp.ufpel.edu.br\/game\/wp-json\/wp\/v2\/comments?post=469"}],"version-history":[{"count":30,"href":"https:\/\/wp.ufpel.edu.br\/game\/wp-json\/wp\/v2\/pages\/469\/revisions"}],"predecessor-version":[{"id":532,"href":"https:\/\/wp.ufpel.edu.br\/game\/wp-json\/wp\/v2\/pages\/469\/revisions\/532"}],"up":[{"embeddable":true,"href":"https:\/\/wp.ufpel.edu.br\/game\/wp-json\/wp\/v2\/pages\/26"}],"wp:attachment":[{"href":"https:\/\/wp.ufpel.edu.br\/game\/wp-json\/wp\/v2\/media?parent=469"}],"curies":[{"name":"wp","href":"https:\/\/api.w.org\/{rel}","templated":true}]}}