{"id":37,"date":"2015-06-09T16:35:26","date_gmt":"2015-06-09T19:35:26","guid":{"rendered":"https:\/\/wp.ufpel.edu.br\/game\/?page_id=37"},"modified":"2015-09-02T15:17:45","modified_gmt":"2015-09-02T18:17:45","slug":"links-de-interesse","status":"publish","type":"page","link":"https:\/\/wp.ufpel.edu.br\/game\/links-de-interesse\/","title":{"rendered":"Links de interesse"},"content":{"rendered":"<p><strong>Essenciais:<\/strong><\/p>\n<p style=\"padding-left: 30px\"><a href=\"https:\/\/inspirehep.net\/\" target=\"_blank\">Inspire-HEP<\/a> &#8211; banco de dados de literatura em f\u00edsica de altas energias<\/p>\n<p>&nbsp;<\/p>\n<p><strong>Revistas:<\/strong><\/p>\n<p style=\"padding-left: 30px\"><a href=\"http:\/\/www.sciencedirect.com\/science\/journal\/09276505\" target=\"_blank\">Astroparticle Physics<\/a> &#8211; raios c\u00f3smicos, astronomia, astrof\u00edsica, cosmologia e part\u00edculas<\/p>\n<p style=\"padding-left: 30px\"><a href=\"http:\/\/link.springer.com\/journal\/10052\" target=\"_blank\">European Physical Journal C<\/a> &#8211; part\u00edculas e campos<\/p>\n<p style=\"padding-left: 30px\"><a href=\"http:\/\/www.sciencedirect.com\/science\/journal\/03702693\" target=\"_blank\">Physical Letters B<\/a> &#8211; part\u00edculas, f\u00edsica nuclear e cosmologia<\/p>\n<p style=\"padding-left: 30px\"><a href=\"http:\/\/journals.aps.org\/prd\/\" target=\"_blank\">Physical Review D<\/a> &#8211; part\u00edculas, campos, gravita\u00e7\u00e3o e cosmologia<\/p>\n<p>&nbsp;<\/p>\n<p><strong>Preprints:<\/strong><\/p>\n<p style=\"padding-left: 30px\"><a href=\"http:\/\/arxiv.org\" target=\"_blank\">arXiv<\/a><\/p>\n<p>&nbsp;<\/p>\n<p><strong>Laborat\u00f3rios de pesquisa:<\/strong><\/p>\n<p style=\"padding-left: 30px\"><a href=\"http:\/\/home.web.cern.ch\/\" target=\"_blank\">CERN<\/a> &#8211; Organiza\u00e7\u00e3o Europ\u00e9ia para Pesquisa Nuclear<\/p>\n<p style=\"padding-left: 30px\"><a href=\"http:\/\/www.fnal.gov\/pub\/about\/index.html\" target=\"_blank\">Fermilab<\/a> &#8211; Fermi National Accelerator Laboratory<\/p>\n<p style=\"padding-left: 30px\"><a href=\"https:\/\/www.auger.org\/\" target=\"_blank\">Observat\u00f3rio Pierre Auger<\/a> &#8211; raios c\u00f3smicos e chuveiros atmosf\u00e9ricos<\/p>\n<p style=\"padding-left: 30px\"><a href=\"https:\/\/www.bnl.gov\/rhic\/\" target=\"_blank\">RHIC<\/a> &#8211; Relativistic Heavy Ion Collider<\/p>\n<p style=\"padding-left: 30px\"><a href=\"http:\/\/www.telescopearray.org\/\" target=\"_blank\">Telescope Array<\/a> &#8211; raios c\u00f3smicos e chuveiros atmosf\u00e9ricos<\/p>\n","protected":false},"excerpt":{"rendered":"<p>Essenciais: Inspire-HEP &#8211; banco de dados de literatura em f\u00edsica de altas energias &nbsp; Revistas: Astroparticle Physics &#8211; raios c\u00f3smicos, astronomia, astrof\u00edsica, cosmologia e part\u00edculas European Physical Journal C &#8211; part\u00edculas e campos Physical Letters B &#8211; part\u00edculas, f\u00edsica nuclear e cosmologia Physical Review D &#8211; part\u00edculas, campos, gravita\u00e7\u00e3o e cosmologia &nbsp; Preprints: arXiv &nbsp; [&hellip;]<\/p>\n","protected":false},"author":503,"featured_media":0,"parent":0,"menu_order":0,"comment_status":"closed","ping_status":"closed","template":"","meta":{"footnotes":""},"class_list":["post-37","page","type-page","status-publish","hentry"],"_links":{"self":[{"href":"https:\/\/wp.ufpel.edu.br\/game\/wp-json\/wp\/v2\/pages\/37","targetHints":{"allow":["GET"]}}],"collection":[{"href":"https:\/\/wp.ufpel.edu.br\/game\/wp-json\/wp\/v2\/pages"}],"about":[{"href":"https:\/\/wp.ufpel.edu.br\/game\/wp-json\/wp\/v2\/types\/page"}],"author":[{"embeddable":true,"href":"https:\/\/wp.ufpel.edu.br\/game\/wp-json\/wp\/v2\/users\/503"}],"replies":[{"embeddable":true,"href":"https:\/\/wp.ufpel.edu.br\/game\/wp-json\/wp\/v2\/comments?post=37"}],"version-history":[{"count":18,"href":"https:\/\/wp.ufpel.edu.br\/game\/wp-json\/wp\/v2\/pages\/37\/revisions"}],"predecessor-version":[{"id":398,"href":"https:\/\/wp.ufpel.edu.br\/game\/wp-json\/wp\/v2\/pages\/37\/revisions\/398"}],"wp:attachment":[{"href":"https:\/\/wp.ufpel.edu.br\/game\/wp-json\/wp\/v2\/media?parent=37"}],"curies":[{"name":"wp","href":"https:\/\/api.w.org\/{rel}","templated":true}]}}