{"id":307,"date":"2015-09-01T15:35:49","date_gmt":"2015-09-01T18:35:49","guid":{"rendered":"https:\/\/wp.ufpel.edu.br\/game\/?page_id=307"},"modified":"2016-11-04T16:25:01","modified_gmt":"2016-11-04T18:25:01","slug":"membros","status":"publish","type":"page","link":"https:\/\/wp.ufpel.edu.br\/game\/membros\/","title":{"rendered":"Membros"},"content":{"rendered":"<p><strong>Docentes:<\/strong><\/p>\n<table border=\"0\">\n<tbody>\n<tr>\n<td style=\"width: 400px;padding-left: 30px\">Daniel Tavares da Silva<\/td>\n<td style=\"width: 100px\"><a href=\"mailto:neodts@_NO_SPAM_gmail.com\">email<\/a><\/td>\n<td><a href=\"http:\/\/lattes.cnpq.br\/1020826228840676\" target=\"_blank\"><img class=\"alignnone wp-image-265 size-full\" title=\"CV Lattes\" src=\"https:\/\/wp.ufpel.edu.br\/game\/files\/2015\/06\/info.png\" alt=\"CV\" width=\"16\" height=\"16\" \/><\/a><\/td>\n<\/tr>\n<tr style=\"padding-left: 30px\">\n<td style=\"padding-left: 30px\">Gustavo Gil da Silveira<\/td>\n<td><a href=\"mailto:gustavo.silveira@_NO_SPAM_cern.ch\">email<\/a><\/td>\n<td><a href=\"http:\/\/lattes.cnpq.br\/9255904850453751\" target=\"_blank\"><img class=\"alignnone wp-image-265 size-full\" title=\"CV Lattes\" src=\"https:\/\/wp.ufpel.edu.br\/game\/files\/2015\/06\/info.png\" alt=\"CV\" width=\"16\" height=\"16\" \/><\/a><\/td>\n<\/tr>\n<tr style=\"padding-left: 30px\">\n<td style=\"padding-left: 30px\">M\u00e1rio Luiz Lopes da Silva<\/td>\n<td><a href=\"mailto:mllsilva@_NO_SPAM_gmail.com\">email<\/a><\/td>\n<td><a href=\"http:\/\/lattes.cnpq.br\/9776518706750475\" target=\"_blank\"><img class=\"alignnone wp-image-265 size-full\" title=\"CV Lattes\" src=\"https:\/\/wp.ufpel.edu.br\/game\/files\/2015\/06\/info.png\" alt=\"CV\" width=\"16\" height=\"16\" \/><\/a><\/td>\n<\/tr>\n<tr style=\"padding-left: 30px\">\n<td style=\"padding-left: 30px\">Rafael Cavagnoli<\/td>\n<td><a href=\"mailto:rafael.cavagnoli@_NO_SPAM_ufpel.edu.br\">email<\/a><\/td>\n<td><a href=\"http:\/\/lattes.cnpq.br\/1597673367889113\" target=\"_blank\"><img class=\"alignnone wp-image-265 size-full\" title=\"CV Lattes\" src=\"https:\/\/wp.ufpel.edu.br\/game\/files\/2015\/06\/info.png\" alt=\"CV\" width=\"16\" height=\"16\" \/><\/a><\/td>\n<\/tr>\n<tr style=\"padding-left: 30px\">\n<td style=\"padding-left: 30px\">Victor Paulo Barros Gon\u00e7alves<\/td>\n<td><a href=\"mailto:victorpbg@_NO_SPAM_gmail.com\">email<\/a><\/td>\n<td><a href=\"http:\/\/lattes.cnpq.br\/8806095256853243\" target=\"_blank\"><img class=\"alignnone wp-image-265 size-full\" title=\"CV Lattes\" src=\"https:\/\/wp.ufpel.edu.br\/game\/files\/2015\/06\/info.png\" alt=\"CV\" width=\"16\" height=\"16\" \/><\/a><\/td>\n<\/tr>\n<tr style=\"padding-left: 30px\">\n<td style=\"padding-left: 30px\">Werner Krambeck Sauter<\/td>\n<td><a href=\"mailto:werner.sauter@_NO_SPAM_ufpel.edu.br\">email<\/a><\/td>\n<td><a href=\"http:\/\/lattes.cnpq.br\/9834064292823626\" target=\"_blank\"><img class=\"alignnone wp-image-265 size-full\" title=\"CV Lattes\" src=\"https:\/\/wp.ufpel.edu.br\/game\/files\/2015\/06\/info.png\" alt=\"CV\" width=\"16\" height=\"16\" \/><\/a><\/td>\n<\/tr>\n<\/tbody>\n<\/table>\n<p>&nbsp;<\/p>\n<p><strong>P\u00f3s-docs:<\/strong><\/p>\n<table border=\"0\">\n<tbody>\n<tr>\n<td style=\"width: 400px;padding-left: 30px\">M\u00e1rcio Aparecido M\u00fcller<\/td>\n<td style=\"width: 100px\"><a href=\"mailto:mamuller@_NO_SPAM_ifi.unicamp.br\">email<\/a><\/td>\n<td><a href=\"http:\/\/lattes.cnpq.br\/5978368858095560\" target=\"_blank\"><img class=\"alignnone wp-image-265 size-full\" title=\"CV Lattes\" src=\"https:\/\/wp.ufpel.edu.br\/game\/files\/2015\/06\/info.png\" alt=\"info\" width=\"16\" height=\"16\" \/><\/a><\/td>\n<\/tr>\n<tr>\n<td style=\"width: 400px;padding-left: 30px\">Miguel Medina Jaime<\/td>\n<td style=\"width: 100px\"><a href=\"mmedinaja@_NO_SPAM_gmail.com\">email<\/a><\/td>\n<td><a href=\"http:\/\/lattes.cnpq.br\/5721520314214791\" target=\"_blank\"><img class=\"alignnone wp-image-265 size-full\" title=\"CV Lattes\" src=\"https:\/\/wp.ufpel.edu.br\/game\/files\/2015\/06\/info.png\" alt=\"info\" width=\"16\" height=\"16\" \/><\/a><\/td>\n<\/tr>\n<\/tbody>\n<\/table>\n<p>&nbsp;<\/p>\n<p><strong>Estudantes de doutorado:<\/strong><\/p>\n<table border=\"0\">\n<tbody>\n<tr>\n<td style=\"width: 400px;padding-left: 30px\">C\u00e9sar Eduardo Krumreich<\/td>\n<td style=\"width: 100px\"><a href=\"mailto:yuberth022@_NO_SPAM_gmail.com\">email<\/a><\/td>\n<td><a href=\"http:\/\/lattes.cnpq.br\/7632781404337061\" target=\"_blank\"><img class=\"alignnone wp-image-265 size-full\" title=\"CV Lattes\" src=\"https:\/\/wp.ufpel.edu.br\/game\/files\/2015\/06\/info.png\" alt=\"CV\" width=\"16\" height=\"16\" \/><\/a><\/td>\n<\/tr>\n<tr style=\"padding-left: 30px\">\n<td style=\"padding-left: 30px\">Jean Torres Reis<\/td>\n<td><a href=\"mailto:jeantreis@_NO_SPAM_gmail.com\">email<\/a><\/td>\n<td><a href=\"http:\/\/lattes.cnpq.br\/6488493050499966\" target=\"_blank\"><img class=\"alignnone wp-image-265 size-full\" title=\"CV Lattes\" src=\"https:\/\/wp.ufpel.edu.br\/game\/files\/2015\/06\/info.png\" alt=\"CV\" width=\"16\" height=\"16\" \/><\/a><\/td>\n<\/tr>\n<\/tbody>\n<\/table>\n<p>&nbsp;<\/p>\n<p><strong>Estudantes de mestrado:<\/strong><\/p>\n<table border=\"0\">\n<tbody>\n<tr>\n<td style=\"width: 400px;padding-left: 30px\">Celso Rodrigues Sena<\/td>\n<td style=\"width: 100px\"><a href=\"mailto:celsosenarodrigues@_NO_SPAM_hotmail.com\">email<\/a><\/td>\n<td><a href=\"http:\/\/lattes.cnpq.br\/3300757337972125\" target=\"_blank\"><img class=\"alignnone wp-image-265 size-full\" title=\"CV Lattes\" src=\"https:\/\/wp.ufpel.edu.br\/game\/files\/2015\/06\/info.png\" alt=\"CV\" width=\"16\" height=\"16\" \/><\/a><\/td>\n<\/tr>\n<tr>\n<td style=\"width: 400px;padding-left: 30px\">Gabriel G\u00fcez Vargas Veronez<\/td>\n<td style=\"width: 100px\"><a href=\"http:\/\/mailtogabver.fisica@_NO_SPAM_gmail.com\">email<\/a><\/td>\n<td><a href=\"http:\/\/lattes.cnpq.br\/0222573474086370\" target=\"_blank\"><img class=\"alignnone wp-image-265 size-full\" title=\"CV Lattes\" src=\"https:\/\/wp.ufpel.edu.br\/game\/files\/2015\/06\/info.png\" alt=\"CV\" width=\"16\" height=\"16\" \/><\/a><\/td>\n<\/tr>\n<tr style=\"padding-left: 30px\">\n<td style=\"padding-left: 30px\">Gilvana Coelho Penedo<\/td>\n<td><a href=\"http:\/\/gilvana.penedo@_NO_SPAM_gmail.com\">email<\/a><\/td>\n<td><a href=\"http:\/\/lattes.cnpq.br\/7031390065865836\" target=\"_blank\"><img class=\"alignnone wp-image-265 size-full\" title=\"CV Lattes\" src=\"https:\/\/wp.ufpel.edu.br\/game\/files\/2015\/06\/info.png\" alt=\"CV\" width=\"16\" height=\"16\" \/><\/a><\/td>\n<\/tr>\n<tr style=\"padding-left: 30px\">\n<td style=\"padding-left: 30px\">Luan Bonneau Arbeletche<\/td>\n<td><a href=\"mailto:luan.arbeletche@_NO_SPAM_gmail.com\">email<\/a><\/td>\n<td><a href=\"http:\/\/lattes.cnpq.br\/5321846545336311\" target=\"_blank\"><img class=\"alignnone wp-image-265 size-full\" title=\"CV Lattes\" src=\"https:\/\/wp.ufpel.edu.br\/game\/files\/2015\/06\/info.png\" alt=\"CV\" width=\"16\" height=\"16\" \/><\/a><\/td>\n<\/tr>\n<tr style=\"padding-left: 30px\">\n<td style=\"padding-left: 30px\">Patr\u00edcia Gon\u00e7alves Moreira<\/td>\n<td><a href=\"mailto:patigmoreira@_NO_SPAM_hotmail.com\">email<\/a><\/td>\n<td><a href=\"http:\/\/lattes.cnpq.br\/7971690324269283\" target=\"_blank\"><img class=\"alignnone wp-image-265 size-full\" title=\"CV Lattes\" src=\"https:\/\/wp.ufpel.edu.br\/game\/files\/2015\/06\/info.png\" alt=\"CV\" width=\"16\" height=\"16\" \/><\/a><\/td>\n<\/tr>\n<\/tbody>\n<\/table>\n<p>&nbsp;<\/p>\n<p><strong>Estudantes de Inicia\u00e7\u00e3o Cient\u00edfica:<\/strong><\/p>\n<table border=\"0\">\n<tbody>\n<tr>\n<td style=\"padding-left: 30px;width: 400px\">Aldair Celestino<\/td>\n<td style=\"width: 100px\"><a href=\"http:\/\/aldaircelestino@_NO_SPAM_gmail.com\">email<\/a><\/td>\n<td><a href=\"http:\/\/lattes.cnpq.br\/4805103668438279\"><img class=\"alignnone wp-image-265 size-full\" src=\"https:\/\/wp.ufpel.edu.br\/game\/files\/2015\/06\/info.png\" alt=\"info\" width=\"16\" height=\"16\" \/><\/a><\/td>\n<\/tr>\n<tr>\n<td style=\"padding-left: 30px;width: 400px\">Ananda Ramires<\/td>\n<td style=\"width: 100px\"><a href=\"http:\/\/anandaramires@_NO_SPAM_gmail.com\">email<\/a><\/td>\n<td><a href=\"https:\/\/wp.ufpel.edu.br\/game\/files\/2015\/06\/info.png\"><img class=\"alignnone size-full wp-image-265\" src=\"https:\/\/wp.ufpel.edu.br\/game\/files\/2015\/06\/info.png\" alt=\"info\" width=\"16\" height=\"16\" \/><\/a><\/td>\n<\/tr>\n<tr>\n<td style=\"padding-left: 30px;width: 400px\">Felipe Soares Spiess<\/td>\n<td style=\"width: 100px\"><a href=\"mailto:fel.s.spiess@_NO_SPAM_gmail.com\">email<\/a><\/td>\n<td><a href=\"https:\/\/wp.ufpel.edu.br\/game\/files\/2015\/06\/info.png\"><img class=\"alignnone size-full wp-image-265\" src=\"https:\/\/wp.ufpel.edu.br\/game\/files\/2015\/06\/info.png\" alt=\"info\" width=\"16\" height=\"16\" \/><\/a><\/td>\n<\/tr>\n<tr style=\"padding-left: 30px\">\n<td style=\"padding-left: 30px\">Lara Ferreira Silveira<\/td>\n<td><a href=\"mailto:laraferreirasilveira@_NO_SPAM_gmail.com\">email<\/a><\/td>\n<td><a href=\"http:\/\/lattes.cnpq.br\/1826997651103464\" target=\"_blank\"><img class=\"alignnone wp-image-265 size-full\" title=\"CV Lattes\" src=\"https:\/\/wp.ufpel.edu.br\/game\/files\/2015\/06\/info.png\" alt=\"CV\" width=\"16\" height=\"16\" \/><\/a><\/td>\n<\/tr>\n<tr style=\"padding-left: 30px\">\n<td style=\"padding-left: 30px\">Lucas Lazzari<\/td>\n<td><a href=\"http:\/\/lucas.lazzari@_NO_SPAM_outlook.com\">email<\/a><\/td>\n<td><a href=\"https:\/\/wp.ufpel.edu.br\/game\/files\/2015\/06\/info.png\"><img class=\"alignnone size-full wp-image-265\" src=\"https:\/\/wp.ufpel.edu.br\/game\/files\/2015\/06\/info.png\" alt=\"info\" width=\"16\" height=\"16\" \/><\/a><\/td>\n<\/tr>\n<tr style=\"padding-left: 30px\">\n<td style=\"padding-left: 30px\">Renata Schneider<\/td>\n<td><a href=\"http:\/\/schneiderrenata10@_NO_SPAM_gmail.com\">email<\/a><\/td>\n<td><a href=\"https:\/\/wp.ufpel.edu.br\/game\/files\/2015\/06\/info.png\"><img class=\"alignnone size-full wp-image-265\" src=\"https:\/\/wp.ufpel.edu.br\/game\/files\/2015\/06\/info.png\" alt=\"info\" width=\"16\" height=\"16\" \/><\/a><\/td>\n<\/tr>\n<tr style=\"padding-left: 30px\">\n<td style=\"padding-left: 30px\">Valeria Franco<\/td>\n<td><a href=\"http:\/\/valeriafrantos@_NO_SPAM_gmail.com\">email<\/a><\/td>\n<td><a href=\"https:\/\/wp.ufpel.edu.br\/game\/files\/2015\/06\/info.png\"><img class=\"alignnone size-full wp-image-265\" src=\"https:\/\/wp.ufpel.edu.br\/game\/files\/2015\/06\/info.png\" alt=\"info\" width=\"16\" height=\"16\" \/><\/a><\/td>\n<\/tr>\n<tr style=\"padding-left: 30px\">\n<td style=\"padding-left: 30px\">Vinicius Sim\u00f5es Aderaldo<\/td>\n<td><a href=\"http:\/\/vini.aderaldo@_NO_SPAM_gmail.com\">email<\/a><\/td>\n<td><a href=\"http:\/\/lattes.cnpq.br\/9928279940979954\"><img class=\"alignnone wp-image-265 size-full\" src=\"https:\/\/wp.ufpel.edu.br\/game\/files\/2015\/06\/info.png\" alt=\"info\" width=\"16\" height=\"16\" \/><\/a><\/td>\n<\/tr>\n<\/tbody>\n<\/table>\n<p style=\"padding-left: 30px\">\n","protected":false},"excerpt":{"rendered":"<p>Docentes: Daniel Tavares da Silva email Gustavo Gil da Silveira email M\u00e1rio Luiz Lopes da Silva email Rafael Cavagnoli email Victor Paulo Barros Gon\u00e7alves email Werner Krambeck Sauter email &nbsp; P\u00f3s-docs: M\u00e1rcio Aparecido M\u00fcller email Miguel Medina Jaime email &nbsp; Estudantes de doutorado: C\u00e9sar Eduardo Krumreich email Jean Torres Reis email &nbsp; Estudantes de mestrado: [&hellip;]<\/p>\n","protected":false},"author":503,"featured_media":0,"parent":0,"menu_order":0,"comment_status":"closed","ping_status":"closed","template":"","meta":{"footnotes":""},"class_list":["post-307","page","type-page","status-publish","hentry"],"_links":{"self":[{"href":"https:\/\/wp.ufpel.edu.br\/game\/wp-json\/wp\/v2\/pages\/307","targetHints":{"allow":["GET"]}}],"collection":[{"href":"https:\/\/wp.ufpel.edu.br\/game\/wp-json\/wp\/v2\/pages"}],"about":[{"href":"https:\/\/wp.ufpel.edu.br\/game\/wp-json\/wp\/v2\/types\/page"}],"author":[{"embeddable":true,"href":"https:\/\/wp.ufpel.edu.br\/game\/wp-json\/wp\/v2\/users\/503"}],"replies":[{"embeddable":true,"href":"https:\/\/wp.ufpel.edu.br\/game\/wp-json\/wp\/v2\/comments?post=307"}],"version-history":[{"count":32,"href":"https:\/\/wp.ufpel.edu.br\/game\/wp-json\/wp\/v2\/pages\/307\/revisions"}],"predecessor-version":[{"id":309,"href":"https:\/\/wp.ufpel.edu.br\/game\/wp-json\/wp\/v2\/pages\/307\/revisions\/309"}],"wp:attachment":[{"href":"https:\/\/wp.ufpel.edu.br\/game\/wp-json\/wp\/v2\/media?parent=307"}],"curies":[{"name":"wp","href":"https:\/\/api.w.org\/{rel}","templated":true}]}}