{"id":28,"date":"2015-06-09T16:33:10","date_gmt":"2015-06-09T19:33:10","guid":{"rendered":"https:\/\/wp.ufpel.edu.br\/game\/?page_id=28"},"modified":"2016-04-18T14:35:20","modified_gmt":"2016-04-18T17:35:20","slug":"2015-2","status":"publish","type":"page","link":"https:\/\/wp.ufpel.edu.br\/game\/seminarios\/2015-2\/","title":{"rendered":"2015\/2"},"content":{"rendered":"<p>Cronograma de atividades do GAME para o segundo semestre de 2015.<\/p>\n<p>Os semin\u00e1rios ocorrem, salvo exce\u00e7\u00f5es, \u00e0s 14h na sala 416 do pr\u00e9dio 13, campus Cap\u00e3o do Le\u00e3o (UFPel).<\/p>\n<p>&nbsp;<\/p>\n<table border=\"0\">\n<tbody>\n<tr>\n<td style=\"width: 60px;padding-left: 30px\">21\/08<\/td>\n<td>Jean Reis<\/td>\n<td><span style=\"text-decoration: underline\"><a href=\"https:\/\/wp.ufpel.edu.br\/game\/files\/2015\/06\/seminario_jean_2015-2.pdf\" target=\"_blank\">Produ\u00e7\u00e3o de monop\u00f3los magn\u00e9ticos em colis\u00f5es perif\u00e9ricas p-p e Pb-Pb no LHC<\/a><\/span><\/td>\n<\/tr>\n<tr>\n<td style=\"padding-left: 30px\">28\/08<\/td>\n<td style=\"width: 150px\">Edgar Paitan<\/td>\n<td><span style=\"text-decoration: underline\"><a href=\"https:\/\/wp.ufpel.edu.br\/game\/files\/2015\/06\/seminario_edgar_2015_2.pdf\" target=\"_blank\">Implica\u00e7\u00f5es fenomenol\u00f3gicas do processo de duplo espalhamento part\u00f4nico no Grande Colisor de H\u00e1drons<\/a><\/span><\/td>\n<\/tr>\n<tr>\n<td style=\"padding-left: 30px\">06\/09<\/td>\n<td style=\"width: 150px\">Werner Sauter<\/td>\n<td><a href=\"https:\/\/wp.ufpel.edu.br\/game\/files\/2015\/06\/seminario_werner_2015_2.pdf\" target=\"_blank\">Olhando al\u00e9m: em busca de dimens\u00f5es extras<\/a><\/td>\n<\/tr>\n<tr>\n<td style=\"padding-left: 30px\">18\/09<\/td>\n<td>\n<p>Gilvana Penedo<\/p>\n<p>Felipe Spiess<\/p>\n<p>Patr\u00edcia Moreira<\/td>\n<td>\n<p>Efeitos n\u00e3o-lineares na distribui\u00e7\u00e3o de gl\u00faons para pequeno-x<\/p>\n<p>Incerteza nos observ\u00e1veis de fotoprodu\u00e7\u00e3o de dil\u00e9ptons<\/p>\n<p>Decaimento de f2 no modelo 3P0<\/td>\n<\/tr>\n<tr>\n<td style=\"padding-left: 30px\">16\/10<\/td>\n<td>Jean Reis<\/td>\n<td><span style=\"text-decoration: underline\"><a href=\"https:\/\/wp.ufpel.edu.br\/game\/files\/2015\/06\/seminario_jean_2015-3.pdf\" target=\"_blank\"> Produ\u00e7\u00e3o de monop\u00f3los magn\u00e9ticos em colis\u00f5es perif\u00e9ricas<\/a><\/span><\/td>\n<\/tr>\n<tr>\n<td style=\"padding-left: 30px\">23\/10<\/td>\n<td>Gustavo Silveira<\/td>\n<td><span style=\"text-decoration: underline\"><a href=\"https:\/\/wp.ufpel.edu.br\/game\/files\/2015\/06\/seminario_gustavo_2015_2.pdf\" target=\"_blank\">Gera\u00e7\u00e3o de massa das part\u00edculas: o mecanismo de Higgs-Kibble<\/a><\/span><\/td>\n<\/tr>\n<tr>\n<td style=\"padding-left: 30px\">30\/10<\/td>\n<td>M\u00e1rcio M\u00fcller<\/td>\n<td><span style=\"text-decoration: underline\"><a href=\"https:\/\/wp.ufpel.edu.br\/game\/files\/2015\/06\/seminario_marcio_2015_2.pdf\" target=\"_blank\">Estudo de par\u00e2metros em CAEs com inclus\u00e3o de charm<\/a><\/span><\/td>\n<\/tr>\n<tr>\n<td style=\"padding-left: 30px\">06\/11<\/td>\n<td>Luan Arbeletche<\/td>\n<td><span style=\"text-decoration: underline\"><a href=\"https:\/\/wp.ufpel.edu.br\/game\/files\/2015\/06\/seminario_luan_2015_2.pdf\" target=\"_blank\">Extrapolando modelos de intera\u00e7\u00f5es hadr\u00f4nicas em energias de raios c\u00f3smicos<\/a><\/span><\/td>\n<\/tr>\n<tr>\n<td style=\"padding-left: 30px\">20\/11<\/td>\n<td>Mario Silva<\/td>\n<td><\/td>\n<\/tr>\n<tr>\n<td style=\"padding-left: 30px\">27\/11<\/td>\n<td>Werner Sauter<\/td>\n<td><a href=\"https:\/\/wp.ufpel.edu.br\/game\/files\/2015\/06\/seminario_werner_2015_2-1.pdf\" target=\"_blank\">Mini-curso em espalhamento &#8211; segunda parte<\/a><\/td>\n<\/tr>\n<\/tbody>\n<\/table>\n<p>&nbsp;<\/p>\n","protected":false},"excerpt":{"rendered":"<p>Cronograma de atividades do GAME para o segundo semestre de 2015. Os semin\u00e1rios ocorrem, salvo exce\u00e7\u00f5es, \u00e0s 14h na sala 416 do pr\u00e9dio 13, campus Cap\u00e3o do Le\u00e3o (UFPel). &nbsp; 21\/08 Jean Reis Produ\u00e7\u00e3o de monop\u00f3los magn\u00e9ticos em colis\u00f5es perif\u00e9ricas p-p e Pb-Pb no LHC 28\/08 Edgar Paitan Implica\u00e7\u00f5es fenomenol\u00f3gicas do processo de duplo espalhamento [&hellip;]<\/p>\n","protected":false},"author":503,"featured_media":0,"parent":26,"menu_order":0,"comment_status":"closed","ping_status":"closed","template":"","meta":{"footnotes":""},"class_list":["post-28","page","type-page","status-publish","hentry"],"_links":{"self":[{"href":"https:\/\/wp.ufpel.edu.br\/game\/wp-json\/wp\/v2\/pages\/28","targetHints":{"allow":["GET"]}}],"collection":[{"href":"https:\/\/wp.ufpel.edu.br\/game\/wp-json\/wp\/v2\/pages"}],"about":[{"href":"https:\/\/wp.ufpel.edu.br\/game\/wp-json\/wp\/v2\/types\/page"}],"author":[{"embeddable":true,"href":"https:\/\/wp.ufpel.edu.br\/game\/wp-json\/wp\/v2\/users\/503"}],"replies":[{"embeddable":true,"href":"https:\/\/wp.ufpel.edu.br\/game\/wp-json\/wp\/v2\/comments?post=28"}],"version-history":[{"count":43,"href":"https:\/\/wp.ufpel.edu.br\/game\/wp-json\/wp\/v2\/pages\/28\/revisions"}],"predecessor-version":[{"id":498,"href":"https:\/\/wp.ufpel.edu.br\/game\/wp-json\/wp\/v2\/pages\/28\/revisions\/498"}],"up":[{"embeddable":true,"href":"https:\/\/wp.ufpel.edu.br\/game\/wp-json\/wp\/v2\/pages\/26"}],"wp:attachment":[{"href":"https:\/\/wp.ufpel.edu.br\/game\/wp-json\/wp\/v2\/media?parent=28"}],"curies":[{"name":"wp","href":"https:\/\/api.w.org\/{rel}","templated":true}]}}