{"id":26,"date":"2015-06-09T16:32:49","date_gmt":"2015-06-09T19:32:49","guid":{"rendered":"https:\/\/wp.ufpel.edu.br\/game\/?page_id=26"},"modified":"2016-08-12T17:05:00","modified_gmt":"2016-08-12T20:05:00","slug":"seminarios","status":"publish","type":"page","link":"https:\/\/wp.ufpel.edu.br\/game\/seminarios\/","title":{"rendered":"Semin\u00e1rios"},"content":{"rendered":"<p>Os semin\u00e1rios de grupo s\u00e3o realizados semanalmente na sala 416 do pr\u00e9dio 13, campus Cap\u00e3o do Le\u00e3o (UFPel).<\/p>\n<p style=\"padding-left: 30px\"><a href=\"https:\/\/wp.ufpel.edu.br\/game\/seminarios\/cronograma-atual\/\">Cronograma atual<\/a><\/p>\n<p>Semin\u00e1rios apresentados em semestres anteriores:<\/p>\n<p style=\"padding-left: 30px\"><a href=\"https:\/\/wp.ufpel.edu.br\/game\/seminarios\/2016-1\/\">2016\/1<\/a><\/p>\n<p style=\"padding-left: 30px\"><a href=\"https:\/\/wp.ufpel.edu.br\/game\/seminarios\/seminarios-anteriores-2\/2015-2\/\">2015\/2<\/a><\/p>\n<p style=\"padding-left: 30px\"><a href=\"https:\/\/wp.ufpel.edu.br\/game\/seminarios\/seminarios-anteriores-2\/2015-1\/\">2015\/1<\/a><\/p>\n","protected":false},"excerpt":{"rendered":"<p>Os semin\u00e1rios de grupo s\u00e3o realizados semanalmente na sala 416 do pr\u00e9dio 13, campus Cap\u00e3o do Le\u00e3o (UFPel). Cronograma atual Semin\u00e1rios apresentados em semestres anteriores: 2016\/1 2015\/2 2015\/1<\/p>\n","protected":false},"author":503,"featured_media":0,"parent":0,"menu_order":0,"comment_status":"closed","ping_status":"closed","template":"","meta":{"footnotes":""},"class_list":["post-26","page","type-page","status-publish","hentry"],"_links":{"self":[{"href":"https:\/\/wp.ufpel.edu.br\/game\/wp-json\/wp\/v2\/pages\/26","targetHints":{"allow":["GET"]}}],"collection":[{"href":"https:\/\/wp.ufpel.edu.br\/game\/wp-json\/wp\/v2\/pages"}],"about":[{"href":"https:\/\/wp.ufpel.edu.br\/game\/wp-json\/wp\/v2\/types\/page"}],"author":[{"embeddable":true,"href":"https:\/\/wp.ufpel.edu.br\/game\/wp-json\/wp\/v2\/users\/503"}],"replies":[{"embeddable":true,"href":"https:\/\/wp.ufpel.edu.br\/game\/wp-json\/wp\/v2\/comments?post=26"}],"version-history":[{"count":14,"href":"https:\/\/wp.ufpel.edu.br\/game\/wp-json\/wp\/v2\/pages\/26\/revisions"}],"predecessor-version":[{"id":535,"href":"https:\/\/wp.ufpel.edu.br\/game\/wp-json\/wp\/v2\/pages\/26\/revisions\/535"}],"wp:attachment":[{"href":"https:\/\/wp.ufpel.edu.br\/game\/wp-json\/wp\/v2\/media?parent=26"}],"curies":[{"name":"wp","href":"https:\/\/api.w.org\/{rel}","templated":true}]}}