{"id":24,"date":"2015-06-09T16:32:14","date_gmt":"2015-06-09T19:32:14","guid":{"rendered":"https:\/\/wp.ufpel.edu.br\/game\/?page_id=24"},"modified":"2015-11-11T10:27:53","modified_gmt":"2015-11-11T12:27:53","slug":"teses","status":"publish","type":"page","link":"https:\/\/wp.ufpel.edu.br\/game\/publicacoes\/teses\/","title":{"rendered":"Teses"},"content":{"rendered":"<p><a href=\"https:\/\/wp.ufpel.edu.br\/game\/files\/2015\/06\/tese_marcio.pdf\" target=\"_blank\"><strong><span style=\"text-decoration: underline\">Estudo sobre as Intera\u00e7\u00f5es de H\u00e1drons nos M\u00f3dulos de Superf\u00edcie e Adjac\u00eancias, do Observat\u00f3rio Pierre Auger<\/span><\/strong><\/a><br \/>\nM\u00e1rcio M\u00fcller<\/p>\n","protected":false},"excerpt":{"rendered":"<p>Estudo sobre as Intera\u00e7\u00f5es de H\u00e1drons nos M\u00f3dulos de Superf\u00edcie e Adjac\u00eancias, do Observat\u00f3rio Pierre Auger M\u00e1rcio M\u00fcller<\/p>\n","protected":false},"author":503,"featured_media":0,"parent":18,"menu_order":0,"comment_status":"closed","ping_status":"closed","template":"","meta":{"footnotes":""},"class_list":["post-24","page","type-page","status-publish","hentry"],"_links":{"self":[{"href":"https:\/\/wp.ufpel.edu.br\/game\/wp-json\/wp\/v2\/pages\/24","targetHints":{"allow":["GET"]}}],"collection":[{"href":"https:\/\/wp.ufpel.edu.br\/game\/wp-json\/wp\/v2\/pages"}],"about":[{"href":"https:\/\/wp.ufpel.edu.br\/game\/wp-json\/wp\/v2\/types\/page"}],"author":[{"embeddable":true,"href":"https:\/\/wp.ufpel.edu.br\/game\/wp-json\/wp\/v2\/users\/503"}],"replies":[{"embeddable":true,"href":"https:\/\/wp.ufpel.edu.br\/game\/wp-json\/wp\/v2\/comments?post=24"}],"version-history":[{"count":4,"href":"https:\/\/wp.ufpel.edu.br\/game\/wp-json\/wp\/v2\/pages\/24\/revisions"}],"predecessor-version":[{"id":465,"href":"https:\/\/wp.ufpel.edu.br\/game\/wp-json\/wp\/v2\/pages\/24\/revisions\/465"}],"up":[{"embeddable":true,"href":"https:\/\/wp.ufpel.edu.br\/game\/wp-json\/wp\/v2\/pages\/18"}],"wp:attachment":[{"href":"https:\/\/wp.ufpel.edu.br\/game\/wp-json\/wp\/v2\/media?parent=24"}],"curies":[{"name":"wp","href":"https:\/\/api.w.org\/{rel}","templated":true}]}}