{"id":22,"date":"2015-06-09T16:32:00","date_gmt":"2015-06-09T19:32:00","guid":{"rendered":"https:\/\/wp.ufpel.edu.br\/game\/?page_id=22"},"modified":"2016-09-12T14:56:24","modified_gmt":"2016-09-12T17:56:24","slug":"dissertacoes","status":"publish","type":"page","link":"https:\/\/wp.ufpel.edu.br\/game\/publicacoes\/dissertacoes\/","title":{"rendered":"Disserta\u00e7\u00f5es"},"content":{"rendered":"<p><strong><a href=\"https:\/\/wp.ufpel.edu.br\/game\/files\/2015\/06\/dissertacao_jean.pdf\" target=\"_blank\">Fotoprodu\u00e7\u00e3o de monopolos magn\u00e9ticos e monopolium em colisores de altas energias<\/a><br \/>\n<\/strong>Jean Reis, 2016.<\/p>\n<p><strong><a href=\"https:\/\/wp.ufpel.edu.br\/game\/files\/2015\/06\/dissertacao_gabriela.pdf\" target=\"_blank\">Implica\u00e7\u00f5es Fenomenol\u00f3gicas do Charme Intr\u00ednseco no Grande Colisor de H\u00e1drons<\/a><br \/>\n<\/strong>Gabriela Bailas, 2015.<\/p>\n<p><strong><a href=\"https:\/\/wp.ufpel.edu.br\/game\/files\/2015\/06\/dissertacao_luis.pdf\" target=\"_blank\">Determina\u00e7\u00e3o da Distribui\u00e7\u00e3o de Gl\u00faons do Pr\u00f3ton na Fotoprodu\u00e7\u00e3o de M\u00e9sons Vetoriais no Grande Colisor de H\u00e1drons<\/a><\/strong><br \/>\nLu\u00eds Augusto Souza Martins, 2014.<\/p>\n<p><a href=\"https:\/\/wp.ufpel.edu.br\/game\/files\/2015\/06\/dissertacao_diego.pdf\" target=\"_blank\"><strong>Espalhamento Compton Profundamente Virtual em Colis\u00f5es El\u00e9tron-Pr\u00f3ton e El\u00e9tron-N\u00facleo<\/strong><\/a><br \/>\nDiego Spiering Pires, 2014.<\/p>\n<p><strong><a href=\"https:\/\/wp.ufpel.edu.br\/game\/files\/2015\/06\/dissertacao_yuri.pdf\" target=\"_blank\">Fotoprodu\u00e7\u00e3o de Quarks Pesados em Colis\u00f5es Pr\u00f3ton-Pr\u00f3ton no Grande Colisor de H\u00e1drons<\/a><br \/>\n<\/strong>Yuri Lemos de Avila, 2014.<\/p>\n<p><a href=\"https:\/\/wp.ufpel.edu.br\/game\/files\/2015\/06\/disertacao_mauricio_thiel.pdf\" target=\"_blank\"><strong>Produ\u00e7\u00e3o Dupla do B\u00f3son <em>Z<\/em> e de Quarks Pesados como Assinaturas de Dimens\u00f5es Extras no Grande Colisor de H\u00e1drons<\/strong><\/a><br \/>\nMaur\u00edcio Thiel, 2013.<\/p>\n<p><a href=\"https:\/\/wp.ufpel.edu.br\/game\/files\/2015\/06\/dissertacao_bruno.pdf\" target=\"_blank\"><strong>Fotoprodu\u00e7\u00e3o de Pares de L\u00e9ptons em Colis\u00f5es Pr\u00f3ton-N\u00facleo no Grande Colisor de H\u00e1drons<\/strong><\/a><br \/>\nBruno Duarte da Silva Moreira, 2012.<\/p>\n<p><a href=\"https:\/\/wp.ufpel.edu.br\/game\/files\/2015\/06\/dissertacao_rosalia.pdf\" target=\"_blank\"><strong>Implica\u00e7\u00f5es Fenomenol\u00f3gicas da Alta Densidade Part\u00f4nica na Produ\u00e7\u00e3o de Dil\u00e9ptons para Energias de Raios C\u00f3smicos<\/strong><\/a><br \/>\nRosalia Kr\u00fcger de Castro, 2012.<\/p>\n<p><a href=\"https:\/\/wp.ufpel.edu.br\/game\/files\/2015\/06\/dissertacao_anelise.pdf\" target=\"_blank\"><strong>Fotoprodu\u00e7\u00e3o de Quarks Pesados em Colis\u00f5es Pr\u00f3ton-Pr\u00f3ton no Grande Colisor de H\u00e1drons<\/strong><\/a><br \/>\nAnelise Ramires Meneses, 2011.<\/p>\n<p><a href=\"https:\/\/wp.ufpel.edu.br\/game\/files\/2015\/06\/dissertacao_mirian.pdf\" target=\"_blank\"><strong>Determina\u00e7\u00e3o da Distribui\u00e7\u00e3o de Gl\u00faons Nuclear na Fotoprodu\u00e7\u00e3o de Quarkonium no RHIC e no LHC<\/strong><\/a><br \/>\nMirian Thurow Griep, 2010.<\/p>\n<p>&nbsp;<\/p>\n","protected":false},"excerpt":{"rendered":"<p>Fotoprodu\u00e7\u00e3o de monopolos magn\u00e9ticos e monopolium em colisores de altas energias Jean Reis, 2016. Implica\u00e7\u00f5es Fenomenol\u00f3gicas do Charme Intr\u00ednseco no Grande Colisor de H\u00e1drons Gabriela Bailas, 2015. Determina\u00e7\u00e3o da Distribui\u00e7\u00e3o de Gl\u00faons do Pr\u00f3ton na Fotoprodu\u00e7\u00e3o de M\u00e9sons Vetoriais no Grande Colisor de H\u00e1drons Lu\u00eds Augusto Souza Martins, 2014. Espalhamento Compton Profundamente Virtual em Colis\u00f5es [&hellip;]<\/p>\n","protected":false},"author":503,"featured_media":0,"parent":18,"menu_order":0,"comment_status":"closed","ping_status":"closed","template":"","meta":{"footnotes":""},"class_list":["post-22","page","type-page","status-publish","hentry"],"_links":{"self":[{"href":"https:\/\/wp.ufpel.edu.br\/game\/wp-json\/wp\/v2\/pages\/22","targetHints":{"allow":["GET"]}}],"collection":[{"href":"https:\/\/wp.ufpel.edu.br\/game\/wp-json\/wp\/v2\/pages"}],"about":[{"href":"https:\/\/wp.ufpel.edu.br\/game\/wp-json\/wp\/v2\/types\/page"}],"author":[{"embeddable":true,"href":"https:\/\/wp.ufpel.edu.br\/game\/wp-json\/wp\/v2\/users\/503"}],"replies":[{"embeddable":true,"href":"https:\/\/wp.ufpel.edu.br\/game\/wp-json\/wp\/v2\/comments?post=22"}],"version-history":[{"count":9,"href":"https:\/\/wp.ufpel.edu.br\/game\/wp-json\/wp\/v2\/pages\/22\/revisions"}],"predecessor-version":[{"id":540,"href":"https:\/\/wp.ufpel.edu.br\/game\/wp-json\/wp\/v2\/pages\/22\/revisions\/540"}],"up":[{"embeddable":true,"href":"https:\/\/wp.ufpel.edu.br\/game\/wp-json\/wp\/v2\/pages\/18"}],"wp:attachment":[{"href":"https:\/\/wp.ufpel.edu.br\/game\/wp-json\/wp\/v2\/media?parent=22"}],"curies":[{"name":"wp","href":"https:\/\/api.w.org\/{rel}","templated":true}]}}