{"id":207,"date":"2015-06-09T16:59:53","date_gmt":"2015-06-09T19:59:53","guid":{"rendered":"https:\/\/wp.ufpel.edu.br\/game\/?page_id=207"},"modified":"2016-11-04T16:19:34","modified_gmt":"2016-11-04T18:19:34","slug":"home","status":"publish","type":"page","link":"https:\/\/wp.ufpel.edu.br\/game\/","title":{"rendered":"GAME"},"content":{"rendered":"<p>O Grupo de Altas e M\u00e9dias Energias (GAME) desenvolve o estudo de sistemas part\u00f4nicos e hadr\u00f4nicos no regime de altas e m\u00e9dias energias em termos da teoria das intera\u00e7\u00f5es fundamentais da mat\u00e9ria<\/p>\n<p>&nbsp;<\/p>\n","protected":false},"excerpt":{"rendered":"<p>O Grupo de Altas e M\u00e9dias Energias (GAME) desenvolve o estudo de sistemas part\u00f4nicos e hadr\u00f4nicos no regime de altas e m\u00e9dias energias em termos da teoria das intera\u00e7\u00f5es fundamentais da mat\u00e9ria &nbsp;<\/p>\n","protected":false},"author":503,"featured_media":0,"parent":0,"menu_order":0,"comment_status":"closed","ping_status":"closed","template":"","meta":{"footnotes":""},"class_list":["post-207","page","type-page","status-publish","hentry"],"_links":{"self":[{"href":"https:\/\/wp.ufpel.edu.br\/game\/wp-json\/wp\/v2\/pages\/207","targetHints":{"allow":["GET"]}}],"collection":[{"href":"https:\/\/wp.ufpel.edu.br\/game\/wp-json\/wp\/v2\/pages"}],"about":[{"href":"https:\/\/wp.ufpel.edu.br\/game\/wp-json\/wp\/v2\/types\/page"}],"author":[{"embeddable":true,"href":"https:\/\/wp.ufpel.edu.br\/game\/wp-json\/wp\/v2\/users\/503"}],"replies":[{"embeddable":true,"href":"https:\/\/wp.ufpel.edu.br\/game\/wp-json\/wp\/v2\/comments?post=207"}],"version-history":[{"count":11,"href":"https:\/\/wp.ufpel.edu.br\/game\/wp-json\/wp\/v2\/pages\/207\/revisions"}],"predecessor-version":[{"id":560,"href":"https:\/\/wp.ufpel.edu.br\/game\/wp-json\/wp\/v2\/pages\/207\/revisions\/560"}],"wp:attachment":[{"href":"https:\/\/wp.ufpel.edu.br\/game\/wp-json\/wp\/v2\/media?parent=207"}],"curies":[{"name":"wp","href":"https:\/\/api.w.org\/{rel}","templated":true}]}}