{"id":20,"date":"2015-06-09T16:31:46","date_gmt":"2015-06-09T19:31:46","guid":{"rendered":"https:\/\/wp.ufpel.edu.br\/game\/?page_id=20"},"modified":"2015-10-16T17:09:56","modified_gmt":"2015-10-16T20:09:56","slug":"artigos","status":"publish","type":"page","link":"https:\/\/wp.ufpel.edu.br\/game\/publicacoes\/artigos\/","title":{"rendered":"Artigos"},"content":{"rendered":"<p>Pesquisar por autor:<\/p>\n<p style=\"padding-left: 30px\"><span style=\"text-decoration: underline\"><a href=\"http:\/\/inspirehep.net\/search?p=exactauthor%3AD.T.da.Silva.1&amp;sf=earliestdate\" target=\"_blank\">Daniel<\/a><\/span><span style=\"text-decoration: underline\"><a href=\"http:\/\/inspirehep.net\/search?p=exactauthor%3AD.T.da.Silva.1&amp;sf=earliestdate\" target=\"_blank\"> T. da Silva<\/a><\/span><\/p>\n<p style=\"padding-left: 30px\"><span style=\"text-decoration: underline\"><a href=\"http:\/\/inspirehep.net\/search?p=exactauthor%3AG.G.da.Silveira.1&amp;sf=earliestdate\" target=\"_blank\">Gustavo G. da Silveira<\/a><\/span><\/p>\n<p style=\"padding-left: 30px\"><span style=\"text-decoration: underline\"><a href=\"http:\/\/inspirehep.net\/search?ln=pt&amp;ln=pt&amp;p=find+a+da+silva%2C+M.+L.+L.&amp;of=hb&amp;action_search=Pesquisar&amp;sf=earliestdate&amp;so=d&amp;rm=&amp;rg=25&amp;sc=0\" target=\"_blank\">Mario L. L. da Silva<\/a><\/span><\/p>\n<p style=\"padding-left: 30px\"><a href=\"http:\/\/www.researcherid.com\/rid\/H-9112-2012\" target=\"_blank\">M\u00e1rcio A. M\u00fcller<\/a><\/p>\n<p style=\"padding-left: 30px\"><span style=\"text-decoration: underline\"><a href=\"http:\/\/inspirehep.net\/search?p=exactauthor%3AR.Cavagnoli.1&amp;sf=earliestdate\" target=\"_blank\">Rafael Cavagnoli<\/a><\/span><\/p>\n<p style=\"padding-left: 30px\"><span style=\"text-decoration: underline\"><a href=\"http:\/\/inspirehep.net\/search?ln=pt&amp;p=a+goncalves%2C+v.+p.&amp;of=hb&amp;action_search=Pesquisar&amp;sf=earliestdate&amp;so=d\" target=\"_blank\">Victor P. B. Gon\u00e7alves<\/a><\/span><\/p>\n<p style=\"padding-left: 30px\"><span style=\"text-decoration: underline\"><a href=\"http:\/\/inspirehep.net\/search?p=exactauthor%3AW.K.Sauter.1&amp;sf=earliestdate\" target=\"_blank\">Werner K. Sauter<\/a><\/span><\/p>\n<p>&nbsp;<\/p>\n","protected":false},"excerpt":{"rendered":"<p>Pesquisar por autor: Daniel T. da Silva Gustavo G. da Silveira Mario L. L. da Silva M\u00e1rcio A. M\u00fcller Rafael Cavagnoli Victor P. B. Gon\u00e7alves Werner K. Sauter &nbsp;<\/p>\n","protected":false},"author":503,"featured_media":0,"parent":18,"menu_order":0,"comment_status":"closed","ping_status":"closed","template":"","meta":{"footnotes":""},"class_list":["post-20","page","type-page","status-publish","hentry"],"_links":{"self":[{"href":"https:\/\/wp.ufpel.edu.br\/game\/wp-json\/wp\/v2\/pages\/20","targetHints":{"allow":["GET"]}}],"collection":[{"href":"https:\/\/wp.ufpel.edu.br\/game\/wp-json\/wp\/v2\/pages"}],"about":[{"href":"https:\/\/wp.ufpel.edu.br\/game\/wp-json\/wp\/v2\/types\/page"}],"author":[{"embeddable":true,"href":"https:\/\/wp.ufpel.edu.br\/game\/wp-json\/wp\/v2\/users\/503"}],"replies":[{"embeddable":true,"href":"https:\/\/wp.ufpel.edu.br\/game\/wp-json\/wp\/v2\/comments?post=20"}],"version-history":[{"count":15,"href":"https:\/\/wp.ufpel.edu.br\/game\/wp-json\/wp\/v2\/pages\/20\/revisions"}],"predecessor-version":[{"id":450,"href":"https:\/\/wp.ufpel.edu.br\/game\/wp-json\/wp\/v2\/pages\/20\/revisions\/450"}],"up":[{"embeddable":true,"href":"https:\/\/wp.ufpel.edu.br\/game\/wp-json\/wp\/v2\/pages\/18"}],"wp:attachment":[{"href":"https:\/\/wp.ufpel.edu.br\/game\/wp-json\/wp\/v2\/media?parent=20"}],"curies":[{"name":"wp","href":"https:\/\/api.w.org\/{rel}","templated":true}]}}