{"id":12,"date":"2022-05-27T17:25:26","date_gmt":"2022-05-27T20:25:26","guid":{"rendered":"https:\/\/wp.ufpel.edu.br\/galeria3dgipc\/?page_id=12"},"modified":"2022-05-27T18:04:34","modified_gmt":"2022-05-27T21:04:34","slug":"quem-somos","status":"publish","type":"page","link":"https:\/\/wp.ufpel.edu.br\/galeria3dgipc\/sobre\/quem-somos\/","title":{"rendered":"QUEM SOMOS?"},"content":{"rendered":"<header class=\"entry-header\">\n<h1 class=\"entry-title\"><\/h1>\n<\/header>\n<div class=\"entry-content\">\n<p>Somos um grupo de pesquisa, ensino e extens\u00e3o interdisciplinar e interinstitucional que tem como objetivo implantar o Polo Morro Redondo da C\u00e1tedra Unesco-IPT de Humanidades e Gest\u00e3o Cultural Integrada do Territ\u00f3rio do Instituto Polit\u00e9cnico de Tomar, sob lideran\u00e7a do Prof. Luiz Oosterbeek.<\/p>\n<p>As institui\u00e7\u00f5es envolvidas:<\/p>\n<\/div>\n","protected":false},"excerpt":{"rendered":"<p>Somos um grupo de pesquisa, ensino e extens\u00e3o interdisciplinar e interinstitucional que tem como objetivo implantar o Polo Morro Redondo da C\u00e1tedra Unesco-IPT de Humanidades e Gest\u00e3o Cultural Integrada do Territ\u00f3rio do Instituto Polit\u00e9cnico de Tomar, sob lideran\u00e7a do Prof. Luiz Oosterbeek. As institui\u00e7\u00f5es envolvidas:<\/p>\n","protected":false},"author":1229,"featured_media":0,"parent":9,"menu_order":0,"comment_status":"closed","ping_status":"closed","template":"","meta":{"footnotes":""},"class_list":["post-12","page","type-page","status-publish","hentry"],"_links":{"self":[{"href":"https:\/\/wp.ufpel.edu.br\/galeria3dgipc\/wp-json\/wp\/v2\/pages\/12","targetHints":{"allow":["GET"]}}],"collection":[{"href":"https:\/\/wp.ufpel.edu.br\/galeria3dgipc\/wp-json\/wp\/v2\/pages"}],"about":[{"href":"https:\/\/wp.ufpel.edu.br\/galeria3dgipc\/wp-json\/wp\/v2\/types\/page"}],"author":[{"embeddable":true,"href":"https:\/\/wp.ufpel.edu.br\/galeria3dgipc\/wp-json\/wp\/v2\/users\/1229"}],"replies":[{"embeddable":true,"href":"https:\/\/wp.ufpel.edu.br\/galeria3dgipc\/wp-json\/wp\/v2\/comments?post=12"}],"version-history":[{"count":5,"href":"https:\/\/wp.ufpel.edu.br\/galeria3dgipc\/wp-json\/wp\/v2\/pages\/12\/revisions"}],"predecessor-version":[{"id":74,"href":"https:\/\/wp.ufpel.edu.br\/galeria3dgipc\/wp-json\/wp\/v2\/pages\/12\/revisions\/74"}],"up":[{"embeddable":true,"href":"https:\/\/wp.ufpel.edu.br\/galeria3dgipc\/wp-json\/wp\/v2\/pages\/9"}],"wp:attachment":[{"href":"https:\/\/wp.ufpel.edu.br\/galeria3dgipc\/wp-json\/wp\/v2\/media?parent=12"}],"curies":[{"name":"wp","href":"https:\/\/api.w.org\/{rel}","templated":true}]}}