{"id":92,"date":"2016-01-13T23:23:53","date_gmt":"2016-01-14T01:23:53","guid":{"rendered":"https:\/\/wp.ufpel.edu.br\/gaia\/?page_id=92"},"modified":"2026-03-21T17:43:33","modified_gmt":"2026-03-21T20:43:33","slug":"estudantes","status":"publish","type":"page","link":"https:\/\/wp.ufpel.edu.br\/gaia\/estudantes\/","title":{"rendered":"Estudantes"},"content":{"rendered":"<div class=\"container\">\n<div class=\"sec-header\">\n<h2 class-\"sec-title\">Estudantes<\/h2>\n<p class=\"sec-subtitle\">Conhe\u00e7a os estudantes que atuam no GAIA, suas institui\u00e7\u00f5es, cursos e departamentos.<\/p>\n<hr \/>\n<\/div>\n<div class=\"accordion-group\">\n        <input type=\"checkbox\" id=\"level-graduacao\" class=\"accordion-toggle\" checked\/><\/p>\n<div class=\"institution\">\n            <label for=\"level-graduacao\" class=\"institution-title\"><\/p>\n<h3><strong>Gradua\u00e7\u00e3o<\/strong><\/h3>\n<p>            <\/label>\n        <\/div>\n<div class=\"accordion-content\">\n<div class=\"member\">\n<div class=\"member-img\"><a href=\"https:\/\/i0.wp.com\/wp.ufpel.edu.br\/gaia\/files\/2025\/11\/Imagem-do-WhatsApp-de-2025-10-24-as-22.22.43_8aa8af4a.jpg?ssl=1\"><br \/>\n                    <img data-recalc-dims=\"1\" height=\"300\" width=\"295\" decoding=\"async\" src=\"https:\/\/i0.wp.com\/wp.ufpel.edu.br\/gaia\/files\/2025\/11\/Imagem-do-WhatsApp-de-2025-10-24-as-22.22.43_8aa8af4a.jpg?resize=295%2C300&#038;ssl=1\" alt=\"Fabr\u00edcio Barbosa Viegas\" \/><br \/>\n                <\/a><\/div>\n<div class=\"member-info\">\n                    <strong>Fabr\u00edcio Barbosa Viegas<\/strong> &#8211; Nosso ativo mais importante (depois do Murilo e do Daniel).\n                <\/div>\n<\/p><\/div>\n<div class=\"member\">\n<div class=\"member-img\"><a href=\"https:\/\/i0.wp.com\/wp.ufpel.edu.br\/gaia\/files\/2025\/11\/Imagem-do-WhatsApp-de-2025-10-24-as-22.22.43_8aa8af4a.jpg?ssl=1\"><br \/>\n                    <img data-recalc-dims=\"1\" decoding=\"async\" src=\"https:\/\/i0.wp.com\/wp.ufpel.edu.br\/gaia\/files\/2026\/01\/WhatsApp-Image-2026-01-03-at-16.10.48.jpeg?w=720&#038;ssl=1\" alt=\"Murilo Salem\" \/><br \/>\n                <\/a><\/div>\n<div class=\"member-info\">\n                    <strong>Murilo Salem<\/strong> &#8211; Seus principais temas de pesquisa incluem Intelig\u00eancia Artificial, Machine Learning, Deep Learning, Intelig\u00eancia Artificial Explic\u00e1vel, \u00c9tica em IA e Simula\u00e7\u00e3o Energ\u00e9tica com o uso de t\u00e9cnicas de IA.\n                <\/div>\n<\/p><\/div>\n<div class=\"member\">\n<div class=\"member-img\"><a href=\"https:\/\/i0.wp.com\/wp.ufpel.edu.br\/gaia\/files\/2025\/11\/Captura-de-tela-2025-08-28-143107.png?ssl=1\"><br \/>\n                    <img data-recalc-dims=\"1\" height=\"300\" width=\"292\" decoding=\"async\" src=\"https:\/\/i0.wp.com\/wp.ufpel.edu.br\/gaia\/files\/2025\/11\/Captura-de-tela-2025-08-28-143107.png?resize=292%2C300&#038;ssl=1\" alt=\"Ruiva\" \/><br \/>\n                <\/a><\/div>\n<div class=\"member-info\">\n                    <strong>Julia Lu\u00edsa Bohn<\/strong> &#8211; Interprete de Libras, socialmedia e ruiva nas horas vagas.\n                <\/div>\n<\/p><\/div>\n<div class=\"member\">\n<div class=\"member-img\"><a href=\"https:\/\/i0.wp.com\/wp.ufpel.edu.br\/gaia\/files\/2021\/04\/felipe.jpeg?ssl=1\"><br \/>\n                    <img data-recalc-dims=\"1\" decoding=\"async\" src=\"https:\/\/i0.wp.com\/wp.ufpel.edu.br\/gaia\/files\/2021\/04\/felipe.jpeg?w=720&#038;ssl=1\" alt=\"\" \/><br \/>\n                <\/a><\/div>\n<div class=\"member-info\">\n                    <strong>Felipe Lopes<\/strong> &#8211; Amante das \u00e1reas de tecnologia e inova\u00e7\u00e3o, em especial as ligadas \u00e0 Intelig\u00eancia artificial&#8230;\n                <\/div>\n<\/p><\/div>\n<div class=\"member\">\n<div class=\"member-img\"><a href=\"https:\/\/i0.wp.com\/wp.ufpel.edu.br\/gaia\/files\/2021\/04\/1521141487841.jpeg?ssl=1\"><br \/>\n                    <img data-recalc-dims=\"1\" decoding=\"async\" src=\"https:\/\/i0.wp.com\/wp.ufpel.edu.br\/gaia\/files\/2021\/04\/1521141487841.jpeg?w=720&#038;ssl=1\" alt=\"\" \/><br \/>\n                <\/a><\/div>\n<div class=\"member-info\">\n                    <strong>Wilians Junior<\/strong> &#8211; Trabalho com segmenta\u00e7\u00e3o em imagens odontologicas utilizando t\u00e9cnicas de Deep Learning com U-NET.\n                <\/div>\n<\/p><\/div>\n<div class=\"member\">\n<div class=\"member-img\"><a href=\"https:\/\/i0.wp.com\/wp.ufpel.edu.br\/gaia\/files\/2021\/04\/dione.png?ssl=1\"><br \/>\n                    <img data-recalc-dims=\"1\" height=\"300\" width=\"290\" decoding=\"async\" src=\"https:\/\/i0.wp.com\/wp.ufpel.edu.br\/gaia\/files\/2021\/04\/dione.png?resize=290%2C300&#038;ssl=1\" alt=\"\" \/><br \/>\n                <\/a><\/div>\n<div class=\"member-info\">\n                    <strong>Dione Silveira da Silva<\/strong> &#8211; Trabalho com Light Fields e extra\u00e7\u00e3o de mapas de profundidade.\n                <\/div>\n<\/p><\/div>\n<\/p><\/div>\n<\/p><\/div>\n<div class=\"accordion-group\">\n        <input type=\"checkbox\" id=\"level-posgraduacao\" class=\"accordion-toggle\"\/><\/p>\n<div class=\"institution\">\n            <label for=\"level-posgraduacao\" class=\"institution-title\"><\/p>\n<h3><strong>P\u00f3s-Gradua\u00e7\u00e3o<\/strong><\/h3>\n<p>            <\/label>\n        <\/div>\n<div class=\"accordion-content\">\n<p>Nenhum membro listado nesta categoria no momento.<\/p>\n<\/p><\/div>\n<\/p><\/div>\n<\/p><\/div>\n","protected":false},"excerpt":{"rendered":"<p>Estudantes Conhe\u00e7a os estudantes que atuam no GAIA, suas institui\u00e7\u00f5es, cursos e departamentos. Gradua\u00e7\u00e3o Fabr\u00edcio Barbosa Viegas &#8211; Nosso ativo mais importante (depois do Murilo e do Daniel). Murilo Salem &#8211; Seus principais temas de pesquisa incluem Intelig\u00eancia Artificial, Machine Learning, Deep Learning, Intelig\u00eancia Artificial Explic\u00e1vel, \u00c9tica em IA e Simula\u00e7\u00e3o Energ\u00e9tica com o uso [&hellip;]<\/p>\n","protected":false},"author":138,"featured_media":0,"parent":0,"menu_order":0,"comment_status":"closed","ping_status":"closed","template":"","meta":{"footnotes":""},"class_list":["post-92","page","type-page","status-publish","hentry","post"],"yoast_head":"<!-- This site is optimized with the Yoast SEO plugin v26.7 - https:\/\/yoast.com\/wordpress\/plugins\/seo\/ -->\n<title>Estudantes - Grupo de Aplica\u00e7\u00f5es em Intelig\u00eancia Artificial<\/title>\n<meta name=\"description\" content=\"Conhe\u00e7a os estudantes que atuam no GAIA, suas institui\u00e7\u00f5es, cursos e departamentos.\" \/>\n<meta name=\"robots\" content=\"index, follow, max-snippet:-1, max-image-preview:large, max-video-preview:-1\" \/>\n<link rel=\"canonical\" href=\"https:\/\/wp.ufpel.edu.br\/gaia\/estudantes\/\" \/>\n<meta property=\"og:locale\" content=\"pt_BR\" \/>\n<meta property=\"og:type\" content=\"article\" \/>\n<meta property=\"og:title\" content=\"Estudantes - Grupo de Aplica\u00e7\u00f5es em Intelig\u00eancia Artificial\" \/>\n<meta property=\"og:description\" content=\"Conhe\u00e7a os estudantes que atuam no GAIA, suas institui\u00e7\u00f5es, cursos e departamentos.\" \/>\n<meta property=\"og:url\" content=\"https:\/\/wp.ufpel.edu.br\/gaia\/estudantes\/\" \/>\n<meta property=\"og:site_name\" content=\"Grupo de Aplica\u00e7\u00f5es em Intelig\u00eancia Artificial\" \/>\n<meta property=\"article:modified_time\" content=\"2026-03-21T20:43:33+00:00\" \/>\n<meta property=\"og:image\" content=\"https:\/\/wp.ufpel.edu.br\/gaia\/files\/2025\/11\/Imagem-do-WhatsApp-de-2025-10-24-as-22.22.43_8aa8af4a-295x300.jpg\" \/>\n<meta name=\"twitter:card\" content=\"summary_large_image\" \/>\n<meta name=\"twitter:label1\" content=\"Est. tempo de leitura\" \/>\n\t<meta name=\"twitter:data1\" content=\"2 minutos\" \/>\n<script type=\"application\/ld+json\" class=\"yoast-schema-graph\">{\"@context\":\"https:\/\/schema.org\",\"@graph\":[{\"@type\":\"WebPage\",\"@id\":\"https:\/\/wp.ufpel.edu.br\/gaia\/estudantes\/\",\"url\":\"https:\/\/wp.ufpel.edu.br\/gaia\/estudantes\/\",\"name\":\"Estudantes - Grupo de Aplica\u00e7\u00f5es em Intelig\u00eancia Artificial\",\"isPartOf\":{\"@id\":\"https:\/\/wp.ufpel.edu.br\/gaia\/#website\"},\"primaryImageOfPage\":{\"@id\":\"https:\/\/wp.ufpel.edu.br\/gaia\/estudantes\/#primaryimage\"},\"image\":{\"@id\":\"https:\/\/wp.ufpel.edu.br\/gaia\/estudantes\/#primaryimage\"},\"thumbnailUrl\":\"https:\/\/wp.ufpel.edu.br\/gaia\/files\/2025\/11\/Imagem-do-WhatsApp-de-2025-10-24-as-22.22.43_8aa8af4a-295x300.jpg\",\"datePublished\":\"2016-01-14T01:23:53+00:00\",\"dateModified\":\"2026-03-21T20:43:33+00:00\",\"description\":\"Conhe\u00e7a os estudantes que atuam no GAIA, suas institui\u00e7\u00f5es, cursos e departamentos.\",\"breadcrumb\":{\"@id\":\"https:\/\/wp.ufpel.edu.br\/gaia\/estudantes\/#breadcrumb\"},\"inLanguage\":\"pt-BR\",\"potentialAction\":[{\"@type\":\"ReadAction\",\"target\":[\"https:\/\/wp.ufpel.edu.br\/gaia\/estudantes\/\"]}]},{\"@type\":\"ImageObject\",\"inLanguage\":\"pt-BR\",\"@id\":\"https:\/\/wp.ufpel.edu.br\/gaia\/estudantes\/#primaryimage\",\"url\":\"https:\/\/i0.wp.com\/wp.ufpel.edu.br\/gaia\/files\/2025\/11\/Imagem-do-WhatsApp-de-2025-10-24-as-22.22.43_8aa8af4a.jpg?fit=713%2C724&ssl=1\",\"contentUrl\":\"https:\/\/i0.wp.com\/wp.ufpel.edu.br\/gaia\/files\/2025\/11\/Imagem-do-WhatsApp-de-2025-10-24-as-22.22.43_8aa8af4a.jpg?fit=713%2C724&ssl=1\",\"width\":713,\"height\":724},{\"@type\":\"BreadcrumbList\",\"@id\":\"https:\/\/wp.ufpel.edu.br\/gaia\/estudantes\/#breadcrumb\",\"itemListElement\":[{\"@type\":\"ListItem\",\"position\":1,\"name\":\"In\u00edcio\",\"item\":\"https:\/\/wp.ufpel.edu.br\/gaia\/\"},{\"@type\":\"ListItem\",\"position\":2,\"name\":\"Estudantes\"}]},{\"@type\":\"WebSite\",\"@id\":\"https:\/\/wp.ufpel.edu.br\/gaia\/#website\",\"url\":\"https:\/\/wp.ufpel.edu.br\/gaia\/\",\"name\":\"Grupo de Aplica\u00e7\u00f5es em Intelig\u00eancia Artificial\",\"description\":\"Promovemos a investiga\u00e7\u00e3o cient\u00edfica te\u00f3rica e pr\u00e1tica sobre t\u00e9cnicas de IA e no emprego destas t\u00e9cnicas em tecnologias inovadoras.\",\"publisher\":{\"@id\":\"https:\/\/wp.ufpel.edu.br\/gaia\/#organization\"},\"potentialAction\":[{\"@type\":\"SearchAction\",\"target\":{\"@type\":\"EntryPoint\",\"urlTemplate\":\"https:\/\/wp.ufpel.edu.br\/gaia\/?s={search_term_string}\"},\"query-input\":{\"@type\":\"PropertyValueSpecification\",\"valueRequired\":true,\"valueName\":\"search_term_string\"}}],\"inLanguage\":\"pt-BR\"},{\"@type\":\"Organization\",\"@id\":\"https:\/\/wp.ufpel.edu.br\/gaia\/#organization\",\"name\":\"Grupo de Aplica\u00e7\u00f5es em Intelig\u00eancia Artificial\",\"url\":\"https:\/\/wp.ufpel.edu.br\/gaia\/\",\"logo\":{\"@type\":\"ImageObject\",\"inLanguage\":\"pt-BR\",\"@id\":\"https:\/\/wp.ufpel.edu.br\/gaia\/#\/schema\/logo\/image\/\",\"url\":\"https:\/\/i0.wp.com\/wp.ufpel.edu.br\/gaia\/files\/2025\/11\/cropped-gaiaufpel_logo-1.jpeg?fit=200%2C148&ssl=1\",\"contentUrl\":\"https:\/\/i0.wp.com\/wp.ufpel.edu.br\/gaia\/files\/2025\/11\/cropped-gaiaufpel_logo-1.jpeg?fit=200%2C148&ssl=1\",\"width\":200,\"height\":148,\"caption\":\"Grupo de Aplica\u00e7\u00f5es em Intelig\u00eancia Artificial\"},\"image\":{\"@id\":\"https:\/\/wp.ufpel.edu.br\/gaia\/#\/schema\/logo\/image\/\"},\"sameAs\":[\"https:\/\/www.instagram.com\/gaia.ufpel\/\",\"https:\/\/www.linkedin.com\/company\/gaiaufpel\"]}]}<\/script>\n<!-- \/ Yoast SEO plugin. -->","yoast_head_json":{"title":"Estudantes - Grupo de Aplica\u00e7\u00f5es em Intelig\u00eancia Artificial","description":"Conhe\u00e7a os estudantes que atuam no GAIA, suas institui\u00e7\u00f5es, cursos e departamentos.","robots":{"index":"index","follow":"follow","max-snippet":"max-snippet:-1","max-image-preview":"max-image-preview:large","max-video-preview":"max-video-preview:-1"},"canonical":"https:\/\/wp.ufpel.edu.br\/gaia\/estudantes\/","og_locale":"pt_BR","og_type":"article","og_title":"Estudantes - Grupo de Aplica\u00e7\u00f5es em Intelig\u00eancia Artificial","og_description":"Conhe\u00e7a os estudantes que atuam no GAIA, suas institui\u00e7\u00f5es, cursos e departamentos.","og_url":"https:\/\/wp.ufpel.edu.br\/gaia\/estudantes\/","og_site_name":"Grupo de Aplica\u00e7\u00f5es em Intelig\u00eancia Artificial","article_modified_time":"2026-03-21T20:43:33+00:00","og_image":[{"url":"https:\/\/wp.ufpel.edu.br\/gaia\/files\/2025\/11\/Imagem-do-WhatsApp-de-2025-10-24-as-22.22.43_8aa8af4a-295x300.jpg","type":"","width":"","height":""}],"twitter_card":"summary_large_image","twitter_misc":{"Est. tempo de leitura":"2 minutos"},"schema":{"@context":"https:\/\/schema.org","@graph":[{"@type":"WebPage","@id":"https:\/\/wp.ufpel.edu.br\/gaia\/estudantes\/","url":"https:\/\/wp.ufpel.edu.br\/gaia\/estudantes\/","name":"Estudantes - Grupo de Aplica\u00e7\u00f5es em Intelig\u00eancia Artificial","isPartOf":{"@id":"https:\/\/wp.ufpel.edu.br\/gaia\/#website"},"primaryImageOfPage":{"@id":"https:\/\/wp.ufpel.edu.br\/gaia\/estudantes\/#primaryimage"},"image":{"@id":"https:\/\/wp.ufpel.edu.br\/gaia\/estudantes\/#primaryimage"},"thumbnailUrl":"https:\/\/wp.ufpel.edu.br\/gaia\/files\/2025\/11\/Imagem-do-WhatsApp-de-2025-10-24-as-22.22.43_8aa8af4a-295x300.jpg","datePublished":"2016-01-14T01:23:53+00:00","dateModified":"2026-03-21T20:43:33+00:00","description":"Conhe\u00e7a os estudantes que atuam no GAIA, suas institui\u00e7\u00f5es, cursos e departamentos.","breadcrumb":{"@id":"https:\/\/wp.ufpel.edu.br\/gaia\/estudantes\/#breadcrumb"},"inLanguage":"pt-BR","potentialAction":[{"@type":"ReadAction","target":["https:\/\/wp.ufpel.edu.br\/gaia\/estudantes\/"]}]},{"@type":"ImageObject","inLanguage":"pt-BR","@id":"https:\/\/wp.ufpel.edu.br\/gaia\/estudantes\/#primaryimage","url":"https:\/\/i0.wp.com\/wp.ufpel.edu.br\/gaia\/files\/2025\/11\/Imagem-do-WhatsApp-de-2025-10-24-as-22.22.43_8aa8af4a.jpg?fit=713%2C724&ssl=1","contentUrl":"https:\/\/i0.wp.com\/wp.ufpel.edu.br\/gaia\/files\/2025\/11\/Imagem-do-WhatsApp-de-2025-10-24-as-22.22.43_8aa8af4a.jpg?fit=713%2C724&ssl=1","width":713,"height":724},{"@type":"BreadcrumbList","@id":"https:\/\/wp.ufpel.edu.br\/gaia\/estudantes\/#breadcrumb","itemListElement":[{"@type":"ListItem","position":1,"name":"In\u00edcio","item":"https:\/\/wp.ufpel.edu.br\/gaia\/"},{"@type":"ListItem","position":2,"name":"Estudantes"}]},{"@type":"WebSite","@id":"https:\/\/wp.ufpel.edu.br\/gaia\/#website","url":"https:\/\/wp.ufpel.edu.br\/gaia\/","name":"Grupo de Aplica\u00e7\u00f5es em Intelig\u00eancia Artificial","description":"Promovemos a investiga\u00e7\u00e3o cient\u00edfica te\u00f3rica e pr\u00e1tica sobre t\u00e9cnicas de IA e no emprego destas t\u00e9cnicas em tecnologias inovadoras.","publisher":{"@id":"https:\/\/wp.ufpel.edu.br\/gaia\/#organization"},"potentialAction":[{"@type":"SearchAction","target":{"@type":"EntryPoint","urlTemplate":"https:\/\/wp.ufpel.edu.br\/gaia\/?s={search_term_string}"},"query-input":{"@type":"PropertyValueSpecification","valueRequired":true,"valueName":"search_term_string"}}],"inLanguage":"pt-BR"},{"@type":"Organization","@id":"https:\/\/wp.ufpel.edu.br\/gaia\/#organization","name":"Grupo de Aplica\u00e7\u00f5es em Intelig\u00eancia Artificial","url":"https:\/\/wp.ufpel.edu.br\/gaia\/","logo":{"@type":"ImageObject","inLanguage":"pt-BR","@id":"https:\/\/wp.ufpel.edu.br\/gaia\/#\/schema\/logo\/image\/","url":"https:\/\/i0.wp.com\/wp.ufpel.edu.br\/gaia\/files\/2025\/11\/cropped-gaiaufpel_logo-1.jpeg?fit=200%2C148&ssl=1","contentUrl":"https:\/\/i0.wp.com\/wp.ufpel.edu.br\/gaia\/files\/2025\/11\/cropped-gaiaufpel_logo-1.jpeg?fit=200%2C148&ssl=1","width":200,"height":148,"caption":"Grupo de Aplica\u00e7\u00f5es em Intelig\u00eancia Artificial"},"image":{"@id":"https:\/\/wp.ufpel.edu.br\/gaia\/#\/schema\/logo\/image\/"},"sameAs":["https:\/\/www.instagram.com\/gaia.ufpel\/","https:\/\/www.linkedin.com\/company\/gaiaufpel"]}]}},"jetpack-related-posts":[],"jetpack_sharing_enabled":true,"_links":{"self":[{"href":"https:\/\/wp.ufpel.edu.br\/gaia\/wp-json\/wp\/v2\/pages\/92","targetHints":{"allow":["GET"]}}],"collection":[{"href":"https:\/\/wp.ufpel.edu.br\/gaia\/wp-json\/wp\/v2\/pages"}],"about":[{"href":"https:\/\/wp.ufpel.edu.br\/gaia\/wp-json\/wp\/v2\/types\/page"}],"author":[{"embeddable":true,"href":"https:\/\/wp.ufpel.edu.br\/gaia\/wp-json\/wp\/v2\/users\/138"}],"replies":[{"embeddable":true,"href":"https:\/\/wp.ufpel.edu.br\/gaia\/wp-json\/wp\/v2\/comments?post=92"}],"version-history":[{"count":3,"href":"https:\/\/wp.ufpel.edu.br\/gaia\/wp-json\/wp\/v2\/pages\/92\/revisions"}],"predecessor-version":[{"id":681,"href":"https:\/\/wp.ufpel.edu.br\/gaia\/wp-json\/wp\/v2\/pages\/92\/revisions\/681"}],"wp:attachment":[{"href":"https:\/\/wp.ufpel.edu.br\/gaia\/wp-json\/wp\/v2\/media?parent=92"}],"curies":[{"name":"wp","href":"https:\/\/api.w.org\/{rel}","templated":true}]}}