{"id":7,"date":"2011-09-26T15:32:52","date_gmt":"2011-09-26T18:32:52","guid":{"rendered":"https:\/\/wp.ufpel.edu.br\/gaia\/"},"modified":"2026-01-17T18:16:52","modified_gmt":"2026-01-17T21:16:52","slug":"professores","status":"publish","type":"page","link":"https:\/\/wp.ufpel.edu.br\/gaia\/professores\/","title":{"rendered":"Professores"},"content":{"rendered":"<div class=\"container\">\n<div class=\"sec-header\">\n<h2 class-\"sec-title\">Professores<\/h2>\n<p class=\"sec-subtitle\">Conhe\u00e7a os professores que atuam no GAIA, suas institui\u00e7\u00f5es e departamentos.<\/p>\n<hr \/>\n<\/div>\n<div class=\"accordion-group\"><input id=\"institution-1\" class=\"accordion-toggle\" checked=\"checked\" type=\"checkbox\" \/><\/p>\n<div class=\"institution\">\n<label for=\"institution-1\" class=\"institution-title\"><\/p>\n<h3><strong>UFPEL\/CDTEC<\/strong><\/h3>\n<p><\/label>\n<\/div>\n<div class=\"accordion-content\">\n<div class=\"member\">\n<div class=\"member-img\"><a href=\"http:\/\/lattes.cnpq.br\/7694477998106229\"><br \/>\n\t\t\t<img data-recalc-dims=\"1\" height=\"300\" width=\"300\" decoding=\"async\" src=\"https:\/\/i0.wp.com\/wp.ufpel.edu.br\/gaia\/files\/2021\/01\/ferrugem.jpg?resize=300%2C300&#038;ssl=1\" alt=\"\" \/><br \/>\n\t\t<\/a><\/div>\n<div class=\"member-info\"><a href=\"http:\/\/lattes.cnpq.br\/7694477998106229\"><strong>Anderson Priebe Ferrugem<\/strong><\/a><br \/>\n\t\tPossui gradua\u00e7\u00e3o em Bacharelado em Inform\u00e1tica pela Universidade Federal de Pelotas (1997) e<br \/>\n\t\tMestrado em Ci\u00eancia da Computa\u00e7\u00e3o pela Universidade Federal do Rio Grande do Sul (2004) e Doutorado<br \/>\n\t\tem Ci\u00eancia da Computa\u00e7\u00e3o pela Universidade Federal de Pelotas (2022). Atualmente \u00e9 professor<br \/>\n\t\tAssociado da Universidade Federal de Pelotas&#8230; <a href=\"http:\/\/lattes.cnpq.br\/7694477998106229\">(ver mais)<\/a><\/div>\n<div class=\"member-contact\">\n\t\t\t<a class=\"member-email\" href=\"mailto:ferrugem@inf.ufpel.edu.br\">ferrugem@inf.ufpel.edu.br<\/a>\n\t\t<\/div>\n<\/p><\/div>\n<div class=\"member\">\n<div class=\"member-img\"><a href=\"http:\/\/lattes.cnpq.br\/4903908392101557\"><br \/>\n\t\t\t<img data-recalc-dims=\"1\" loading=\"lazy\" decoding=\"async\" data-attachment-id=\"397\" data-permalink=\"https:\/\/wp.ufpel.edu.br\/gaia\/professores\/attachment\/1756475491251\/#main\" data-orig-file=\"https:\/\/i0.wp.com\/wp.ufpel.edu.br\/gaia\/files\/2025\/12\/1756475491251.jpg?fit=200%2C200&amp;ssl=1\" data-orig-size=\"200,200\" data-comments-opened=\"0\" data-image-meta=\"{&quot;aperture&quot;:&quot;0&quot;,&quot;credit&quot;:&quot;&quot;,&quot;camera&quot;:&quot;&quot;,&quot;caption&quot;:&quot;&quot;,&quot;created_timestamp&quot;:&quot;0&quot;,&quot;copyright&quot;:&quot;&quot;,&quot;focal_length&quot;:&quot;0&quot;,&quot;iso&quot;:&quot;0&quot;,&quot;shutter_speed&quot;:&quot;0&quot;,&quot;title&quot;:&quot;&quot;,&quot;orientation&quot;:&quot;0&quot;}\" data-image-title=\"Tatiana Tavares\" data-image-description=\"\" data-image-caption=\"\" data-medium-file=\"https:\/\/i0.wp.com\/wp.ufpel.edu.br\/gaia\/files\/2025\/12\/1756475491251.jpg?fit=200%2C200&amp;ssl=1\" data-large-file=\"https:\/\/i0.wp.com\/wp.ufpel.edu.br\/gaia\/files\/2025\/12\/1756475491251.jpg?fit=200%2C200&amp;ssl=1\" class=\"alignnone size-full wp-image-397\" src=\"https:\/\/i0.wp.com\/wp.ufpel.edu.br\/gaia\/files\/2025\/12\/1756475491251.jpg?resize=200%2C200&#038;ssl=1\" alt=\"\" width=\"200\" height=\"200\" srcset=\"https:\/\/i0.wp.com\/wp.ufpel.edu.br\/gaia\/files\/2025\/12\/1756475491251.jpg?w=200&amp;ssl=1 200w, https:\/\/i0.wp.com\/wp.ufpel.edu.br\/gaia\/files\/2025\/12\/1756475491251.jpg?resize=150%2C150&amp;ssl=1 150w\" sizes=\"auto, (max-width: 200px) 100vw, 200px\" \/><br \/>\n\t\t<\/a><\/div>\n<div class=\"member-info\"><a href=\"http:\/\/lattes.cnpq.br\/4903908392101557\"><strong>Tatiana Aires Tavares<\/strong><\/a><br \/>\n\t\t\u00c9 Bacharel em Inform\u00e1tica pela Universidade Federal de Pelotas (1998), Mestre em Sistemas e<br \/>\n\t\tComputa\u00e7\u00e3o pela Universidade Federal do Rio Grande do Norte (2001), Doutora em Engenharia El\u00e9trica<br \/>\n\t\tpela Universidade Federal do Rio Grande do Norte (2004) e p\u00f3s-doutora pela Universidade do Estado de<br \/>\n\t\tNova Iorque\/SUNY em Oswego (2013). Na Universidade Federal de Pelotas (UFPel) \u00e9 professora adjunta<br \/>\n\t\tdo Centro de Desenvolvimento Tecnol\u00f3gico&#8230; <a href=\"http:\/\/lattes.cnpq.br\/4903908392101557\">(ver mais)<\/a><\/div>\n<div class=\"member-contact\">\n\t\t\t<a class=\"member-email\" href=\"mailto:tatiana@inf.ufpel.edu.br\">tatiana@inf.ufpel.edu.br<\/a>\n\t\t<\/div>\n<\/p><\/div>\n<div class=\"member\">\n<div class=\"member-img\"><a href=\"http:\/\/lattes.cnpq.br\/3499616508280892\"><br \/>\n\t\t\t<img data-recalc-dims=\"1\" height=\"300\" width=\"300\" decoding=\"async\" src=\"https:\/\/i0.wp.com\/wp.ufpel.edu.br\/gaia\/files\/2021\/01\/marilton.jpg?resize=300%2C300&#038;ssl=1\" alt=\"\" \/><br \/>\n\t\t<\/a><\/div>\n<div class=\"member-info\"><a href=\"http:\/\/lattes.cnpq.br\/3499616508280892\"><strong>Marilton Sanchotene de Aguiar<\/strong><\/a><br \/>\n\t\tPossui gradua\u00e7\u00e3o em Ci\u00eancia da Computa\u00e7\u00e3o pela Universidade Cat\u00f3lica de Pelotas (1995), mestrado e<br \/>\n\t\tdoutorado em Ci\u00eancia da Computa\u00e7\u00e3o pela Universidade Federal do Rio Grande do Sul (1998 e 2004,<br \/>\n\t\trespectivamente). De 2001 a 2009 foi professor na Universidade Cat\u00f3lica de Pelotas. Desde 2009 \u00e9<br \/>\n\t\tprofessor da Universidade Federal de Pelotas nos \u00e2mbitos do Programa de P\u00f3s-gradua\u00e7\u00e3o em Computa\u00e7\u00e3o<br \/>\n\t\t(n\u00edveis mestrado e doutorado) e dos cursos de Ci\u00eancia e Engenharia de Computa\u00e7\u00e3o&#8230; <a href=\"http:\/\/lattes.cnpq.br\/3499616508280892\">(ver mais)<\/a><\/div>\n<div class=\"member-contact\">\n\t\t\t<a class=\"member-email\" href=\"mailto:marilton@inf.ufpel.edu.br\">marilton@inf.ufpel.edu.br<\/a>\n\t\t<\/div>\n<\/p><\/div>\n<\/div>\n<div class=\"accordion-group\"><input id=\"institution-2\" class=\"accordion-toggle\" type=\"checkbox\" \/><\/p>\n<div class=\"institution\">\n<label for=\"institution-2\" class=\"institution-title\"><\/p>\n<h3><strong>UFPEL\/CENG<\/strong><\/h3>\n<p><\/label>\n<\/div>\n<div class=\"accordion-content\">\n<div class=\"member\">\n<div class=\"member-img\"><a href=\"http:\/\/lattes.cnpq.br\/5641514282351546\"><br \/>\n\t\t\t<img data-recalc-dims=\"1\" decoding=\"async\" src=\"https:\/\/i0.wp.com\/wp.ufpel.edu.br\/gaia\/files\/2021\/01\/tiago-primo.jpg?w=720&#038;ssl=1\" alt=\"\" \/><br \/>\n\t\t<\/a><\/div>\n<div class=\"member-info\"><a href=\"http:\/\/lattes.cnpq.br\/5641514282351546\"><strong>Tiago Primo<\/strong><\/a><br \/>\n\t\t\u00c9 Professor Adjunto na Universidade Federal de Pelotas, graduado pela Universidade Cat\u00f3lica de<br \/>\n\t\tPelotas, mestre pela PUCRS e doutor pela UFRGS, com dois p\u00f3s-doutorados, sendo o mais recente na<br \/>\n\t\tHarvard Graduate School of Education&#8230; <a href=\"http:\/\/lattes.cnpq.br\/5641514282351546\">(ver mais)<\/a><\/div>\n<div class=\"member-contact\">\n\t\t\t<a class=\"member-email\" href=\"#\"><\/a>\n\t\t<\/div>\n<\/p><\/div>\n<div class=\"member\">\n<div class=\"member-img\"><a href=\"http:\/\/lattes.cnpq.br\/8400962253985119\"><br \/>\n\t\t\t<img data-recalc-dims=\"1\" decoding=\"async\" src=\"https:\/\/i0.wp.com\/wp.ufpel.edu.br\/gaia\/files\/2021\/05\/Marcelo-Rossi.jpg?w=720&#038;ssl=1\" alt=\"\" \/><br \/>\n\t\t<\/a><\/div>\n<div class=\"member-info\"><a href=\"http:\/\/lattes.cnpq.br\/8400962253985119\"><strong>Marcelo Lemos Rossi<\/strong><\/a><br \/>\n\t\tPossui gradua\u00e7\u00e3o em Engenharia El\u00e9trica pela Universidade Federal de Uberl\u00e2ndia (2012), gradua\u00e7\u00e3o em<br \/>\n\t\tEngenharia Mec\u00e2nica pela Universidade Federal de Uberl\u00e2ndia (2008), mestrado em Engenharia Mec\u00e2nica<br \/>\n\t\tpela Universidade Federal de Uberl\u00e2ndia (2011) e doutorado em Engenharia El\u00e9trica pela Universidade<br \/>\n\t\tFederal de Uberl\u00e2ndia (2017). \u00c9 professor adjunto na Universidade Federal de Pelotas&#8230; <a href=\"http:\/\/lattes.cnpq.br\/8400962253985119\">(ver mais)<\/a><\/div>\n<div class=\"member-contact\">\n\t\t\t<a class=\"member-email\" href=\"mailto:marcelo.rossi@ufpel.edu.br\">marcelo.rossi@ufpel.edu.br<\/a>\n\t\t<\/div>\n<\/p><\/div>\n<\/div>\n<\/div>\n<div class=\"accordion-group\"><input id=\"institution-3\" class=\"accordion-toggle\" type=\"checkbox\" \/><\/p>\n<div class=\"institution\">\n<label for=\"institution-3\" class=\"institution-title\"><\/p>\n<h3><strong>UFPEL\/IFM<\/strong><\/h3>\n<p><\/label>\n<\/div>\n<div class=\"accordion-content\">\n<div class=\"member\">\n<div class=\"member-img\"><a href=\"http:\/\/lattes.cnpq.br\/5514279823093282\"><br \/>\n\t\t\t<img data-recalc-dims=\"1\" height=\"300\" width=\"300\" decoding=\"async\" src=\"https:\/\/i0.wp.com\/wp.ufpel.edu.br\/gaia\/files\/2021\/01\/mauricio.jpg?resize=300%2C300&#038;ssl=1\" alt=\"\" \/><br \/>\n\t\t<\/a><\/div>\n<div class=\"member-info\"><a href=\"http:\/\/lattes.cnpq.br\/5514279823093282\"><strong>Maur\u00edcio Braga de Paula<\/strong><\/a><br \/>\n\t\tPossui gradua\u00e7\u00e3o em Ci\u00eancia da Computa\u00e7\u00e3o pela Universidade Federal de Pelotas (2000), mestrado em<br \/>\n\t\tCi\u00eancia da Computa\u00e7\u00e3o pela Universidade Federal de Santa Catarina (2002) e doutorado pela<br \/>\n\t\tUniversidade Federal do Rio Grande do Sul (2015). \u00c9 professor adjunto na Universidade Federal de<br \/>\n\t\tPelotas&#8230; <a href=\"http:\/\/lattes.cnpq.br\/5514279823093282\">(ver mais)<\/a><\/div>\n<div class=\"member-contact\">\n\t\t\t<a class=\"member-email\" href=\"mailto:maubrapa@ufpel.edu.br\">maubrapa@ufpel.edu.br<\/a>\n\t\t<\/div>\n<\/p><\/div>\n<\/div>\n<\/div>\n<div class=\"accordion-group\"><input id=\"institution-4\" class=\"accordion-toggle\" type=\"checkbox\" \/><\/p>\n<div class=\"institution\">\n<label for=\"institution-4\" class=\"institution-title\"><\/p>\n<h3><strong>UFPEL\/CCSO<\/strong><\/h3>\n<p><\/label>\n<\/div>\n<div class=\"accordion-content\">\n<div class=\"member\">\n<div class=\"member-img\"><a href=\"http:\/\/lattes.cnpq.br\/5114643785938969\"><br \/>\n\t\t\t<img data-recalc-dims=\"1\" height=\"715\" width=\"720\" decoding=\"async\" src=\"https:\/\/i0.wp.com\/wp.ufpel.edu.br\/gestaopublica\/files\/2022\/08\/Flavia-Azambuja-768x763.png?resize=720%2C715&#038;ssl=1\" alt=\"\" \/><br \/>\n\t\t<\/a><\/div>\n<div class=\"member-info\"><a href=\"http:\/\/lattes.cnpq.br\/5114643785938969\"><strong>FLAVIA BRAGA DE AZAMBUJA <\/strong><\/a><br \/>\n\t\tPossui gradua\u00e7\u00e3o em Tecn\u00f3logo Em Processamento de Dados pela Universidade Cat\u00f3lica de Pelotas<br \/>\n\t\t(1989), mestrado em Engenharia de Produ\u00e7\u00e3o pela Universidade Federal de Santa Catarina (1998) e<br \/>\n\t\tdoutorado em Filosofia pela Universidade Federal de Pelotas (2024). Atualmente \u00e9 professora adjunta<br \/>\n\t\tda Universidade Federal de Pelotas&#8230; <a href=\"http:\/\/lattes.cnpq.br\/5114643785938969\">(ver mais)<\/a><\/div>\n<div class=\"member-contact\">\n\t\t\t<a class=\"member-email\" href=\"mailto:azambuja@ufpel.edu.br\">azambuja@ufpel.edu.br<\/a>\n\t\t<\/div>\n<\/p><\/div>\n<\/div>\n<\/div>\n<div class=\"accordion-group\"><input id=\"institution-5\" class=\"accordion-toggle\" type=\"checkbox\" \/><\/p>\n<div class=\"institution\">\n<label for=\"institution-5\" class=\"institution-title\"><\/p>\n<h3><strong>UNIPAMPA\/Alegrete<\/strong><\/h3>\n<p><\/label>\n<\/div>\n<div class=\"accordion-content\">\n<div class=\"member\">\n<div class=\"member-img\"><a href=\"http:\/\/lattes.cnpq.br\/0152113010079859\"><br \/>\n\t\t\t<img data-recalc-dims=\"1\" height=\"300\" width=\"300\" decoding=\"async\" src=\"https:\/\/i0.wp.com\/wp.ufpel.edu.br\/gaia\/files\/2021\/01\/alessandro.jpg?resize=300%2C300&#038;ssl=1\" alt=\"\" \/><br \/>\n\t\t<\/a><\/div>\n<div class=\"member-info\"><a href=\"http:\/\/lattes.cnpq.br\/0152113010079859\"><strong>Alessandro Bof de Oliveira<\/strong><\/a><br \/>\n\t\tBacharel em F\u00edsica (2004), Mestre e Doutor em Ci\u00eancia da Computa\u00e7\u00e3o (2008 e 2016 respectivamente),<br \/>\n\t\tambos pela Universidade Federal do Rio Grande do Sul. Atualmente atua como docente na Universidade<br \/>\n\t\tFederal do Pampa campus Alegrete&#8230; <a href=\"http:\/\/lattes.cnpq.br\/0152113010079859\">(ver mais)<\/a><\/div>\n<div class=\"member-contact\">\n\t\t\t<a class=\"member-email\" href=\"mailto:alessandrooliveira@unipampa.edu.br\">alessandrooliveira@unipampa.edu.br<\/a>\n\t\t<\/div>\n<\/p><\/div>\n<\/div>\n<\/div>\n<\/div>\n<\/div>\n","protected":false},"excerpt":{"rendered":"<p>Professores Conhe\u00e7a os professores que atuam no GAIA, suas institui\u00e7\u00f5es e departamentos. UFPEL\/CDTEC Anderson Priebe Ferrugem Possui gradua\u00e7\u00e3o em Bacharelado em Inform\u00e1tica pela Universidade Federal de Pelotas (1997) e Mestrado em Ci\u00eancia da Computa\u00e7\u00e3o pela Universidade Federal do Rio Grande do Sul (2004) e Doutorado em Ci\u00eancia da Computa\u00e7\u00e3o pela Universidade Federal de Pelotas (2022). [&hellip;]<\/p>\n","protected":false},"author":138,"featured_media":0,"parent":0,"menu_order":1,"comment_status":"closed","ping_status":"closed","template":"","meta":{"footnotes":""},"class_list":["post-7","page","type-page","status-publish","hentry","post"],"yoast_head":"<!-- This site is optimized with the Yoast SEO plugin v26.7 - https:\/\/yoast.com\/wordpress\/plugins\/seo\/ -->\n<title>Professores - Grupo de Aplica\u00e7\u00f5es em Intelig\u00eancia Artificial<\/title>\n<meta name=\"description\" content=\"Conhe\u00e7a os professores que atuam no GAIA, suas institui\u00e7\u00f5es e departamentos.\" \/>\n<meta name=\"robots\" content=\"index, follow, max-snippet:-1, max-image-preview:large, max-video-preview:-1\" \/>\n<link rel=\"canonical\" href=\"https:\/\/wp.ufpel.edu.br\/gaia\/professores\/\" \/>\n<meta property=\"og:locale\" content=\"pt_BR\" \/>\n<meta property=\"og:type\" content=\"article\" \/>\n<meta property=\"og:title\" content=\"Professores - Grupo de Aplica\u00e7\u00f5es em Intelig\u00eancia Artificial\" \/>\n<meta property=\"og:description\" content=\"Conhe\u00e7a os professores que atuam no GAIA, suas institui\u00e7\u00f5es e departamentos.\" \/>\n<meta property=\"og:url\" content=\"https:\/\/wp.ufpel.edu.br\/gaia\/professores\/\" \/>\n<meta property=\"og:site_name\" content=\"Grupo de Aplica\u00e7\u00f5es em Intelig\u00eancia Artificial\" \/>\n<meta property=\"article:modified_time\" content=\"2026-01-17T21:16:52+00:00\" \/>\n<meta property=\"og:image\" content=\"https:\/\/wp.ufpel.edu.br\/gaia\/files\/2021\/01\/ferrugem-300x300.jpg\" \/>\n<meta name=\"twitter:card\" content=\"summary_large_image\" \/>\n<meta name=\"twitter:label1\" content=\"Est. tempo de leitura\" \/>\n\t<meta name=\"twitter:data1\" content=\"5 minutos\" \/>\n<script type=\"application\/ld+json\" class=\"yoast-schema-graph\">{\"@context\":\"https:\/\/schema.org\",\"@graph\":[{\"@type\":[\"WebPage\",\"ProfilePage\"],\"@id\":\"https:\/\/wp.ufpel.edu.br\/gaia\/professores\/\",\"url\":\"https:\/\/wp.ufpel.edu.br\/gaia\/professores\/\",\"name\":\"Professores - Grupo de Aplica\u00e7\u00f5es em Intelig\u00eancia Artificial\",\"isPartOf\":{\"@id\":\"https:\/\/wp.ufpel.edu.br\/gaia\/#website\"},\"primaryImageOfPage\":{\"@id\":\"https:\/\/wp.ufpel.edu.br\/gaia\/professores\/#primaryimage\"},\"image\":{\"@id\":\"https:\/\/wp.ufpel.edu.br\/gaia\/professores\/#primaryimage\"},\"thumbnailUrl\":\"https:\/\/wp.ufpel.edu.br\/gaia\/files\/2021\/01\/ferrugem-300x300.jpg\",\"datePublished\":\"2011-09-26T18:32:52+00:00\",\"dateModified\":\"2026-01-17T21:16:52+00:00\",\"description\":\"Conhe\u00e7a os professores que atuam no GAIA, suas institui\u00e7\u00f5es e departamentos.\",\"breadcrumb\":{\"@id\":\"https:\/\/wp.ufpel.edu.br\/gaia\/professores\/#breadcrumb\"},\"inLanguage\":\"pt-BR\",\"potentialAction\":[{\"@type\":\"ReadAction\",\"target\":[\"https:\/\/wp.ufpel.edu.br\/gaia\/professores\/\"]}]},{\"@type\":\"ImageObject\",\"inLanguage\":\"pt-BR\",\"@id\":\"https:\/\/wp.ufpel.edu.br\/gaia\/professores\/#primaryimage\",\"url\":\"https:\/\/i0.wp.com\/wp.ufpel.edu.br\/gaia\/files\/2021\/01\/ferrugem.jpg?fit=640%2C640&ssl=1\",\"contentUrl\":\"https:\/\/i0.wp.com\/wp.ufpel.edu.br\/gaia\/files\/2021\/01\/ferrugem.jpg?fit=640%2C640&ssl=1\",\"width\":640,\"height\":640},{\"@type\":\"BreadcrumbList\",\"@id\":\"https:\/\/wp.ufpel.edu.br\/gaia\/professores\/#breadcrumb\",\"itemListElement\":[{\"@type\":\"ListItem\",\"position\":1,\"name\":\"In\u00edcio\",\"item\":\"https:\/\/wp.ufpel.edu.br\/gaia\/\"},{\"@type\":\"ListItem\",\"position\":2,\"name\":\"Professores\"}]},{\"@type\":\"WebSite\",\"@id\":\"https:\/\/wp.ufpel.edu.br\/gaia\/#website\",\"url\":\"https:\/\/wp.ufpel.edu.br\/gaia\/\",\"name\":\"Grupo de Aplica\u00e7\u00f5es em Intelig\u00eancia Artificial\",\"description\":\"Promovemos a investiga\u00e7\u00e3o cient\u00edfica te\u00f3rica e pr\u00e1tica sobre t\u00e9cnicas de IA e no emprego destas t\u00e9cnicas em tecnologias inovadoras.\",\"publisher\":{\"@id\":\"https:\/\/wp.ufpel.edu.br\/gaia\/#organization\"},\"potentialAction\":[{\"@type\":\"SearchAction\",\"target\":{\"@type\":\"EntryPoint\",\"urlTemplate\":\"https:\/\/wp.ufpel.edu.br\/gaia\/?s={search_term_string}\"},\"query-input\":{\"@type\":\"PropertyValueSpecification\",\"valueRequired\":true,\"valueName\":\"search_term_string\"}}],\"inLanguage\":\"pt-BR\"},{\"@type\":\"Organization\",\"@id\":\"https:\/\/wp.ufpel.edu.br\/gaia\/#organization\",\"name\":\"Grupo de Aplica\u00e7\u00f5es em Intelig\u00eancia Artificial\",\"url\":\"https:\/\/wp.ufpel.edu.br\/gaia\/\",\"logo\":{\"@type\":\"ImageObject\",\"inLanguage\":\"pt-BR\",\"@id\":\"https:\/\/wp.ufpel.edu.br\/gaia\/#\/schema\/logo\/image\/\",\"url\":\"https:\/\/i0.wp.com\/wp.ufpel.edu.br\/gaia\/files\/2025\/11\/cropped-gaiaufpel_logo-1.jpeg?fit=200%2C148&ssl=1\",\"contentUrl\":\"https:\/\/i0.wp.com\/wp.ufpel.edu.br\/gaia\/files\/2025\/11\/cropped-gaiaufpel_logo-1.jpeg?fit=200%2C148&ssl=1\",\"width\":200,\"height\":148,\"caption\":\"Grupo de Aplica\u00e7\u00f5es em Intelig\u00eancia Artificial\"},\"image\":{\"@id\":\"https:\/\/wp.ufpel.edu.br\/gaia\/#\/schema\/logo\/image\/\"},\"sameAs\":[\"https:\/\/www.instagram.com\/gaia.ufpel\/\",\"https:\/\/www.linkedin.com\/company\/gaiaufpel\"],\"mainEntityOfPage\":{\"@id\":\"https:\/\/wp.ufpel.edu.br\/gaia\/professores\/\"}}]}<\/script>\n<!-- \/ Yoast SEO plugin. -->","yoast_head_json":{"title":"Professores - Grupo de Aplica\u00e7\u00f5es em Intelig\u00eancia Artificial","description":"Conhe\u00e7a os professores que atuam no GAIA, suas institui\u00e7\u00f5es e departamentos.","robots":{"index":"index","follow":"follow","max-snippet":"max-snippet:-1","max-image-preview":"max-image-preview:large","max-video-preview":"max-video-preview:-1"},"canonical":"https:\/\/wp.ufpel.edu.br\/gaia\/professores\/","og_locale":"pt_BR","og_type":"article","og_title":"Professores - Grupo de Aplica\u00e7\u00f5es em Intelig\u00eancia Artificial","og_description":"Conhe\u00e7a os professores que atuam no GAIA, suas institui\u00e7\u00f5es e departamentos.","og_url":"https:\/\/wp.ufpel.edu.br\/gaia\/professores\/","og_site_name":"Grupo de Aplica\u00e7\u00f5es em Intelig\u00eancia Artificial","article_modified_time":"2026-01-17T21:16:52+00:00","og_image":[{"url":"https:\/\/wp.ufpel.edu.br\/gaia\/files\/2021\/01\/ferrugem-300x300.jpg","type":"","width":"","height":""}],"twitter_card":"summary_large_image","twitter_misc":{"Est. tempo de leitura":"5 minutos"},"schema":{"@context":"https:\/\/schema.org","@graph":[{"@type":["WebPage","ProfilePage"],"@id":"https:\/\/wp.ufpel.edu.br\/gaia\/professores\/","url":"https:\/\/wp.ufpel.edu.br\/gaia\/professores\/","name":"Professores - Grupo de Aplica\u00e7\u00f5es em Intelig\u00eancia Artificial","isPartOf":{"@id":"https:\/\/wp.ufpel.edu.br\/gaia\/#website"},"primaryImageOfPage":{"@id":"https:\/\/wp.ufpel.edu.br\/gaia\/professores\/#primaryimage"},"image":{"@id":"https:\/\/wp.ufpel.edu.br\/gaia\/professores\/#primaryimage"},"thumbnailUrl":"https:\/\/wp.ufpel.edu.br\/gaia\/files\/2021\/01\/ferrugem-300x300.jpg","datePublished":"2011-09-26T18:32:52+00:00","dateModified":"2026-01-17T21:16:52+00:00","description":"Conhe\u00e7a os professores que atuam no GAIA, suas institui\u00e7\u00f5es e departamentos.","breadcrumb":{"@id":"https:\/\/wp.ufpel.edu.br\/gaia\/professores\/#breadcrumb"},"inLanguage":"pt-BR","potentialAction":[{"@type":"ReadAction","target":["https:\/\/wp.ufpel.edu.br\/gaia\/professores\/"]}]},{"@type":"ImageObject","inLanguage":"pt-BR","@id":"https:\/\/wp.ufpel.edu.br\/gaia\/professores\/#primaryimage","url":"https:\/\/i0.wp.com\/wp.ufpel.edu.br\/gaia\/files\/2021\/01\/ferrugem.jpg?fit=640%2C640&ssl=1","contentUrl":"https:\/\/i0.wp.com\/wp.ufpel.edu.br\/gaia\/files\/2021\/01\/ferrugem.jpg?fit=640%2C640&ssl=1","width":640,"height":640},{"@type":"BreadcrumbList","@id":"https:\/\/wp.ufpel.edu.br\/gaia\/professores\/#breadcrumb","itemListElement":[{"@type":"ListItem","position":1,"name":"In\u00edcio","item":"https:\/\/wp.ufpel.edu.br\/gaia\/"},{"@type":"ListItem","position":2,"name":"Professores"}]},{"@type":"WebSite","@id":"https:\/\/wp.ufpel.edu.br\/gaia\/#website","url":"https:\/\/wp.ufpel.edu.br\/gaia\/","name":"Grupo de Aplica\u00e7\u00f5es em Intelig\u00eancia Artificial","description":"Promovemos a investiga\u00e7\u00e3o cient\u00edfica te\u00f3rica e pr\u00e1tica sobre t\u00e9cnicas de IA e no emprego destas t\u00e9cnicas em tecnologias inovadoras.","publisher":{"@id":"https:\/\/wp.ufpel.edu.br\/gaia\/#organization"},"potentialAction":[{"@type":"SearchAction","target":{"@type":"EntryPoint","urlTemplate":"https:\/\/wp.ufpel.edu.br\/gaia\/?s={search_term_string}"},"query-input":{"@type":"PropertyValueSpecification","valueRequired":true,"valueName":"search_term_string"}}],"inLanguage":"pt-BR"},{"@type":"Organization","@id":"https:\/\/wp.ufpel.edu.br\/gaia\/#organization","name":"Grupo de Aplica\u00e7\u00f5es em Intelig\u00eancia Artificial","url":"https:\/\/wp.ufpel.edu.br\/gaia\/","logo":{"@type":"ImageObject","inLanguage":"pt-BR","@id":"https:\/\/wp.ufpel.edu.br\/gaia\/#\/schema\/logo\/image\/","url":"https:\/\/i0.wp.com\/wp.ufpel.edu.br\/gaia\/files\/2025\/11\/cropped-gaiaufpel_logo-1.jpeg?fit=200%2C148&ssl=1","contentUrl":"https:\/\/i0.wp.com\/wp.ufpel.edu.br\/gaia\/files\/2025\/11\/cropped-gaiaufpel_logo-1.jpeg?fit=200%2C148&ssl=1","width":200,"height":148,"caption":"Grupo de Aplica\u00e7\u00f5es em Intelig\u00eancia Artificial"},"image":{"@id":"https:\/\/wp.ufpel.edu.br\/gaia\/#\/schema\/logo\/image\/"},"sameAs":["https:\/\/www.instagram.com\/gaia.ufpel\/","https:\/\/www.linkedin.com\/company\/gaiaufpel"],"mainEntityOfPage":{"@id":"https:\/\/wp.ufpel.edu.br\/gaia\/professores\/"}}]}},"jetpack-related-posts":[{"id":615,"url":"https:\/\/wp.ufpel.edu.br\/gaia\/615-2\/","url_meta":{"origin":7,"position":0},"title":"Pesquisa e Inova\u00e7\u00e3o em Intelig\u00eancia\u2026","author":"gaia","date":"16\/01\/2026","format":false,"excerpt":"Pesquisa e Inova\u00e7\u00e3o em Intelig\u00eancia Artificial O Grupo de Aplica\u00e7\u00f5es em Intelig\u00eancia Artificial (GAIA) \u00e9 vinculado \u00e0 Universidade Federal de Pelotas e re\u00fane pesquisadores dedicados ao avan\u00e7o da ci\u00eancia e tecnologia atrav\u00e9s da IA. Miss\u00e3oPromover a investiga\u00e7\u00e3o cient\u00edfica te\u00f3rica e pr\u00e1tica sobre t\u00e9cnicas de IA, formando recursos humanos qualificados e\u2026","rel":"","context":"Post similar","block_context":{"text":"Post similar","link":""},"img":{"alt_text":"","src":"","width":0,"height":0},"classes":[]},{"id":632,"url":"https:\/\/wp.ufpel.edu.br\/gaia\/professores-2\/","url_meta":{"origin":7,"position":1},"title":"Professores","author":"gaia","date":"17\/01\/2026","format":false,"excerpt":"Professores Conhe\u00e7a os professores que atuam no GAIA, suas institui\u00e7\u00f5es e departamentos. UFPEL CDTEC Anderson Priebe Ferrugem Name LastnamePosition or title Name LastnamePosition or title Name LastnamePosition or title Name LastnamePosition or title Name LastnamePosition or title A short and sweet title for this section. Use this space to write\u2026","rel":"","context":"Post similar","block_context":{"text":"Post similar","link":""},"img":{"alt_text":"","src":"https:\/\/i0.wp.com\/wp.ufpel.edu.br\/gaia\/files\/2021\/01\/ferrugem.jpg?resize=350%2C200&ssl=1","width":350,"height":200,"srcset":"https:\/\/i0.wp.com\/wp.ufpel.edu.br\/gaia\/files\/2021\/01\/ferrugem.jpg?resize=350%2C200&ssl=1 1x, https:\/\/i0.wp.com\/wp.ufpel.edu.br\/gaia\/files\/2021\/01\/ferrugem.jpg?resize=525%2C300&ssl=1 1.5x"},"classes":[]}],"jetpack_sharing_enabled":true,"_links":{"self":[{"href":"https:\/\/wp.ufpel.edu.br\/gaia\/wp-json\/wp\/v2\/pages\/7","targetHints":{"allow":["GET"]}}],"collection":[{"href":"https:\/\/wp.ufpel.edu.br\/gaia\/wp-json\/wp\/v2\/pages"}],"about":[{"href":"https:\/\/wp.ufpel.edu.br\/gaia\/wp-json\/wp\/v2\/types\/page"}],"author":[{"embeddable":true,"href":"https:\/\/wp.ufpel.edu.br\/gaia\/wp-json\/wp\/v2\/users\/138"}],"replies":[{"embeddable":true,"href":"https:\/\/wp.ufpel.edu.br\/gaia\/wp-json\/wp\/v2\/comments?post=7"}],"version-history":[{"count":3,"href":"https:\/\/wp.ufpel.edu.br\/gaia\/wp-json\/wp\/v2\/pages\/7\/revisions"}],"predecessor-version":[{"id":631,"href":"https:\/\/wp.ufpel.edu.br\/gaia\/wp-json\/wp\/v2\/pages\/7\/revisions\/631"}],"wp:attachment":[{"href":"https:\/\/wp.ufpel.edu.br\/gaia\/wp-json\/wp\/v2\/media?parent=7"}],"curies":[{"name":"wp","href":"https:\/\/api.w.org\/{rel}","templated":true}]}}