{"id":466,"date":"2025-12-27T14:35:41","date_gmt":"2025-12-27T17:35:41","guid":{"rendered":"https:\/\/wp.ufpel.edu.br\/gaia\/?page_id=466"},"modified":"2025-12-27T14:35:41","modified_gmt":"2025-12-27T17:35:41","slug":"em-construcao","status":"publish","type":"page","link":"https:\/\/wp.ufpel.edu.br\/gaia\/em-construcao\/","title":{"rendered":"Em constru\u00e7\u00e3o"},"content":{"rendered":"<div class=\"container\">\n<div><a href=\"https:\/\/i0.wp.com\/wp.ufpel.edu.br\/gaia\/files\/2025\/11\/gaiaEmConstrucao.png?ssl=1\"><img data-recalc-dims=\"1\" height=\"150\" width=\"300\" decoding=\"async\" class=\"aligncenter\" style=\"display:block; width:100%; height:auto; max-width:100vw; margin:0 auto; border:none;\"\n    src=\"https:\/\/i0.wp.com\/wp.ufpel.edu.br\/gaia\/files\/2025\/11\/gaiaEmConstrucao.png?resize=300%2C150&#038;ssl=1\" alt=\"Gaia em Constru\u00e7\u00e3o\" \/><\/a><\/div>\n<h3>Site em constru\u00e7\u00e3o: Estamos trabalhando para trazer a nosso p\u00fablico e colaboradores um site melhor e mais informativo, em breve atualiza\u00e7\u00f5es.<\/h3>\n<h3>Fabr\u00edcio est\u00e1 pensando em como transformar isso em um sistema federado, enquanto Lu\u00edsa come\u00e7a a se arrepender de ter sido voluntaria para auxiliar na empreitada.<\/h3>\n<\/div>\n","protected":false},"excerpt":{"rendered":"<p>Site em constru\u00e7\u00e3o: Estamos trabalhando para trazer a nosso p\u00fablico e colaboradores um site melhor e mais informativo, em breve atualiza\u00e7\u00f5es. Fabr\u00edcio est\u00e1 pensando em como transformar isso em um sistema federado, enquanto Lu\u00edsa come\u00e7a a se arrepender de ter sido voluntaria para auxiliar na empreitada.<\/p>\n","protected":false},"author":133,"featured_media":0,"parent":0,"menu_order":0,"comment_status":"closed","ping_status":"closed","template":"","meta":{"footnotes":""},"class_list":["post-466","page","type-page","status-publish","hentry","post"],"yoast_head":"<!-- This site is optimized with the Yoast SEO plugin v26.7 - https:\/\/yoast.com\/wordpress\/plugins\/seo\/ -->\n<title>Em constru\u00e7\u00e3o - Grupo de Aplica\u00e7\u00f5es em Intelig\u00eancia Artificial<\/title>\n<meta name=\"robots\" content=\"index, follow, max-snippet:-1, max-image-preview:large, max-video-preview:-1\" \/>\n<link rel=\"canonical\" href=\"https:\/\/wp.ufpel.edu.br\/gaia\/em-construcao\/\" \/>\n<meta property=\"og:locale\" content=\"pt_BR\" \/>\n<meta property=\"og:type\" content=\"article\" \/>\n<meta property=\"og:title\" content=\"Em constru\u00e7\u00e3o - Grupo de Aplica\u00e7\u00f5es em Intelig\u00eancia Artificial\" \/>\n<meta property=\"og:description\" content=\"Site em constru\u00e7\u00e3o: Estamos trabalhando para trazer a nosso p\u00fablico e colaboradores um site melhor e mais informativo, em breve atualiza\u00e7\u00f5es. Fabr\u00edcio est\u00e1 pensando em como transformar isso em um sistema federado, enquanto Lu\u00edsa come\u00e7a a se arrepender de ter sido voluntaria para auxiliar na empreitada.\" \/>\n<meta property=\"og:url\" content=\"https:\/\/wp.ufpel.edu.br\/gaia\/em-construcao\/\" \/>\n<meta property=\"og:site_name\" content=\"Grupo de Aplica\u00e7\u00f5es em Intelig\u00eancia Artificial\" \/>\n<meta property=\"og:image\" content=\"https:\/\/wp.ufpel.edu.br\/gaia\/files\/2025\/11\/gaiaEmConstrucao-300x150.png\" \/>\n<meta name=\"twitter:card\" content=\"summary_large_image\" \/>\n<script type=\"application\/ld+json\" class=\"yoast-schema-graph\">{\"@context\":\"https:\/\/schema.org\",\"@graph\":[{\"@type\":\"WebPage\",\"@id\":\"https:\/\/wp.ufpel.edu.br\/gaia\/em-construcao\/\",\"url\":\"https:\/\/wp.ufpel.edu.br\/gaia\/em-construcao\/\",\"name\":\"Em constru\u00e7\u00e3o - Grupo de Aplica\u00e7\u00f5es em Intelig\u00eancia Artificial\",\"isPartOf\":{\"@id\":\"https:\/\/wp.ufpel.edu.br\/gaia\/#website\"},\"primaryImageOfPage\":{\"@id\":\"https:\/\/wp.ufpel.edu.br\/gaia\/em-construcao\/#primaryimage\"},\"image\":{\"@id\":\"https:\/\/wp.ufpel.edu.br\/gaia\/em-construcao\/#primaryimage\"},\"thumbnailUrl\":\"https:\/\/wp.ufpel.edu.br\/gaia\/files\/2025\/11\/gaiaEmConstrucao-300x150.png\",\"datePublished\":\"2025-12-27T17:35:41+00:00\",\"breadcrumb\":{\"@id\":\"https:\/\/wp.ufpel.edu.br\/gaia\/em-construcao\/#breadcrumb\"},\"inLanguage\":\"pt-BR\",\"potentialAction\":[{\"@type\":\"ReadAction\",\"target\":[\"https:\/\/wp.ufpel.edu.br\/gaia\/em-construcao\/\"]}]},{\"@type\":\"ImageObject\",\"inLanguage\":\"pt-BR\",\"@id\":\"https:\/\/wp.ufpel.edu.br\/gaia\/em-construcao\/#primaryimage\",\"url\":\"https:\/\/i0.wp.com\/wp.ufpel.edu.br\/gaia\/files\/2025\/11\/gaiaEmConstrucao.png?fit=600%2C300&ssl=1\",\"contentUrl\":\"https:\/\/i0.wp.com\/wp.ufpel.edu.br\/gaia\/files\/2025\/11\/gaiaEmConstrucao.png?fit=600%2C300&ssl=1\",\"width\":600,\"height\":300,\"caption\":\"Gaia em Constru\u00e7\u00e3o\"},{\"@type\":\"BreadcrumbList\",\"@id\":\"https:\/\/wp.ufpel.edu.br\/gaia\/em-construcao\/#breadcrumb\",\"itemListElement\":[{\"@type\":\"ListItem\",\"position\":1,\"name\":\"In\u00edcio\",\"item\":\"https:\/\/wp.ufpel.edu.br\/gaia\/\"},{\"@type\":\"ListItem\",\"position\":2,\"name\":\"Em constru\u00e7\u00e3o\"}]},{\"@type\":\"WebSite\",\"@id\":\"https:\/\/wp.ufpel.edu.br\/gaia\/#website\",\"url\":\"https:\/\/wp.ufpel.edu.br\/gaia\/\",\"name\":\"Grupo de Aplica\u00e7\u00f5es em Intelig\u00eancia Artificial\",\"description\":\"Promovemos a investiga\u00e7\u00e3o cient\u00edfica te\u00f3rica e pr\u00e1tica sobre t\u00e9cnicas de IA e no emprego destas t\u00e9cnicas em tecnologias inovadoras.\",\"publisher\":{\"@id\":\"https:\/\/wp.ufpel.edu.br\/gaia\/#organization\"},\"potentialAction\":[{\"@type\":\"SearchAction\",\"target\":{\"@type\":\"EntryPoint\",\"urlTemplate\":\"https:\/\/wp.ufpel.edu.br\/gaia\/?s={search_term_string}\"},\"query-input\":{\"@type\":\"PropertyValueSpecification\",\"valueRequired\":true,\"valueName\":\"search_term_string\"}}],\"inLanguage\":\"pt-BR\"},{\"@type\":\"Organization\",\"@id\":\"https:\/\/wp.ufpel.edu.br\/gaia\/#organization\",\"name\":\"Grupo de Aplica\u00e7\u00f5es em Intelig\u00eancia Artificial\",\"url\":\"https:\/\/wp.ufpel.edu.br\/gaia\/\",\"logo\":{\"@type\":\"ImageObject\",\"inLanguage\":\"pt-BR\",\"@id\":\"https:\/\/wp.ufpel.edu.br\/gaia\/#\/schema\/logo\/image\/\",\"url\":\"https:\/\/i0.wp.com\/wp.ufpel.edu.br\/gaia\/files\/2025\/11\/cropped-gaiaufpel_logo-1.jpeg?fit=200%2C148&ssl=1\",\"contentUrl\":\"https:\/\/i0.wp.com\/wp.ufpel.edu.br\/gaia\/files\/2025\/11\/cropped-gaiaufpel_logo-1.jpeg?fit=200%2C148&ssl=1\",\"width\":200,\"height\":148,\"caption\":\"Grupo de Aplica\u00e7\u00f5es em Intelig\u00eancia Artificial\"},\"image\":{\"@id\":\"https:\/\/wp.ufpel.edu.br\/gaia\/#\/schema\/logo\/image\/\"},\"sameAs\":[\"https:\/\/www.instagram.com\/gaia.ufpel\/\",\"https:\/\/www.linkedin.com\/company\/gaiaufpel\"]}]}<\/script>\n<!-- \/ Yoast SEO plugin. -->","yoast_head_json":{"title":"Em constru\u00e7\u00e3o - Grupo de Aplica\u00e7\u00f5es em Intelig\u00eancia Artificial","robots":{"index":"index","follow":"follow","max-snippet":"max-snippet:-1","max-image-preview":"max-image-preview:large","max-video-preview":"max-video-preview:-1"},"canonical":"https:\/\/wp.ufpel.edu.br\/gaia\/em-construcao\/","og_locale":"pt_BR","og_type":"article","og_title":"Em constru\u00e7\u00e3o - Grupo de Aplica\u00e7\u00f5es em Intelig\u00eancia Artificial","og_description":"Site em constru\u00e7\u00e3o: Estamos trabalhando para trazer a nosso p\u00fablico e colaboradores um site melhor e mais informativo, em breve atualiza\u00e7\u00f5es. Fabr\u00edcio est\u00e1 pensando em como transformar isso em um sistema federado, enquanto Lu\u00edsa come\u00e7a a se arrepender de ter sido voluntaria para auxiliar na empreitada.","og_url":"https:\/\/wp.ufpel.edu.br\/gaia\/em-construcao\/","og_site_name":"Grupo de Aplica\u00e7\u00f5es em Intelig\u00eancia Artificial","og_image":[{"url":"https:\/\/wp.ufpel.edu.br\/gaia\/files\/2025\/11\/gaiaEmConstrucao-300x150.png","type":"","width":"","height":""}],"twitter_card":"summary_large_image","schema":{"@context":"https:\/\/schema.org","@graph":[{"@type":"WebPage","@id":"https:\/\/wp.ufpel.edu.br\/gaia\/em-construcao\/","url":"https:\/\/wp.ufpel.edu.br\/gaia\/em-construcao\/","name":"Em constru\u00e7\u00e3o - Grupo de Aplica\u00e7\u00f5es em Intelig\u00eancia Artificial","isPartOf":{"@id":"https:\/\/wp.ufpel.edu.br\/gaia\/#website"},"primaryImageOfPage":{"@id":"https:\/\/wp.ufpel.edu.br\/gaia\/em-construcao\/#primaryimage"},"image":{"@id":"https:\/\/wp.ufpel.edu.br\/gaia\/em-construcao\/#primaryimage"},"thumbnailUrl":"https:\/\/wp.ufpel.edu.br\/gaia\/files\/2025\/11\/gaiaEmConstrucao-300x150.png","datePublished":"2025-12-27T17:35:41+00:00","breadcrumb":{"@id":"https:\/\/wp.ufpel.edu.br\/gaia\/em-construcao\/#breadcrumb"},"inLanguage":"pt-BR","potentialAction":[{"@type":"ReadAction","target":["https:\/\/wp.ufpel.edu.br\/gaia\/em-construcao\/"]}]},{"@type":"ImageObject","inLanguage":"pt-BR","@id":"https:\/\/wp.ufpel.edu.br\/gaia\/em-construcao\/#primaryimage","url":"https:\/\/i0.wp.com\/wp.ufpel.edu.br\/gaia\/files\/2025\/11\/gaiaEmConstrucao.png?fit=600%2C300&ssl=1","contentUrl":"https:\/\/i0.wp.com\/wp.ufpel.edu.br\/gaia\/files\/2025\/11\/gaiaEmConstrucao.png?fit=600%2C300&ssl=1","width":600,"height":300,"caption":"Gaia em Constru\u00e7\u00e3o"},{"@type":"BreadcrumbList","@id":"https:\/\/wp.ufpel.edu.br\/gaia\/em-construcao\/#breadcrumb","itemListElement":[{"@type":"ListItem","position":1,"name":"In\u00edcio","item":"https:\/\/wp.ufpel.edu.br\/gaia\/"},{"@type":"ListItem","position":2,"name":"Em constru\u00e7\u00e3o"}]},{"@type":"WebSite","@id":"https:\/\/wp.ufpel.edu.br\/gaia\/#website","url":"https:\/\/wp.ufpel.edu.br\/gaia\/","name":"Grupo de Aplica\u00e7\u00f5es em Intelig\u00eancia Artificial","description":"Promovemos a investiga\u00e7\u00e3o cient\u00edfica te\u00f3rica e pr\u00e1tica sobre t\u00e9cnicas de IA e no emprego destas t\u00e9cnicas em tecnologias inovadoras.","publisher":{"@id":"https:\/\/wp.ufpel.edu.br\/gaia\/#organization"},"potentialAction":[{"@type":"SearchAction","target":{"@type":"EntryPoint","urlTemplate":"https:\/\/wp.ufpel.edu.br\/gaia\/?s={search_term_string}"},"query-input":{"@type":"PropertyValueSpecification","valueRequired":true,"valueName":"search_term_string"}}],"inLanguage":"pt-BR"},{"@type":"Organization","@id":"https:\/\/wp.ufpel.edu.br\/gaia\/#organization","name":"Grupo de Aplica\u00e7\u00f5es em Intelig\u00eancia Artificial","url":"https:\/\/wp.ufpel.edu.br\/gaia\/","logo":{"@type":"ImageObject","inLanguage":"pt-BR","@id":"https:\/\/wp.ufpel.edu.br\/gaia\/#\/schema\/logo\/image\/","url":"https:\/\/i0.wp.com\/wp.ufpel.edu.br\/gaia\/files\/2025\/11\/cropped-gaiaufpel_logo-1.jpeg?fit=200%2C148&ssl=1","contentUrl":"https:\/\/i0.wp.com\/wp.ufpel.edu.br\/gaia\/files\/2025\/11\/cropped-gaiaufpel_logo-1.jpeg?fit=200%2C148&ssl=1","width":200,"height":148,"caption":"Grupo de Aplica\u00e7\u00f5es em Intelig\u00eancia Artificial"},"image":{"@id":"https:\/\/wp.ufpel.edu.br\/gaia\/#\/schema\/logo\/image\/"},"sameAs":["https:\/\/www.instagram.com\/gaia.ufpel\/","https:\/\/www.linkedin.com\/company\/gaiaufpel"]}]}},"jetpack-related-posts":[{"id":9,"url":"https:\/\/wp.ufpel.edu.br\/gaia\/projetos\/","url_meta":{"origin":466,"position":0},"title":"Projetos","author":"inessa","date":"26\/09\/2011","format":false,"excerpt":"Site em constru\u00e7\u00e3o: Estamos trabalhando para trazer a nosso p\u00fablico e colaboradores um site melhor e mais informativo, em breve atualiza\u00e7\u00f5es. Fabr\u00edcio est\u00e1 pensando em como transformar isso em um sistema federado, enquanto Lu\u00edsa come\u00e7a a se arrepender de ter sido voluntaria para auxiliar na empreitada.","rel":"","context":"Post similar","block_context":{"text":"Post similar","link":""},"img":{"alt_text":"Gaia em Constru\u00e7\u00e3o","src":"https:\/\/i0.wp.com\/wp.ufpel.edu.br\/gaia\/files\/2025\/11\/gaiaEmConstrucao-300x150.png?resize=350%2C200&ssl=1","width":350,"height":200},"classes":[]}],"jetpack_sharing_enabled":true,"_links":{"self":[{"href":"https:\/\/wp.ufpel.edu.br\/gaia\/wp-json\/wp\/v2\/pages\/466","targetHints":{"allow":["GET"]}}],"collection":[{"href":"https:\/\/wp.ufpel.edu.br\/gaia\/wp-json\/wp\/v2\/pages"}],"about":[{"href":"https:\/\/wp.ufpel.edu.br\/gaia\/wp-json\/wp\/v2\/types\/page"}],"author":[{"embeddable":true,"href":"https:\/\/wp.ufpel.edu.br\/gaia\/wp-json\/wp\/v2\/users\/133"}],"replies":[{"embeddable":true,"href":"https:\/\/wp.ufpel.edu.br\/gaia\/wp-json\/wp\/v2\/comments?post=466"}],"version-history":[{"count":1,"href":"https:\/\/wp.ufpel.edu.br\/gaia\/wp-json\/wp\/v2\/pages\/466\/revisions"}],"predecessor-version":[{"id":468,"href":"https:\/\/wp.ufpel.edu.br\/gaia\/wp-json\/wp\/v2\/pages\/466\/revisions\/468"}],"wp:attachment":[{"href":"https:\/\/wp.ufpel.edu.br\/gaia\/wp-json\/wp\/v2\/media?parent=466"}],"curies":[{"name":"wp","href":"https:\/\/api.w.org\/{rel}","templated":true}]}}