{"id":122,"date":"2021-01-25T13:58:52","date_gmt":"2021-01-25T16:58:52","guid":{"rendered":"https:\/\/wp.ufpel.edu.br\/gaia\/?page_id=122"},"modified":"2026-01-12T15:07:26","modified_gmt":"2026-01-12T18:07:26","slug":"contato","status":"publish","type":"page","link":"https:\/\/wp.ufpel.edu.br\/gaia\/contato\/","title":{"rendered":"Contato"},"content":{"rendered":"<div class=\"container\">\n<div class=\"sec-header\">\n<h2 class-\"sec-title\">Contato<\/h2>\n<p class=\"sec-subtitle\">Entre em contato, conhe\u00e7a nossas redes sociais ou fa\u00e7a uma visita!<\/p>\n<hr>\n<\/div>\n<p><\/p>\n<div class=\"ct-container\">\n<div class=\"ct-card\">\n<div class=\"ct-form-panel\">\n\n<div class=\"wpcf7 no-js\" id=\"wpcf7-f381-o1\" lang=\"pt-BR\" dir=\"ltr\" data-wpcf7-id=\"381\">\n<div class=\"screen-reader-response\"><p role=\"status\" aria-live=\"polite\" aria-atomic=\"true\"><\/p> <ul><\/ul><\/div>\n<form action=\"\/gaia\/wp-json\/wp\/v2\/pages\/122#wpcf7-f381-o1\" method=\"post\" class=\"wpcf7-form init\" aria-label=\"Formul\u00e1rios de contato\" novalidate=\"novalidate\" data-status=\"init\">\n<fieldset class=\"hidden-fields-container\"><input type=\"hidden\" name=\"_wpcf7\" value=\"381\" \/><input type=\"hidden\" name=\"_wpcf7_version\" value=\"6.1.4\" \/><input type=\"hidden\" name=\"_wpcf7_locale\" value=\"pt_BR\" \/><input type=\"hidden\" name=\"_wpcf7_unit_tag\" value=\"wpcf7-f381-o1\" \/><input type=\"hidden\" name=\"_wpcf7_container_post\" value=\"0\" \/><input type=\"hidden\" name=\"_wpcf7_posted_data_hash\" value=\"\" \/>\n<\/fieldset>\n<div class=\"ct-form-row\">\n\t<div class=\"ct-input-group\">\n\t\t<p><label>Nome<\/label><span class=\"wpcf7-form-control-wrap\" data-name=\"first-name\"><input size=\"40\" maxlength=\"400\" class=\"wpcf7-form-control wpcf7-text wpcf7-validates-as-required\" aria-required=\"true\" aria-invalid=\"false\" placeholder=\"Von\" value=\"\" type=\"text\" name=\"first-name\" \/><\/span>\n\t\t<\/p>\n\t<\/div>\n\t<div class=\"ct-input-group\">\n\t\t<p><label>Sobrenome<\/label><span class=\"wpcf7-form-control-wrap\" data-name=\"last-name\"><input size=\"40\" maxlength=\"400\" class=\"wpcf7-form-control wpcf7-text wpcf7-validates-as-required\" aria-required=\"true\" aria-invalid=\"false\" placeholder=\"Neumann II\" value=\"\" type=\"text\" name=\"last-name\" \/><\/span>\n\t\t<\/p>\n\t<\/div>\n<\/div>\n<div class=\"ct-form-row\">\n\t<div class=\"ct-input-group\">\n\t\t<p><label>Email<\/label><span class=\"wpcf7-form-control-wrap\" data-name=\"your-email\"><input size=\"40\" maxlength=\"400\" class=\"wpcf7-form-control wpcf7-email wpcf7-validates-as-required wpcf7-text wpcf7-validates-as-email\" aria-required=\"true\" aria-invalid=\"false\" placeholder=\"example@email.com\" value=\"\" type=\"email\" name=\"your-email\" \/><\/span>\n\t\t<\/p>\n\t<\/div>\n\t<div class=\"ct-input-group\">\n\t\t<p><label>Celular<\/label><span class=\"wpcf7-form-control-wrap\" data-name=\"your-phone\"><input size=\"40\" maxlength=\"400\" class=\"wpcf7-form-control wpcf7-tel wpcf7-text wpcf7-validates-as-tel\" aria-invalid=\"false\" placeholder=\"\" value=\"\" type=\"tel\" name=\"your-phone\" \/><\/span>\n\t\t<\/p>\n\t<\/div>\n<\/div>\n<div class=\"ct-input-group ct-full-width\">\n\t<p><label>Mensagem<\/label><span class=\"wpcf7-form-control-wrap\" data-name=\"your-message\"><textarea cols=\"40\" rows=\"10\" maxlength=\"2000\" class=\"wpcf7-form-control wpcf7-textarea\" aria-invalid=\"false\" placeholder=\"Escreva sua mensagem..\" name=\"your-message\"><\/textarea><\/span>\n\t<\/p>\n<\/div>\n<div class=\"ct-submit-container\">\n\t<p><input class=\"wpcf7-form-control wpcf7-submit has-spinner ct-btn-submit\" type=\"submit\" value=\"Enviar\" \/>\n\t<\/p>\n<\/div>\n<div>\n\t<p id=\"ct-disclaimer\">Este formul\u00e1rio usa Akismet para reduzir spam.<br \/>\n<a target=\"_blank\" rel=\"nofollow noopener\" href=\"https:\/\/akismet.com\/privacy\/\">Descubra como seus dados s\u00e3o processados.<\/a>\n\t<\/p>\n<\/div>\n\n<p style=\"display: none !important;\" class=\"akismet-fields-container\" data-prefix=\"_wpcf7_ak_\"><label>&#916;<textarea name=\"_wpcf7_ak_hp_textarea\" cols=\"45\" rows=\"8\" maxlength=\"100\"><\/textarea><\/label><input type=\"hidden\" id=\"ak_js_1\" name=\"_wpcf7_ak_js\" value=\"135\"\/><script>document.getElementById( \"ak_js_1\" ).setAttribute( \"value\", ( new Date() ).getTime() );<\/script><\/p><div class=\"wpcf7-response-output\" aria-hidden=\"true\"><\/div>\n<\/form>\n<\/div>\n\n        <\/div>\n<div class=\"ct-info-panel\">\n<h2 class=\"ct-heading\">Informa\u00e7\u00f5es de Contato<\/h2>\n<ul class=\"ct-details-list\">\n<li><span class=\"ct-icon\"><svg viewBox=\"0 0 24 24\" fill=\"none\" stroke=\"currentColor\" stroke-width=\"2\" stroke-linecap=\"round\" stroke-linejoin=\"round\"><path d=\"M4 4h16c1.1 0 2 .9 2 2v12c0 1.1-.9 2-2 2H4c-1.1 0-2-.9-2-2V6c0-1.1.9-2 2-2z\"><\/path><polyline points=\"22,6 12,13 2,6\"><\/polyline><\/svg><\/span><span>gaia@inf.ufpel.edu.br<\/span><\/li>\n<li><span class=\"ct-icon\"><svg viewBox=\"0 0 24 24\" fill=\"none\" stroke=\"currentColor\" stroke-width=\"2\" stroke-linecap=\"round\" stroke-linejoin=\"round\"><path d=\"M21 10c0 7-9 13-9 13s-9-6-9-13a9 9 0 0 1 18 0z\"><\/path><circle cx=\"12\" cy=\"10\" r=\"3\"><\/circle><\/svg><\/span><span>Rua Gomes Carneiro, 1 &#8211; Sala 326, Bloco B, Pelotas, Rio Grande do Sul<\/span><\/li>\n<\/ul>\n<p><iframe src=\"https:\/\/www.google.com\/maps\/embed?pb=!1m18!1m12!1m3!1d13566.530559166624!2d-52.341646297244914!3d-31.78050407520923!2m3!1f0!2f0!3f0!3m2!1i1024!2i768!4f13.1!3m3!1m2!1s0x9511b5005fd12997%3A0xd3497fbbf6240361!2sGrupo%20De%20Aplica%C3%A7%C3%B5es%20de%20Intelig%C3%AAncia%20Artificial%20(GAIA)%20-%20Sala%20326)!5e0!3m2!1spt-BR!2sbr!4v1767287991894!5m2!1spt-BR!2sbr\" width=\"600\" height=\"450\" style=\"border:0;\" allowfullscreen=\"\" loading=\"lazy\" referrerpolicy=\"no-referrer-when-downgrade\"><\/iframe><\/p>\n<div class=\"ct-circle ct-circle-big\"><\/div>\n<div class=\"ct-circle ct-circle-small\"><\/div>\n<div class=\"ct-bottom-content\">\n<div class=\"ct-socials\">\n                    <a href=\"https:\/\/www.linkedin.com\/company\/gaiaufpel\/\" class=\"ct-social-link\"><br \/>\n<svg xmlns=\"http:\/\/www.w3.org\/2000\/svg\" x=\"0px\" y=\"0px\" width=\"100\" height=\"100\" viewBox=\"0,0,256,256\">\n<g fill=\"#ffffff\" fill-rule=\"nonzero\" stroke=\"none\" stroke-width=\"1\" stroke-linecap=\"butt\" stroke-linejoin=\"miter\" stroke-miterlimit=\"10\" stroke-dasharray=\"\" stroke-dashoffset=\"0\" font-family=\"none\" font-weight=\"none\" font-size=\"none\" text-anchor=\"none\" style=\"mix-blend-mode: normal\"><g transform=\"scale(5.12,5.12)\"><path d=\"M41,4h-32c-2.76,0 -5,2.24 -5,5v32c0,2.76 2.24,5 5,5h32c2.76,0 5,-2.24 5,-5v-32c0,-2.76 -2.24,-5 -5,-5zM17,20v19h-6v-19zM11,14.47c0,-1.4 1.2,-2.47 3,-2.47c1.8,0 2.93,1.07 3,2.47c0,1.4 -1.12,2.53 -3,2.53c-1.8,0 -3,-1.13 -3,-2.53zM39,39h-6c0,0 0,-9.26 0,-10c0,-2 -1,-4 -3.5,-4.04h-0.08c-2.42,0 -3.42,2.06 -3.42,4.04c0,0.91 0,10 0,10h-6v-19h6v2.56c0,0 1.93,-2.56 5.81,-2.56c3.97,0 7.19,2.73 7.19,8.26z\"><\/path><\/g><\/g>\n<\/svg><br \/>\n                    <\/a><br \/>\n                    <a href=\"https:\/\/www.instagram.com\/gaia.ufpel\/\" class=\"ct-social-link\"><br \/>\n                        <svg viewBox=\"0 0 24 24\" fill=\"none\" stroke=\"currentColor\" stroke-width=\"2\" stroke-linecap=\"round\" stroke-linejoin=\"round\"><rect x=\"2\" y=\"2\" width=\"20\" height=\"20\" rx=\"5\" ry=\"5\"><\/rect><path d=\"M16 11.37A4 4 0 1 1 12.63 8 4 4 0 0 1 16 11.37z\"><\/path><line x1=\"17.5\" y1=\"6.5\" x2=\"17.51\" y2=\"6.5\"><\/line><\/svg><br \/>\n                    <\/a><br \/>\n                    <a href=\"https:\/\/github.com\/gaia-ufpel\" class=\"ct-social-link\"><br \/>\n<svg xmlns=\"http:\/\/www.w3.org\/2000\/svg\" x=\"0px\" y=\"0px\" width=\"100\" height=\"100\" viewBox=\"0,0,256,256\">\n<g fill=\"#ffffff\" fill-rule=\"nonzero\" stroke=\"none\" stroke-width=\"1\" stroke-linecap=\"butt\" stroke-linejoin=\"miter\" stroke-miterlimit=\"10\" stroke-dasharray=\"\" stroke-dashoffset=\"0\" font-family=\"none\" font-weight=\"none\" font-size=\"none\" text-anchor=\"none\" style=\"mix-blend-mode: normal\"><g transform=\"scale(8.53333,8.53333)\"><path d=\"M15,3c-6.627,0 -12,5.373 -12,12c0,5.623 3.872,10.328 9.092,11.63c-0.056,-0.162 -0.092,-0.35 -0.092,-0.583v-2.051c-0.487,0 -1.303,0 -1.508,0c-0.821,0 -1.551,-0.353 -1.905,-1.009c-0.393,-0.729 -0.461,-1.844 -1.435,-2.526c-0.289,-0.227 -0.069,-0.486 0.264,-0.451c0.615,0.174 1.125,0.596 1.605,1.222c0.478,0.627 0.703,0.769 1.596,0.769c0.433,0 1.081,-0.025 1.691,-0.121c0.328,-0.833 0.895,-1.6 1.588,-1.962c-3.996,-0.411 -5.903,-2.399 -5.903,-5.098c0,-1.162 0.495,-2.286 1.336,-3.233c-0.276,-0.94 -0.623,-2.857 0.106,-3.587c1.798,0 2.885,1.166 3.146,1.481c0.896,-0.307 1.88,-0.481 2.914,-0.481c1.036,0 2.024,0.174 2.922,0.483c0.258,-0.313 1.346,-1.483 3.148,-1.483c0.732,0.731 0.381,2.656 0.102,3.594c0.836,0.945 1.328,2.066 1.328,3.226c0,2.697 -1.904,4.684 -5.894,5.097c1.098,0.573 1.899,2.183 1.899,3.396v2.734c0,0.104 -0.023,0.179 -0.035,0.268c4.676,-1.639 8.035,-6.079 8.035,-11.315c0,-6.627 -5.373,-12 -12,-12z\"><\/path><\/g><\/g>\n<\/svg><br \/>\n                    <\/a>\n                <\/div>\n<\/p><\/div>\n<\/p><\/div>\n<\/p><\/div>\n<\/div>\n<\/div>\n","protected":false},"excerpt":{"rendered":"<p>Contato Entre em contato, conhe\u00e7a nossas redes sociais ou fa\u00e7a uma visita! Informa\u00e7\u00f5es de Contato gaia@inf.ufpel.edu.br Rua Gomes Carneiro, 1 &#8211; Sala 326, Bloco B, Pelotas, Rio Grande do Sul<\/p>\n","protected":false},"author":133,"featured_media":0,"parent":0,"menu_order":0,"comment_status":"closed","ping_status":"closed","template":"","meta":{"footnotes":""},"class_list":["post-122","page","type-page","status-publish","hentry","post"],"yoast_head":"<!-- This site is optimized with the Yoast SEO plugin v26.7 - https:\/\/yoast.com\/wordpress\/plugins\/seo\/ -->\n<title>Contato - Grupo de Aplica\u00e7\u00f5es em Intelig\u00eancia Artificial<\/title>\n<meta name=\"description\" content=\"Entre em contato conosco para conversamos sobre parcerias e d\u00favidas.\" \/>\n<meta name=\"robots\" content=\"index, follow, max-snippet:-1, max-image-preview:large, max-video-preview:-1\" \/>\n<link rel=\"canonical\" href=\"https:\/\/wp.ufpel.edu.br\/gaia\/contato\/\" \/>\n<meta property=\"og:locale\" content=\"pt_BR\" \/>\n<meta property=\"og:type\" content=\"article\" \/>\n<meta property=\"og:title\" content=\"Contato - Grupo de Aplica\u00e7\u00f5es em Intelig\u00eancia Artificial\" \/>\n<meta property=\"og:description\" content=\"Entre em contato conosco para conversamos sobre parcerias e d\u00favidas.\" \/>\n<meta property=\"og:url\" content=\"https:\/\/wp.ufpel.edu.br\/gaia\/contato\/\" \/>\n<meta property=\"og:site_name\" content=\"Grupo de Aplica\u00e7\u00f5es em Intelig\u00eancia Artificial\" \/>\n<meta property=\"article:modified_time\" content=\"2026-01-12T18:07:26+00:00\" \/>\n<meta name=\"twitter:card\" content=\"summary_large_image\" \/>\n<meta name=\"twitter:label1\" content=\"Est. tempo de leitura\" \/>\n\t<meta name=\"twitter:data1\" content=\"1 minuto\" \/>\n<script type=\"application\/ld+json\" class=\"yoast-schema-graph\">{\"@context\":\"https:\/\/schema.org\",\"@graph\":[{\"@type\":[\"WebPage\",\"ContactPage\"],\"@id\":\"https:\/\/wp.ufpel.edu.br\/gaia\/contato\/\",\"url\":\"https:\/\/wp.ufpel.edu.br\/gaia\/contato\/\",\"name\":\"Contato - Grupo de Aplica\u00e7\u00f5es em Intelig\u00eancia Artificial\",\"isPartOf\":{\"@id\":\"https:\/\/wp.ufpel.edu.br\/gaia\/#website\"},\"datePublished\":\"2021-01-25T16:58:52+00:00\",\"dateModified\":\"2026-01-12T18:07:26+00:00\",\"description\":\"Entre em contato conosco para conversamos sobre parcerias e d\u00favidas.\",\"breadcrumb\":{\"@id\":\"https:\/\/wp.ufpel.edu.br\/gaia\/contato\/#breadcrumb\"},\"inLanguage\":\"pt-BR\",\"potentialAction\":[{\"@type\":\"ReadAction\",\"target\":[\"https:\/\/wp.ufpel.edu.br\/gaia\/contato\/\"]}]},{\"@type\":\"BreadcrumbList\",\"@id\":\"https:\/\/wp.ufpel.edu.br\/gaia\/contato\/#breadcrumb\",\"itemListElement\":[{\"@type\":\"ListItem\",\"position\":1,\"name\":\"In\u00edcio\",\"item\":\"https:\/\/wp.ufpel.edu.br\/gaia\/\"},{\"@type\":\"ListItem\",\"position\":2,\"name\":\"Contato\"}]},{\"@type\":\"WebSite\",\"@id\":\"https:\/\/wp.ufpel.edu.br\/gaia\/#website\",\"url\":\"https:\/\/wp.ufpel.edu.br\/gaia\/\",\"name\":\"Grupo de Aplica\u00e7\u00f5es em Intelig\u00eancia Artificial\",\"description\":\"Promovemos a investiga\u00e7\u00e3o cient\u00edfica te\u00f3rica e pr\u00e1tica sobre t\u00e9cnicas de IA e no emprego destas t\u00e9cnicas em tecnologias inovadoras.\",\"publisher\":{\"@id\":\"https:\/\/wp.ufpel.edu.br\/gaia\/#organization\"},\"potentialAction\":[{\"@type\":\"SearchAction\",\"target\":{\"@type\":\"EntryPoint\",\"urlTemplate\":\"https:\/\/wp.ufpel.edu.br\/gaia\/?s={search_term_string}\"},\"query-input\":{\"@type\":\"PropertyValueSpecification\",\"valueRequired\":true,\"valueName\":\"search_term_string\"}}],\"inLanguage\":\"pt-BR\"},{\"@type\":\"Organization\",\"@id\":\"https:\/\/wp.ufpel.edu.br\/gaia\/#organization\",\"name\":\"Grupo de Aplica\u00e7\u00f5es em Intelig\u00eancia Artificial\",\"url\":\"https:\/\/wp.ufpel.edu.br\/gaia\/\",\"logo\":{\"@type\":\"ImageObject\",\"inLanguage\":\"pt-BR\",\"@id\":\"https:\/\/wp.ufpel.edu.br\/gaia\/#\/schema\/logo\/image\/\",\"url\":\"https:\/\/i0.wp.com\/wp.ufpel.edu.br\/gaia\/files\/2025\/11\/cropped-gaiaufpel_logo-1.jpeg?fit=200%2C148&ssl=1\",\"contentUrl\":\"https:\/\/i0.wp.com\/wp.ufpel.edu.br\/gaia\/files\/2025\/11\/cropped-gaiaufpel_logo-1.jpeg?fit=200%2C148&ssl=1\",\"width\":200,\"height\":148,\"caption\":\"Grupo de Aplica\u00e7\u00f5es em Intelig\u00eancia Artificial\"},\"image\":{\"@id\":\"https:\/\/wp.ufpel.edu.br\/gaia\/#\/schema\/logo\/image\/\"},\"sameAs\":[\"https:\/\/www.instagram.com\/gaia.ufpel\/\",\"https:\/\/www.linkedin.com\/company\/gaiaufpel\"]}]}<\/script>\n<!-- \/ Yoast SEO plugin. -->","yoast_head_json":{"title":"Contato - Grupo de Aplica\u00e7\u00f5es em Intelig\u00eancia Artificial","description":"Entre em contato conosco para conversamos sobre parcerias e d\u00favidas.","robots":{"index":"index","follow":"follow","max-snippet":"max-snippet:-1","max-image-preview":"max-image-preview:large","max-video-preview":"max-video-preview:-1"},"canonical":"https:\/\/wp.ufpel.edu.br\/gaia\/contato\/","og_locale":"pt_BR","og_type":"article","og_title":"Contato - Grupo de Aplica\u00e7\u00f5es em Intelig\u00eancia Artificial","og_description":"Entre em contato conosco para conversamos sobre parcerias e d\u00favidas.","og_url":"https:\/\/wp.ufpel.edu.br\/gaia\/contato\/","og_site_name":"Grupo de Aplica\u00e7\u00f5es em Intelig\u00eancia Artificial","article_modified_time":"2026-01-12T18:07:26+00:00","twitter_card":"summary_large_image","twitter_misc":{"Est. tempo de leitura":"1 minuto"},"schema":{"@context":"https:\/\/schema.org","@graph":[{"@type":["WebPage","ContactPage"],"@id":"https:\/\/wp.ufpel.edu.br\/gaia\/contato\/","url":"https:\/\/wp.ufpel.edu.br\/gaia\/contato\/","name":"Contato - Grupo de Aplica\u00e7\u00f5es em Intelig\u00eancia Artificial","isPartOf":{"@id":"https:\/\/wp.ufpel.edu.br\/gaia\/#website"},"datePublished":"2021-01-25T16:58:52+00:00","dateModified":"2026-01-12T18:07:26+00:00","description":"Entre em contato conosco para conversamos sobre parcerias e d\u00favidas.","breadcrumb":{"@id":"https:\/\/wp.ufpel.edu.br\/gaia\/contato\/#breadcrumb"},"inLanguage":"pt-BR","potentialAction":[{"@type":"ReadAction","target":["https:\/\/wp.ufpel.edu.br\/gaia\/contato\/"]}]},{"@type":"BreadcrumbList","@id":"https:\/\/wp.ufpel.edu.br\/gaia\/contato\/#breadcrumb","itemListElement":[{"@type":"ListItem","position":1,"name":"In\u00edcio","item":"https:\/\/wp.ufpel.edu.br\/gaia\/"},{"@type":"ListItem","position":2,"name":"Contato"}]},{"@type":"WebSite","@id":"https:\/\/wp.ufpel.edu.br\/gaia\/#website","url":"https:\/\/wp.ufpel.edu.br\/gaia\/","name":"Grupo de Aplica\u00e7\u00f5es em Intelig\u00eancia Artificial","description":"Promovemos a investiga\u00e7\u00e3o cient\u00edfica te\u00f3rica e pr\u00e1tica sobre t\u00e9cnicas de IA e no emprego destas t\u00e9cnicas em tecnologias inovadoras.","publisher":{"@id":"https:\/\/wp.ufpel.edu.br\/gaia\/#organization"},"potentialAction":[{"@type":"SearchAction","target":{"@type":"EntryPoint","urlTemplate":"https:\/\/wp.ufpel.edu.br\/gaia\/?s={search_term_string}"},"query-input":{"@type":"PropertyValueSpecification","valueRequired":true,"valueName":"search_term_string"}}],"inLanguage":"pt-BR"},{"@type":"Organization","@id":"https:\/\/wp.ufpel.edu.br\/gaia\/#organization","name":"Grupo de Aplica\u00e7\u00f5es em Intelig\u00eancia Artificial","url":"https:\/\/wp.ufpel.edu.br\/gaia\/","logo":{"@type":"ImageObject","inLanguage":"pt-BR","@id":"https:\/\/wp.ufpel.edu.br\/gaia\/#\/schema\/logo\/image\/","url":"https:\/\/i0.wp.com\/wp.ufpel.edu.br\/gaia\/files\/2025\/11\/cropped-gaiaufpel_logo-1.jpeg?fit=200%2C148&ssl=1","contentUrl":"https:\/\/i0.wp.com\/wp.ufpel.edu.br\/gaia\/files\/2025\/11\/cropped-gaiaufpel_logo-1.jpeg?fit=200%2C148&ssl=1","width":200,"height":148,"caption":"Grupo de Aplica\u00e7\u00f5es em Intelig\u00eancia Artificial"},"image":{"@id":"https:\/\/wp.ufpel.edu.br\/gaia\/#\/schema\/logo\/image\/"},"sameAs":["https:\/\/www.instagram.com\/gaia.ufpel\/","https:\/\/www.linkedin.com\/company\/gaiaufpel"]}]}},"jetpack-related-posts":[],"jetpack_sharing_enabled":true,"_links":{"self":[{"href":"https:\/\/wp.ufpel.edu.br\/gaia\/wp-json\/wp\/v2\/pages\/122","targetHints":{"allow":["GET"]}}],"collection":[{"href":"https:\/\/wp.ufpel.edu.br\/gaia\/wp-json\/wp\/v2\/pages"}],"about":[{"href":"https:\/\/wp.ufpel.edu.br\/gaia\/wp-json\/wp\/v2\/types\/page"}],"author":[{"embeddable":true,"href":"https:\/\/wp.ufpel.edu.br\/gaia\/wp-json\/wp\/v2\/users\/133"}],"replies":[{"embeddable":true,"href":"https:\/\/wp.ufpel.edu.br\/gaia\/wp-json\/wp\/v2\/comments?post=122"}],"version-history":[{"count":4,"href":"https:\/\/wp.ufpel.edu.br\/gaia\/wp-json\/wp\/v2\/pages\/122\/revisions"}],"predecessor-version":[{"id":577,"href":"https:\/\/wp.ufpel.edu.br\/gaia\/wp-json\/wp\/v2\/pages\/122\/revisions\/577"}],"wp:attachment":[{"href":"https:\/\/wp.ufpel.edu.br\/gaia\/wp-json\/wp\/v2\/media?parent=122"}],"curies":[{"name":"wp","href":"https:\/\/api.w.org\/{rel}","templated":true}]}}