{"id":45,"date":"2019-06-10T18:19:24","date_gmt":"2019-06-10T21:19:24","guid":{"rendered":"https:\/\/wp.ufpel.edu.br\/gaeomam\/?page_id=45"},"modified":"2019-06-10T18:19:24","modified_gmt":"2019-06-10T21:19:24","slug":"relacoes-internacionais-e-conflitos-sociais-na-africa-muculmana","status":"publish","type":"page","link":"https:\/\/wp.ufpel.edu.br\/gaeomam\/linhas-de-pesquisa\/relacoes-internacionais-e-conflitos-sociais-na-africa-muculmana\/","title":{"rendered":"Rela\u00e7\u00f5es Internacionais e Conflitos Sociais na \u00c1frica Mu\u00e7ulmana"},"content":{"rendered":"","protected":false},"excerpt":{"rendered":"","protected":false},"author":940,"featured_media":0,"parent":10,"menu_order":2,"comment_status":"closed","ping_status":"closed","template":"","meta":{"footnotes":""},"class_list":["post-45","page","type-page","status-publish","hentry"],"_links":{"self":[{"href":"https:\/\/wp.ufpel.edu.br\/gaeomam\/wp-json\/wp\/v2\/pages\/45","targetHints":{"allow":["GET"]}}],"collection":[{"href":"https:\/\/wp.ufpel.edu.br\/gaeomam\/wp-json\/wp\/v2\/pages"}],"about":[{"href":"https:\/\/wp.ufpel.edu.br\/gaeomam\/wp-json\/wp\/v2\/types\/page"}],"author":[{"embeddable":true,"href":"https:\/\/wp.ufpel.edu.br\/gaeomam\/wp-json\/wp\/v2\/users\/940"}],"replies":[{"embeddable":true,"href":"https:\/\/wp.ufpel.edu.br\/gaeomam\/wp-json\/wp\/v2\/comments?post=45"}],"version-history":[{"count":1,"href":"https:\/\/wp.ufpel.edu.br\/gaeomam\/wp-json\/wp\/v2\/pages\/45\/revisions"}],"predecessor-version":[{"id":47,"href":"https:\/\/wp.ufpel.edu.br\/gaeomam\/wp-json\/wp\/v2\/pages\/45\/revisions\/47"}],"up":[{"embeddable":true,"href":"https:\/\/wp.ufpel.edu.br\/gaeomam\/wp-json\/wp\/v2\/pages\/10"}],"wp:attachment":[{"href":"https:\/\/wp.ufpel.edu.br\/gaeomam\/wp-json\/wp\/v2\/media?parent=45"}],"curies":[{"name":"wp","href":"https:\/\/api.w.org\/{rel}","templated":true}]}}