{"id":26,"date":"2019-06-05T13:02:04","date_gmt":"2019-06-05T16:02:04","guid":{"rendered":"https:\/\/wp.ufpel.edu.br\/gaeomam\/?page_id=26"},"modified":"2019-06-16T13:20:52","modified_gmt":"2019-06-16T16:20:52","slug":"membros","status":"publish","type":"page","link":"https:\/\/wp.ufpel.edu.br\/gaeomam\/membros\/","title":{"rendered":"Equipe"},"content":{"rendered":"<p>Nossa equipe hoje \u00e9 composta por &#8230; alunos.<\/p>\n<p>F\u00e1bio Amaro Duval &#8211; Professor Coordenador<\/p>\n<p>Pedro Moraes &#8211; Aluno membro<\/p>\n<p>Ana Carolina Silveira &#8211; Aluna membro<\/p>\n<p>Let\u00edcia &#8211; Aluna membro<\/p>\n<p>Jos\u00e9 Bento Sena &#8211; Aluno membro<\/p>\n<p>Vin\u00edcius Baldissera &#8211; Aluno membro<\/p>\n","protected":false},"excerpt":{"rendered":"<p>Nossa equipe hoje \u00e9 composta por &#8230; alunos. F\u00e1bio Amaro Duval &#8211; Professor Coordenador Pedro Moraes &#8211; Aluno membro Ana Carolina Silveira &#8211; Aluna membro Let\u00edcia &#8211; Aluna membro Jos\u00e9 Bento Sena &#8211; Aluno membro Vin\u00edcius Baldissera &#8211; Aluno membro<\/p>\n","protected":false},"author":940,"featured_media":0,"parent":0,"menu_order":4,"comment_status":"closed","ping_status":"closed","template":"","meta":{"footnotes":""},"class_list":["post-26","page","type-page","status-publish","hentry"],"_links":{"self":[{"href":"https:\/\/wp.ufpel.edu.br\/gaeomam\/wp-json\/wp\/v2\/pages\/26","targetHints":{"allow":["GET"]}}],"collection":[{"href":"https:\/\/wp.ufpel.edu.br\/gaeomam\/wp-json\/wp\/v2\/pages"}],"about":[{"href":"https:\/\/wp.ufpel.edu.br\/gaeomam\/wp-json\/wp\/v2\/types\/page"}],"author":[{"embeddable":true,"href":"https:\/\/wp.ufpel.edu.br\/gaeomam\/wp-json\/wp\/v2\/users\/940"}],"replies":[{"embeddable":true,"href":"https:\/\/wp.ufpel.edu.br\/gaeomam\/wp-json\/wp\/v2\/comments?post=26"}],"version-history":[{"count":4,"href":"https:\/\/wp.ufpel.edu.br\/gaeomam\/wp-json\/wp\/v2\/pages\/26\/revisions"}],"predecessor-version":[{"id":82,"href":"https:\/\/wp.ufpel.edu.br\/gaeomam\/wp-json\/wp\/v2\/pages\/26\/revisions\/82"}],"wp:attachment":[{"href":"https:\/\/wp.ufpel.edu.br\/gaeomam\/wp-json\/wp\/v2\/media?parent=26"}],"curies":[{"name":"wp","href":"https:\/\/api.w.org\/{rel}","templated":true}]}}