{"id":16,"date":"2019-06-03T17:24:39","date_gmt":"2019-06-03T20:24:39","guid":{"rendered":"https:\/\/wp.ufpel.edu.br\/gaeomam\/?page_id=16"},"modified":"2019-06-16T13:04:48","modified_gmt":"2019-06-16T16:04:48","slug":"sobre","status":"publish","type":"page","link":"https:\/\/wp.ufpel.edu.br\/gaeomam\/sobre\/","title":{"rendered":"Sobre"},"content":{"rendered":"<p>Com aproximadamente um quinto da popula\u00e7\u00e3o mundial, o \u201cMundo Mu\u00e7ulmano\u201d tem tido cada vez mais relev\u00e2ncia dentro do cen\u00e1rio internacional devido a eventos que colocam seus pa\u00edses em destaque na arena pol\u00edtica, econ\u00f4mica e social. Nesse sentido, a regi\u00e3o conhecida como Oriente M\u00e9dio (onde surgiu a religi\u00e3o isl\u00e2mica) abriga uma parcela substancial de mu\u00e7ulmanos e pa\u00edses que fazem com que suas a\u00e7\u00f5es atraiam a aten\u00e7\u00e3o da grande maioria dos atores internacionais. Com isso o \u201cOriente M\u00e9dio\u201d tornou-se um tema obrigat\u00f3rio na agenda internacional, no entanto, muitas vezes, a realidade acaba sendo distorcida devido \u00e0 falta de conhecimento sobre a Hist\u00f3ria e das tradi\u00e7\u00f5es isl\u00e2micas. Desse modo, a necessidade de conhecer o Mundo Mu\u00e7ulmano acaba sendo um requisito fundamental para compreender as transforma\u00e7\u00f5es que o sistema internacional vivencia. Assim, o Grupo de An\u00e1lises Estrat\u00e9gicas &#8211; Oriente M\u00e9dio e \u00c1frica Mu\u00e7ulmana (GAE-OMAM) foca suas a\u00e7\u00f5es no estudo conjuntural de fen\u00f4menos espec\u00edficos (tais como conflitos civis e militares, crises pol\u00edticas, econ\u00f4micas, etc.), na Hist\u00f3ria Isl\u00e2mica e Contempor\u00e2nea dos pa\u00edses que comp\u00f5em a regi\u00e3o do Oriente M\u00e9dio \u201cestendido\u201d, ou seja, da Turquia ao I\u00eamen e, do Paquist\u00e3o ao Marrocos (norte da \u00c1frica). A op\u00e7\u00e3o por essa dimens\u00e3o se da pelo fato de os pa\u00edses desta regi\u00e3o terem como elo a religi\u00e3o mu\u00e7ulmana, contudo, o Estado de Israel (de import\u00e2ncia \u00edmpar para as an\u00e1lises conjunturais sobre a regi\u00e3o) tamb\u00e9m faz parte dos pa\u00edses-objeto a serem pesquisados pelo GAE-OMAM.<\/p>\n<p>O grupo foi originalmente fundado na Unipampa, em 201X, pelo professor Renatho&#8230; Em 2018, o grupo foi tamb\u00e9m criado na UFPel, atrav\u00e9s do professor Rodrigo Duque Estrada. Desde ent\u00e3o, o professor F\u00e1bio Duval e os discentes participam ativamente de diversas linhas de pesquisas, buscando sempre analisar o Oriente M\u00e9dio de forma cr\u00edtica, com o objetivo de estimular a produ\u00e7\u00e3o de conhecimento.<\/p>\n","protected":false},"excerpt":{"rendered":"<p>Com aproximadamente um quinto da popula\u00e7\u00e3o mundial, o \u201cMundo Mu\u00e7ulmano\u201d tem tido cada vez mais relev\u00e2ncia dentro do cen\u00e1rio internacional devido a eventos que colocam seus pa\u00edses em destaque na arena pol\u00edtica, econ\u00f4mica e social. Nesse sentido, a regi\u00e3o conhecida como Oriente M\u00e9dio (onde surgiu a religi\u00e3o isl\u00e2mica) abriga uma parcela substancial de mu\u00e7ulmanos e&#8230; <\/p>\n<div class=\"link-more\"><a href=\"https:\/\/wp.ufpel.edu.br\/gaeomam\/sobre\/\">Leia mais<\/a><\/div>\n","protected":false},"author":940,"featured_media":0,"parent":0,"menu_order":0,"comment_status":"closed","ping_status":"closed","template":"","meta":{"footnotes":""},"class_list":["post-16","page","type-page","status-publish","hentry"],"_links":{"self":[{"href":"https:\/\/wp.ufpel.edu.br\/gaeomam\/wp-json\/wp\/v2\/pages\/16","targetHints":{"allow":["GET"]}}],"collection":[{"href":"https:\/\/wp.ufpel.edu.br\/gaeomam\/wp-json\/wp\/v2\/pages"}],"about":[{"href":"https:\/\/wp.ufpel.edu.br\/gaeomam\/wp-json\/wp\/v2\/types\/page"}],"author":[{"embeddable":true,"href":"https:\/\/wp.ufpel.edu.br\/gaeomam\/wp-json\/wp\/v2\/users\/940"}],"replies":[{"embeddable":true,"href":"https:\/\/wp.ufpel.edu.br\/gaeomam\/wp-json\/wp\/v2\/comments?post=16"}],"version-history":[{"count":4,"href":"https:\/\/wp.ufpel.edu.br\/gaeomam\/wp-json\/wp\/v2\/pages\/16\/revisions"}],"predecessor-version":[{"id":80,"href":"https:\/\/wp.ufpel.edu.br\/gaeomam\/wp-json\/wp\/v2\/pages\/16\/revisions\/80"}],"wp:attachment":[{"href":"https:\/\/wp.ufpel.edu.br\/gaeomam\/wp-json\/wp\/v2\/media?parent=16"}],"curies":[{"name":"wp","href":"https:\/\/api.w.org\/{rel}","templated":true}]}}