{"id":62,"date":"2016-11-11T11:09:40","date_gmt":"2016-11-11T13:09:40","guid":{"rendered":"https:\/\/wp.ufpel.edu.br\/gaci\/?page_id=62"},"modified":"2016-11-25T09:24:10","modified_gmt":"2016-11-25T11:24:10","slug":"colaboradores","status":"publish","type":"page","link":"https:\/\/wp.ufpel.edu.br\/gaci\/colaboradores\/","title":{"rendered":"Colaboradores"},"content":{"rendered":"<p>&nbsp;<\/p>\n<ul>\n<li>Prof. Dr. Altamiro Amadeu Susin \u2013 UFRGS \u2013 (<a href=\"http:\/\/lattes.cnpq.br\/6766389440522985\">Lattes<\/a>)<\/li>\n<li>Prof. Dr. Andr\u00e9 In\u00e1cio Reis \u2013 UFRGS \u2013 (<a href=\"http:\/\/lattes.cnpq.br\/2846614269371078\">Lattes<\/a>)<\/li>\n<li>Prof. Dr. C\u00e9sar Augusto Missio Marcon \u2013 PUCRS (<a href=\"http:\/\/lattes.cnpq.br\/8611020242763828\">Lattes<\/a>)<\/li>\n<li>Prof. Dr. Fernando Gehm Moraes \u2013 PUCRS (<a href=\"http:\/\/lattes.cnpq.br\/2509301929350826\">Lattes<\/a>)<\/li>\n<li>Prof. Dr. Fl\u00e1vio Rech Wagner \u2013 UFRGS \u2013 (<a href=\"http:\/\/lattes.cnpq.br\/7109472962613397\">Lattes<\/a>)<\/li>\n<li>Prof. MSc. Gustavo Freitas Sanchez \u2013 IFFarroupilha Alegrete (<a href=\"http:\/\/lattes.cnpq.br\/8246561866162562\">Lattes<\/a>)<\/li>\n<li>Prof. Dr.\u00a0Jos\u00e9 Lu\u00eds Almada G\u00fcntzel \u2013 UFSC\u00a0\u2013 (<a href=\"http:\/\/lattes.cnpq.br\/3431795837830476\">Lattes<\/a>)<\/li>\n<li>Prof. Dr. Luigi Carro \u2013 UFRGS \u2013 (<a href=\"http:\/\/lattes.cnpq.br\/8544491643812450\">Lattes<\/a>)<\/li>\n<li>Prof. Dr. Lu\u00eds Cruz \u2013 Universidade de Coimbra (<a href=\"http:\/\/www.it.pt\/person_detail_p.asp?id=556\">P\u00e1gina IT<\/a>)<\/li>\n<li>Prof. Dr. Ney Laert Vilar Calazans \u2013 PUCRS (<a href=\"http:\/\/lattes.cnpq.br\/3309342336039521\">Lattes<\/a>)<\/li>\n<li>Prof. Dr. Paulo Francisco Butzen \u2013 FURG (<a href=\"http:\/\/lattes.cnpq.br\/1952072482347004\">Lattes<\/a>)<\/li>\n<li>Prof. Dr. Pedro Amado Assun\u00e7\u00e3o \u2013 Instituto Polit\u00e9cnico de Leiria (<a href=\"http:\/\/www.it.pt\/person_detail_p.asp?id=367\">P\u00e1gina IT<\/a>)<\/li>\n<li>Prof. Dr. Renato Peres Ribas \u2013 UFRGS (<a href=\"http:\/\/lattes.cnpq.br\/1149542159006335\">Lattes<\/a>)<\/li>\n<li>Prof. MSc. Roger Endrigo Carvalho Porto \u2013 IFSul Bag\u00e9 \u2013 (<a href=\"http:\/\/lattes.cnpq.br\/5614213528512401\">Lattes<\/a>)<\/li>\n<li>Prof. Dr. Sergio Bampi \u2013 UFRGS \u2013 (<a href=\"http:\/\/lattes.cnpq.br\/4010781324120944\">Lattes<\/a>)<\/li>\n<li>Prof. MSc. Vladimir Afonso \u2013 IFSul Pelotas \u2013 (<a href=\"http:\/\/lattes.cnpq.br\/94141868417\">Lattes<\/a>)<\/li>\n<\/ul>\n","protected":false},"excerpt":{"rendered":"<p>&nbsp; Prof. Dr. Altamiro Amadeu Susin \u2013 UFRGS \u2013 (Lattes) Prof. Dr. Andr\u00e9 In\u00e1cio Reis \u2013 UFRGS \u2013 (Lattes) Prof. Dr. C\u00e9sar Augusto Missio Marcon \u2013 PUCRS (Lattes) Prof. Dr. Fernando Gehm Moraes \u2013 PUCRS (Lattes) Prof. Dr. Fl\u00e1vio Rech Wagner \u2013 UFRGS \u2013 (Lattes) Prof. MSc. Gustavo Freitas Sanchez \u2013 IFFarroupilha Alegrete (Lattes) Prof. &hellip; <a href=\"https:\/\/wp.ufpel.edu.br\/gaci\/colaboradores\/\" class=\"more-link\">Continue lendo <span class=\"screen-reader-text\">Colaboradores<\/span> <span class=\"meta-nav\">&rarr;<\/span><\/a><\/p>\n","protected":false},"author":163,"featured_media":0,"parent":0,"menu_order":0,"comment_status":"closed","ping_status":"closed","template":"","meta":{"jetpack_post_was_ever_published":false,"footnotes":""},"class_list":["post-62","page","type-page","status-publish","hentry"],"jetpack_sharing_enabled":true,"jetpack_shortlink":"https:\/\/wp.me\/P86b0z-10","_links":{"self":[{"href":"https:\/\/wp.ufpel.edu.br\/gaci\/wp-json\/wp\/v2\/pages\/62","targetHints":{"allow":["GET"]}}],"collection":[{"href":"https:\/\/wp.ufpel.edu.br\/gaci\/wp-json\/wp\/v2\/pages"}],"about":[{"href":"https:\/\/wp.ufpel.edu.br\/gaci\/wp-json\/wp\/v2\/types\/page"}],"author":[{"embeddable":true,"href":"https:\/\/wp.ufpel.edu.br\/gaci\/wp-json\/wp\/v2\/users\/163"}],"replies":[{"embeddable":true,"href":"https:\/\/wp.ufpel.edu.br\/gaci\/wp-json\/wp\/v2\/comments?post=62"}],"version-history":[{"count":5,"href":"https:\/\/wp.ufpel.edu.br\/gaci\/wp-json\/wp\/v2\/pages\/62\/revisions"}],"predecessor-version":[{"id":363,"href":"https:\/\/wp.ufpel.edu.br\/gaci\/wp-json\/wp\/v2\/pages\/62\/revisions\/363"}],"wp:attachment":[{"href":"https:\/\/wp.ufpel.edu.br\/gaci\/wp-json\/wp\/v2\/media?parent=62"}],"curies":[{"name":"wp","href":"https:\/\/api.w.org\/{rel}","templated":true}]}}