{"id":6,"date":"2016-11-11T09:44:24","date_gmt":"2016-11-11T11:44:24","guid":{"rendered":"https:\/\/wp.ufpel.edu.br\/gaci\/?page_id=6"},"modified":"2016-11-25T12:38:42","modified_gmt":"2016-11-25T14:38:42","slug":"apresentacao","status":"publish","type":"page","link":"https:\/\/wp.ufpel.edu.br\/gaci\/","title":{"rendered":"Apresenta\u00e7\u00e3o"},"content":{"rendered":"<p>O Grupo de Arquiteturas e Circuitos Integrados (GACI) da UFPel foi criado no ano de 2002 e est\u00e1 alocado junto a \u00e1rea de Computa\u00e7\u00e3o do Centro de Desenvolvimento Tecnol\u00f3gico (CDTec) da UFPel.<\/p>\n<p>O grupo conta com onze pesquisadores docentes da UFPel, al\u00e9m de diversos doutorandos, mestrandos e bolsistas de inicia\u00e7\u00e3o cient\u00edfica. Al\u00e9m disso, existem atividades de colabora\u00e7\u00e3o ativa com pesquisadores de outras institui\u00e7\u00f5es, como UFRGS, UFSC, FURG, PUCRS, IFSul, Universidade de Coimbra e Instituto Polit\u00e9cnico de Leiria.<\/p>\n<p>O GACI tem se consolidado como importante centro de pesquisa na \u00e1rea de microeletr\u00f4nica na regi\u00e3o sul do Brasil e tem atuado de maneira destacada na forma\u00e7\u00e3o de novos pesquisadores, contribuindo para a consolida\u00e7\u00e3o do Programa de P\u00f3s-Gradua\u00e7\u00e3o em Computa\u00e7\u00e3o da UFPel.<\/p>\n<p>As atividades de pesquisa do GACI est\u00e3o relacionadas com a \u00e1rea de Microeletr\u00f4nica, na interface entre a Computa\u00e7\u00e3o e a Eletr\u00f4nica, e envolvem os seguintes temas:<\/p>\n<ul>\n<li>Desenvolvimento de Arquiteturas Reconfigur\u00e1veis<\/li>\n<li>Desenvolvimento de Ferramentas de CAD para Circuitos Digitais<\/li>\n<li>Desenvolvimento de Sistemas Digitais em FPGAs<\/li>\n<li>Desenvolvimento de Software e Hardware Embarcados<\/li>\n<li>Desenvolvimento de Hardware para Codifica\u00e7\u00e3o de V\u00eddeos e Imagens Digitais<\/li>\n<li>Otimiza\u00e7\u00e3o de Algoritmos para a Codifica\u00e7\u00e3o de V\u00eddeos e Imagens Digitais<\/li>\n<\/ul>\n<p>Em fun\u00e7\u00e3o da produ\u00e7\u00e3o cient\u00edfica qualificada desenvolvida no GACI, os integrantes do grupo t\u00eam obtido sucesso na publica\u00e7\u00e3o dos resultados das pesquisas desenvolvidas em eventos e revistas de grande relev\u00e2ncia para a \u00e1rea. Al\u00e9m disso, diversos pr\u00eamios de melhor artigo foram conquistados pela equipe do GACI. Estas distin\u00e7\u00f5es, al\u00e9m de importante reconhecimento ao trabalho desenvolvido no grupo, s\u00e3o fortes indicativos de que as atividades desenvolvidas est\u00e3o no caminho certo.<\/p>\n<p>Todos estes resultados positivos t\u00eam possibilitado a capta\u00e7\u00e3o de recursos junto a \u00f3rg\u00e3os de fomento, viabilizando a execu\u00e7\u00e3o dos projetos planejados. Os pesquisadores do grupo conquistaram financiamento de \u00f3rg\u00e3os como FAPERGS, CNPq, CAPES, FINEP e RNP.<\/p>\n<p>Al\u00e9m da pesquisa realizada e da forma\u00e7\u00e3o complementar de estudantes dos cursos de Ci\u00eancia e Engenharia da Computa\u00e7\u00e3o, o GACI vem atuando na organiza\u00e7\u00e3o de eventos cient\u00edficos regionais, nacionais e internacionais da \u00e1rea de Microeletr\u00f4nica.<\/p>\n","protected":false},"excerpt":{"rendered":"<p>O Grupo de Arquiteturas e Circuitos Integrados (GACI) da UFPel foi criado no ano de 2002 e est\u00e1 alocado junto a \u00e1rea de Computa\u00e7\u00e3o do Centro de Desenvolvimento Tecnol\u00f3gico (CDTec) da UFPel. O grupo conta com onze pesquisadores docentes da UFPel, al\u00e9m de diversos doutorandos, mestrandos e bolsistas de inicia\u00e7\u00e3o cient\u00edfica. Al\u00e9m disso, existem atividades &hellip; <a href=\"https:\/\/wp.ufpel.edu.br\/gaci\/\" class=\"more-link\">Continue lendo <span class=\"screen-reader-text\">Apresenta\u00e7\u00e3o<\/span> <span class=\"meta-nav\">&rarr;<\/span><\/a><\/p>\n","protected":false},"author":163,"featured_media":0,"parent":0,"menu_order":0,"comment_status":"closed","ping_status":"closed","template":"","meta":{"jetpack_post_was_ever_published":false,"footnotes":""},"class_list":["post-6","page","type-page","status-publish","hentry"],"jetpack_sharing_enabled":true,"jetpack_shortlink":"https:\/\/wp.me\/P86b0z-6","_links":{"self":[{"href":"https:\/\/wp.ufpel.edu.br\/gaci\/wp-json\/wp\/v2\/pages\/6","targetHints":{"allow":["GET"]}}],"collection":[{"href":"https:\/\/wp.ufpel.edu.br\/gaci\/wp-json\/wp\/v2\/pages"}],"about":[{"href":"https:\/\/wp.ufpel.edu.br\/gaci\/wp-json\/wp\/v2\/types\/page"}],"author":[{"embeddable":true,"href":"https:\/\/wp.ufpel.edu.br\/gaci\/wp-json\/wp\/v2\/users\/163"}],"replies":[{"embeddable":true,"href":"https:\/\/wp.ufpel.edu.br\/gaci\/wp-json\/wp\/v2\/comments?post=6"}],"version-history":[{"count":6,"href":"https:\/\/wp.ufpel.edu.br\/gaci\/wp-json\/wp\/v2\/pages\/6\/revisions"}],"predecessor-version":[{"id":376,"href":"https:\/\/wp.ufpel.edu.br\/gaci\/wp-json\/wp\/v2\/pages\/6\/revisions\/376"}],"wp:attachment":[{"href":"https:\/\/wp.ufpel.edu.br\/gaci\/wp-json\/wp\/v2\/media?parent=6"}],"curies":[{"name":"wp","href":"https:\/\/api.w.org\/{rel}","templated":true}]}}