{"id":53,"date":"2014-02-12T09:44:02","date_gmt":"2014-02-12T11:44:02","guid":{"rendered":"https:\/\/wp.ufpel.edu.br\/gabinete\/?page_id=53"},"modified":"2017-08-10T17:12:50","modified_gmt":"2017-08-10T20:12:50","slug":"formularios","status":"publish","type":"page","link":"https:\/\/wp.ufpel.edu.br\/gabinete\/formularios\/","title":{"rendered":"Formul\u00e1rios"},"content":{"rendered":"<p><a href=\"https:\/\/wp.ufpel.edu.br\/gabinete\/files\/2014\/02\/Solicitacao-de-hospedagem-e-refei\u00e7\u00e3o-2017.doc\">Solicitacao de hospedagem e refei\u00e7\u00e3o 2017<\/a><\/p>\n<p><a href=\"https:\/\/wp.ufpel.edu.br\/gabinete\/files\/2014\/02\/Formul\u00e1rio-de-Afastamento-do-Pa\u00eds-com-\u00f4nus-1.doc\">Formul\u00e1rio-de-Afastamento-do-Pa\u00eds-com-\u00f4nus (1)<\/a><\/p>\n<p><a href=\"https:\/\/wp.ufpel.edu.br\/gabinete\/files\/2014\/02\/Formul\u00e1rio-de-Afastamento-do-Pa\u00eds-\u00f4nus-limitado.doc\">Formul\u00e1rio-de-Afastamento-do-Pa\u00eds-\u00f4nus-limitado<\/a><\/p>\n<p><a href=\"https:\/\/wp.ufpel.edu.br\/gabinete\/files\/2014\/02\/Afastamento-do-Pa\u00eds-Termo-de-Concess\u00e3o-de-Aux\u00edlio.doc\">Afastamento-do-Pa\u00eds-Termo-de-Concess\u00e3o-de-Aux\u00edlio<\/a><\/p>\n","protected":false},"excerpt":{"rendered":"<p>Solicitacao de hospedagem e refei\u00e7\u00e3o 2017 Formul\u00e1rio-de-Afastamento-do-Pa\u00eds-com-\u00f4nus (1) Formul\u00e1rio-de-Afastamento-do-Pa\u00eds-\u00f4nus-limitado Afastamento-do-Pa\u00eds-Termo-de-Concess\u00e3o-de-Aux\u00edlio<\/p>\n","protected":false},"author":353,"featured_media":0,"parent":0,"menu_order":4,"comment_status":"closed","ping_status":"closed","template":"","meta":{"footnotes":""},"class_list":["post-53","page","type-page","status-publish","hentry"],"_links":{"self":[{"href":"https:\/\/wp.ufpel.edu.br\/gabinete\/wp-json\/wp\/v2\/pages\/53","targetHints":{"allow":["GET"]}}],"collection":[{"href":"https:\/\/wp.ufpel.edu.br\/gabinete\/wp-json\/wp\/v2\/pages"}],"about":[{"href":"https:\/\/wp.ufpel.edu.br\/gabinete\/wp-json\/wp\/v2\/types\/page"}],"author":[{"embeddable":true,"href":"https:\/\/wp.ufpel.edu.br\/gabinete\/wp-json\/wp\/v2\/users\/353"}],"replies":[{"embeddable":true,"href":"https:\/\/wp.ufpel.edu.br\/gabinete\/wp-json\/wp\/v2\/comments?post=53"}],"version-history":[{"count":7,"href":"https:\/\/wp.ufpel.edu.br\/gabinete\/wp-json\/wp\/v2\/pages\/53\/revisions"}],"predecessor-version":[{"id":300,"href":"https:\/\/wp.ufpel.edu.br\/gabinete\/wp-json\/wp\/v2\/pages\/53\/revisions\/300"}],"wp:attachment":[{"href":"https:\/\/wp.ufpel.edu.br\/gabinete\/wp-json\/wp\/v2\/media?parent=53"}],"curies":[{"name":"wp","href":"https:\/\/api.w.org\/{rel}","templated":true}]}}