{"id":14,"date":"2012-05-11T16:18:44","date_gmt":"2012-05-11T19:18:44","guid":{"rendered":"https:\/\/wp.ufpel.edu.br\/gabinete\/?page_id=14"},"modified":"2014-08-06T12:54:58","modified_gmt":"2014-08-06T15:54:58","slug":"introducao","status":"publish","type":"page","link":"https:\/\/wp.ufpel.edu.br\/gabinete\/","title":{"rendered":"Introdu\u00e7\u00e3o"},"content":{"rendered":"<p>A Universidade Federal de Pelotas \u2013 UFPel \u2013 tem por miss\u00e3o promover a forma\u00e7\u00e3o integral e permanente do profissional construindo o conhecimento e a cultura, comprometidos com os valores da vida com a constru\u00e7\u00e3o e o progresso da sociedade.<\/p>\n<p>Consciente de sua responsabilidade social e pol\u00edtica, a UFPel busca formar profissionais qualificados para o exerc\u00edcio pleno da cidadania. Isto significa explicitar seu compromisso frente a processos de forma\u00e7\u00e3o alicer\u00e7ados em conhecimentos cientificamente fundamentados e socialmente referenciados integrados a princ\u00edpios \u00e9ticos, est\u00e9ticos e pol\u00edticos comprometidos com o aprofundamento da democracia e justi\u00e7a social em nosso pa\u00eds.<br \/>\nCom apenas 45 anos, a UFPel integra em sua estrutura acad\u00eamica, unidades universit\u00e1rias centen\u00e1rias as quais serviram de matriz de forma\u00e7\u00e3o para que, em 08 de agosto de 1969 , pelo Decreto-Lei No 750, se constitu\u00edsse em universidade.<\/p>\n<p>Sua trajet\u00f3ria hist\u00f3rica tem como g\u00eanese a funda\u00e7\u00e3o da Imperial Escola de Medicina Veterin\u00e1ria e de Agricultura Practica, em 1883. Quatro anos ap\u00f3s (1887), ocorreu a funda\u00e7\u00e3o do Lyceu de Agronomia, Artes e Officios e, em 1889, denominada de Lyceu Rio-Grandense de Agronomia e Veterin\u00e1ria, passa efetivamente a curso superior. A partir de 1967, passou a chamar-se Faculdade de Agronomia Eliseu Maciel.<\/p>\n<p>No ano de 1969, em 16 de dezembro, al\u00e9m das unidades do n\u00facleo formador, foram integradas \u00e0 Universidade as seguintes unidades acad\u00eamicas: Instituto de Biologia, Instituto de Ci\u00eancias Humanas, Instituto de Qu\u00edmica e Geoci\u00eancias, Instituto de F\u00edsica e Matem\u00e1tica e Instituto de Artes. Tamb\u00e9m foram acrescidas \u00e0 Universidade as seguintes institui\u00e7\u00f5es de ensino superior existentes na cidade: Escola de Belas Artes Dona Carmen Tr\u00e1paga Sim\u00f5es, Faculdade de Medicina da Institui\u00e7\u00e3o Pr\u00f3-Ensino Superior do Sul do Estado e Conservat\u00f3rio de M\u00fasica de Pelotas.<br \/>\nIntegrarama Universidade, como \u00f3rg\u00e3os suplementares, a Esta\u00e7\u00e3o Experimental de Piratini; o Centro de Treinamento e Informa\u00e7\u00e3o do Sul; a Imprensa Universit\u00e1ria; a Biblioteca Central; o Museu e a Casa para Estudante e, como \u00f3rg\u00e3os complementares, o Col\u00e9gio Agr\u00edcola Visconde da Gra\u00e7a e o Col\u00e9gio de Economia Dom\u00e9stica Rural.<\/p>\n<p>Na trajet\u00f3ria de 45 anos, a UFPEL constituiu 23 Unidades Acad\u00eamicas, que desenvolvem atividades de ensino (gradua\u00e7\u00e3o e de p\u00f3s-gradua\u00e7\u00e3o), pesquisa, extens\u00e3o e presta\u00e7\u00e3o de servi\u00e7os abrangendo cinco \u00e1reas fundamentais:<br \/>\nI \u2013 Ci\u00eancias Agr\u00e1rias: Faculdade de Agronomia Eliseu Maciel, e Faculdade de Veterin\u00e1ria.<br \/>\nII \u2013 Ci\u00eancias Biol\u00f3gicas: Instituto de Biologia, Faculdade de Nutri\u00e7\u00e3o, Faculdade de Enfermagem e Obstetr\u00edcia, Faculdade de Medicina, Escola Superior de Educa\u00e7\u00e3o F\u00edsica e Faculdade de Odontologia.<br \/>\nIII \u2013 Ci\u00eancias Exatas e Tecnologia: Instituto de F\u00edsica e Matem\u00e1tica, Instituto de Qu\u00edmica e Geoci\u00eancias, Faculdade de Meteorologia, Faculdade de Arquitetura e Urbanismo; Centro das Engenharias e Centro de Desenvolvimento Tecnol\u00f3gico<\/p>\n<p>IV \u2013 Ci\u00eancias Humanas: Instituto de Filosofia, \u00a0Sociologia e Pol\u00edtica, Instituto de Ci\u00eancias Humanas, Faculdade de Educa\u00e7\u00e3o, Faculdade de Administra\u00e7\u00e3o e Turismo e Faculdade de Direito.<br \/>\nV \u2013 Letras e Artes: Instituto de Artes e Design, Faculdade de Letras e Conservat\u00f3rio de M\u00fasica.<\/p>\n<p>Ao longo de sua hist\u00f3ria, a UFPEL vivenciou uma significativa expans\u00e3o no quantitativo de cursos de gradua\u00e7\u00e3o por ela ofertados. Passou-se de um universo de 47 cursos de gradua\u00e7\u00e3o oferecidos em 2006, para os atuais 98 cursos j\u00e1 disponibilizados por ocasi\u00e3o de nosso \u00faltimo processo seletivo de acesso a UFPEL. Nossa institui\u00e7\u00e3o possui tamb\u00e9m 41 programas de p\u00f3s-gradua\u00e7\u00e3o.<\/p>\n<p>Igualmente significativo foi o aumento no quadro de servidores de nossa universidade: atualmente contamos na nossa comunidade universit\u00e1ria com 1313 docentes e 1364 t\u00e9cnicos administrativos fazem parte de nossa comunidade universit\u00e1ria, o que contribuiu para que hoje tiv\u00e9ssemos mais de 18000 alunos, 350 grupos de pesquisas certificados pelo CNPq, 5037 projetos de pesquisa e 585 bolsistas cadastrados na institui\u00e7\u00e3o.<\/p>\n<p>A UFPEL se projeta com a vis\u00e3o de ser reconhecida como uma universidade de refer\u00eancia pelo comprometimento com a forma\u00e7\u00e3o inovadora e empreendedora, capaz de prestar para a sociedade servi\u00e7os de qualidade, com dinamismo e criatividade.<\/p>\n","protected":false},"excerpt":{"rendered":"<p>A Universidade Federal de Pelotas \u2013 UFPel \u2013 tem por miss\u00e3o promover a forma\u00e7\u00e3o integral e permanente do profissional construindo o conhecimento e a cultura, comprometidos com os valores da vida com a constru\u00e7\u00e3o e o progresso da sociedade. Consciente de sua responsabilidade social e pol\u00edtica, a UFPel busca formar profissionais qualificados para o exerc\u00edcio [&hellip;]<\/p>\n","protected":false},"author":1,"featured_media":0,"parent":0,"menu_order":0,"comment_status":"closed","ping_status":"closed","template":"","meta":{"footnotes":""},"class_list":["post-14","page","type-page","status-publish","hentry"],"_links":{"self":[{"href":"https:\/\/wp.ufpel.edu.br\/gabinete\/wp-json\/wp\/v2\/pages\/14","targetHints":{"allow":["GET"]}}],"collection":[{"href":"https:\/\/wp.ufpel.edu.br\/gabinete\/wp-json\/wp\/v2\/pages"}],"about":[{"href":"https:\/\/wp.ufpel.edu.br\/gabinete\/wp-json\/wp\/v2\/types\/page"}],"author":[{"embeddable":true,"href":"https:\/\/wp.ufpel.edu.br\/gabinete\/wp-json\/wp\/v2\/users\/1"}],"replies":[{"embeddable":true,"href":"https:\/\/wp.ufpel.edu.br\/gabinete\/wp-json\/wp\/v2\/comments?post=14"}],"version-history":[{"count":4,"href":"https:\/\/wp.ufpel.edu.br\/gabinete\/wp-json\/wp\/v2\/pages\/14\/revisions"}],"predecessor-version":[{"id":110,"href":"https:\/\/wp.ufpel.edu.br\/gabinete\/wp-json\/wp\/v2\/pages\/14\/revisions\/110"}],"wp:attachment":[{"href":"https:\/\/wp.ufpel.edu.br\/gabinete\/wp-json\/wp\/v2\/media?parent=14"}],"curies":[{"name":"wp","href":"https:\/\/api.w.org\/{rel}","templated":true}]}}