{"id":69,"date":"2015-02-25T14:34:17","date_gmt":"2015-02-25T17:34:17","guid":{"rendered":"https:\/\/wp.ufpel.edu.br\/ga\/?page_id=69"},"modified":"2015-02-26T11:42:48","modified_gmt":"2015-02-26T14:42:48","slug":"noticias-3","status":"publish","type":"page","link":"https:\/\/wp.ufpel.edu.br\/ga\/noticias-3\/","title":{"rendered":"NOT\u00cdCIAS"},"content":{"rendered":"<p><ins datetime=\"2015-02-26T14:38:06+00:00\">EMPRESA Jr. \u00c9 TEMA DE PALESTRA NO CURSO DE GEST\u00c3O AMBIENTAL<\/ins><\/p>\n<p>Numa iniciativa conjunta entre professores e alunos do Curso Superior de Tecnologia em Gest\u00e3o Ambiental do Centro de Integra\u00e7\u00e3o do Mercosul, ocorreu nesta segunda (17) a 1\u00aa Reuni\u00e3o de Forma\u00e7\u00e3o e Implanta\u00e7\u00e3o da Empresa Jr. do curso. Na oportunidade, a palestra ministrada pela Sra. Carmem Nogueira (foto) abordou temas como a import\u00e2ncia da empresa jr. em um curso de gradua\u00e7\u00e3o; as tramita\u00e7\u00f5es legais na Universidade, a rela\u00e7\u00e3o com o mercado, bem como a participa\u00e7\u00e3o dos docentes neste processo de aprendizagem.<br \/>\n<a href=\"https:\/\/wp.ufpel.edu.br\/ga\/files\/2015\/02\/capture-20141120-115229.png\"><img src=\"https:\/\/wp.ufpel.edu.br\/ga\/files\/2015\/02\/capture-20141120-115229-424x158.png\" alt=\"capture-20141120-115229\" width=\"424\" height=\"158\" class=\"alignnone size-medium wp-image-110\" srcset=\"https:\/\/wp.ufpel.edu.br\/ga\/files\/2015\/02\/capture-20141120-115229-424x158.png 424w, https:\/\/wp.ufpel.edu.br\/ga\/files\/2015\/02\/capture-20141120-115229-212x79.png 212w, https:\/\/wp.ufpel.edu.br\/ga\/files\/2015\/02\/capture-20141120-115229.png 590w\" sizes=\"(max-width: 424px) 100vw, 424px\" \/><\/a><br \/>\nPara o professor Celso Elias Corradi \u2013 coordenador do curso \u2013 a implanta\u00e7\u00e3o da empresa Jr. no curso de Gest\u00e3o Ambiental possibilitar\u00e1 aos discentes n\u00e3o s\u00f3 vivenciarem situa\u00e7\u00f5es reais do cotidiano do gestor ambiental, mas, sobretudo desenvolverem o empreendedorismo, pois a Empresa Jr.  os colocar\u00e1 na condi\u00e7\u00e3o de consultores.<br \/>\nOs pr\u00f3ximos encontros de forma\u00e7\u00e3o e implanta\u00e7\u00e3o da Empresa Jr. preveem a apresenta\u00e7\u00e3o de um case de sucesso na UFPel.  Para o professor Maur\u00edcio Pinto da Silva \u2013 coordenador das Reuni\u00f5es \u2013 a constitui\u00e7\u00e3o da Empresa Jr. no curso possibilitar\u00e1 aos alunos n\u00e3o s\u00f3 o estimulo ao empreendedorismo, mas tamb\u00e9m se tornar\u00e1 um importante ambiente de aprendizado interdisciplinar e de inova\u00e7\u00e3o em gest\u00e3o dos processos socioambientais.<\/p>\n<p><ins datetime=\"2015-02-26T14:38:06+00:00\">INTEGRA\u00c7\u00c3O LIXO ZERO\/TELA VERDE<\/ins><\/p>\n<p>No dia 6 de novembro de 2014 ocorreu, no Audit\u00f3rio do Centro de Integra\u00e7\u00e3o do Mercosul, evento de integra\u00e7\u00e3o da Semana Lixo Zero com o Circuito Tela Verde.<br \/>\nA semana Lixo Zero, realizada no per\u00edodo de 1\u00ba a 9\/11 em quatro cidades brasileiras, entre elas Florian\u00f3polis, Porto Alegre e Pelotas, resultou num conjunto de eventos visando conscientizar a popula\u00e7\u00e3o para o correto descarte do lixo dom\u00e9stico. De outro lado, o Circuito Tela Verde, realizado no per\u00edodo de 27\/10 a 11\/11, faz parte de uma iniciativa conjunta do Minist\u00e9rio do  Meio Ambiente e Minist\u00e9rio da Cultura visando o estimulo a produ\u00e7\u00e3o  audiovisual independente, conscientiza\u00e7\u00e3o e debate da tem\u00e1tica socioambiental.<br \/>\n<a href=\"https:\/\/wp.ufpel.edu.br\/ga\/files\/2015\/02\/capture-20141111-085250.png\"><img src=\"https:\/\/wp.ufpel.edu.br\/ga\/files\/2015\/02\/capture-20141111-085250-424x282.png\" alt=\"capture-20141111-085250\" width=\"424\" height=\"282\" class=\"alignnone size-medium wp-image-109\" srcset=\"https:\/\/wp.ufpel.edu.br\/ga\/files\/2015\/02\/capture-20141111-085250-424x282.png 424w, https:\/\/wp.ufpel.edu.br\/ga\/files\/2015\/02\/capture-20141111-085250-212x141.png 212w, https:\/\/wp.ufpel.edu.br\/ga\/files\/2015\/02\/capture-20141111-085250.png 542w\" sizes=\"(max-width: 424px) 100vw, 424px\" \/><\/a><br \/>\nO evento, mediado pelo professor Marcos Vinicius Godecke, teve como debatedores os professores IlianeOtto M\u00fcller, do IFSul Pelotas, e Maur\u00edcio Pinto da Silva, da UFPel.<\/p>\n<p><ins datetime=\"2015-02-26T14:38:06+00:00\">VISITA NO COMPLEXO E\u00d3LICO DE CERRO CHATO (ELETROSUL)<\/ins><br \/>\n No dia 29 de outubro de 2014 os alunos do curso de Gest\u00e3o Ambiental, ligado ao Centro de Intera\u00e7\u00e3o do Mercosul, vislumbraram os desafios e a complexidade da gest\u00e3o ambiental em um empreendimento de energia e\u00f3lica por meio da visita do Complexo Cerro Chato, da Eletrosul, em Santana do Livramento (RS). De acordo com o professor Maur\u00edcio Pinto da Silva, coordenador da visita, o Brasil encontra-se em franco desenvolvimento na instala\u00e7\u00e3o de parques e\u00f3licos que geram energia limpa e o Rio Grande do Sul, em especial a zona sul, com os parques de Santa Vit\u00f3ria do Palmar, Rio Grande e, futuramente, S\u00e3o Jose do Norte, come\u00e7am a receber novos empreendimentos deste setor. Eles demandam, segundo o professor, a\u00e7\u00f5es de gest\u00e3o ambiental desde a sua concep\u00e7\u00e3o, implementa\u00e7\u00e3o e pleno funcionamento.<br \/>\nDurante a visita, coordenada pelo departamento ambiental do Complexo E\u00f3lico, foram apresentados os principais projetos na \u00e1rea, como as demandas de gest\u00e3o das obras civis de implanta\u00e7\u00e3o, educa\u00e7\u00e3o ambiental aos funcion\u00e1rios e colaboradores terceirizados, controle de eros\u00e3o do solo, recupera\u00e7\u00e3o de \u00e1reas degradadas, prospec\u00e7\u00e3o e salvamento de s\u00edtios arqueol\u00f3gicos, monitoramento da fauna e prote\u00e7\u00e3o e resgate de s\u00edtios paleontol\u00f3gicos.<br \/>\n<a href=\"https:\/\/wp.ufpel.edu.br\/ga\/files\/2015\/02\/capture-20141111-090746.png\"><img src=\"https:\/\/wp.ufpel.edu.br\/ga\/files\/2015\/02\/capture-20141111-090746.png\" alt=\"capture-20141111-090746\" width=\"254\" height=\"185\" class=\"alignnone size-full wp-image-108\" srcset=\"https:\/\/wp.ufpel.edu.br\/ga\/files\/2015\/02\/capture-20141111-090746.png 254w, https:\/\/wp.ufpel.edu.br\/ga\/files\/2015\/02\/capture-20141111-090746-212x154.png 212w\" sizes=\"(max-width: 254px) 100vw, 254px\" \/><\/a><br \/>\nAinda de acordo com o professor Maur\u00edcio, a visita t\u00e9cnica visa contribuir com a forma\u00e7\u00e3o did\u00e1tica e profissional do discente, por meio de visita e apresenta\u00e7\u00e3o institucional guiada e observa\u00e7\u00e3o de atividades pr\u00e1ticas e situa\u00e7\u00f5es profissionais reais, sendo fundamentais para a complementa\u00e7\u00e3o acad\u00eamica ecientifica dos estudantes. \u201cNossos alunos j\u00e1 est\u00e3o desenvolvendo estudos e pesquisas relacionadas \u00e0 gest\u00e3o ambiental em Usinas de energia e\u00f3lica e tamb\u00e9m j\u00e1 se encontram desenvolvendo atividades profissionais nesta \u00e1rea\u201d, afirma o professor.<\/p>\n<p><ins datetime=\"2015-02-26T14:33:05+00:00\">PROJETO DE RECUPERA\u00c7\u00c3O DE \u00d3LEO DE COZINHA<\/ins><\/p>\n<p>Acad\u00eamicos do Curso Superior de Tecnologia em Gest\u00e3o Ambiental da Universidade Federal de Pelotas \u2013 UFPel \u2013 Unidade Pinheiro Machado, juntamente com professores da entidade, realizam palestras nas escolas de Pinheiro Machado. A iniciativa tem como objetivo divulgar o \u201cProjeto de recupera\u00e7\u00e3o do \u00f3leo de cozinha\u201d que est\u00e1 sendo desenvolvido na cidade. O projeto \u00e9 coordenado pelo professor Ign\u00e1cio Pablo Traversa, com apoio do professor Marcos Godecke e tamb\u00e9m de outras entidades como a Associa\u00e7\u00e3o de Pais e Amigos dos Excepcionais \u2013 APAE de Pinheiro Machado, Sindicato Rural e Sociedade Amigos da Paz.<br \/>\n<a href=\"https:\/\/wp.ufpel.edu.br\/ga\/files\/2015\/02\/1.png\"><img src=\"https:\/\/wp.ufpel.edu.br\/ga\/files\/2015\/02\/1.png\" alt=\"1\" width=\"239\" height=\"181\" class=\"alignnone size-full wp-image-105\" srcset=\"https:\/\/wp.ufpel.edu.br\/ga\/files\/2015\/02\/1.png 239w, https:\/\/wp.ufpel.edu.br\/ga\/files\/2015\/02\/1-209x159.png 209w\" sizes=\"(max-width: 239px) 100vw, 239px\" \/><\/a><\/p>\n<p><a href=\"https:\/\/wp.ufpel.edu.br\/ga\/files\/2015\/02\/2.png\"><img src=\"https:\/\/wp.ufpel.edu.br\/ga\/files\/2015\/02\/2.png\" alt=\"2\" width=\"234\" height=\"176\" class=\"alignnone size-full wp-image-106\" srcset=\"https:\/\/wp.ufpel.edu.br\/ga\/files\/2015\/02\/2.png 234w, https:\/\/wp.ufpel.edu.br\/ga\/files\/2015\/02\/2-212x159.png 212w\" sizes=\"(max-width: 234px) 100vw, 234px\" \/><\/a><\/p>\n<p>A ideia \u00e9 reaproveitar o \u00f3leo de cozinha que n\u00e3o vai mais ser usado nas resid\u00eancias, bares, restaurantes e hot\u00e9is, para a confec\u00e7\u00e3o de sab\u00e3o artesanal, o qual pode ser vendido na comunidade, gerando renda e oportunidade de trabalho, al\u00e9m de minimizar impactos negativos ao ambiente.<\/p>\n<p><ins datetime=\"2015-02-26T14:33:05+00:00\">CURSO DE CERTIFICA\u00c7\u00d5ES AMBIENTAIS EM PINHEIRO MACHADO<\/ins> <\/p>\n<p>De 20 horas\/aula, o Curso de Extens\u00e3o \u201cCertifica\u00e7\u00f5es Ambientais\u201d visa qualificar o participante para a implementa\u00e7\u00e3o de Sistemas de Gest\u00e3o Ambiental (SGA) em empresas, atrav\u00e9s da aplica\u00e7\u00e3o dos requisitos propostos pelas normas ISO 14001, 14004, 14005, atuando sobre os impactos ao ambiente natural decorrentes das atividades empresariais, com vistas \u00e0 sustentabilidade econ\u00f4mica, social e ambiental.<br \/>\nMinistrado pelo professor Marcos Vinicius Godecke, o curso de Certifica\u00e7\u00f5es Ambientais foi realizado nos meses de junho e julho\/2014, numa parceria do Curso Superior de Tecnologia em Gest\u00e3o Ambiental da UFPel e a C\u00e2mara de Vereadores de Pinheiro Machado. O evento contou com a presen\u00e7a da comunidade Pinheirense, resultando em 48 participantes certificados.<\/p>\n<p><a href=\"https:\/\/wp.ufpel.edu.br\/ga\/files\/2015\/02\/foto.png\"><img src=\"https:\/\/wp.ufpel.edu.br\/ga\/files\/2015\/02\/foto-424x310.png\" alt=\"foto\" width=\"424\" height=\"310\" class=\"alignnone size-medium wp-image-104\" srcset=\"https:\/\/wp.ufpel.edu.br\/ga\/files\/2015\/02\/foto-424x310.png 424w, https:\/\/wp.ufpel.edu.br\/ga\/files\/2015\/02\/foto-212x155.png 212w, https:\/\/wp.ufpel.edu.br\/ga\/files\/2015\/02\/foto.png 738w\" sizes=\"(max-width: 424px) 100vw, 424px\" \/><\/a><\/p>\n<p><ins datetime=\"2015-02-26T14:21:51+00:00\">VISITA T\u00c9CNICA ELETROBR\u00c1S<\/ins><\/p>\n<p>Ter\u00e7a- feira, dia 08 de maio de 2012, os alunos do Curso Superior de Tecnologia em Gest\u00e3o Ambiental da UFPel de Pinheiro Machado, juntamente com o professor Ign\u00e1cio Pablo Traversa Tejero realizaram visita t\u00e9cnica a Eletrobr\u00e1s CGTEE \u2013 Companhia de Gera\u00e7\u00e3o T\u00e9rmica de Energia El\u00e9trica em Candiota.<br \/>\nO objetivo da visita foi possibilitar aos discentes uma observa\u00e7\u00e3o sobre o programa de Gest\u00e3o Ambiental da empresa, o qual se caracteriza por forte impacto ambiental.<\/p>\n<p><a href=\"https:\/\/wp.ufpel.edu.br\/ga\/files\/2015\/02\/Candiota.jpg\"><img src=\"https:\/\/wp.ufpel.edu.br\/ga\/files\/2015\/02\/Candiota-424x318.jpg\" alt=\"Candiota\" width=\"424\" height=\"318\" class=\"alignnone size-medium wp-image-101\" srcset=\"https:\/\/wp.ufpel.edu.br\/ga\/files\/2015\/02\/Candiota-424x318.jpg 424w, https:\/\/wp.ufpel.edu.br\/ga\/files\/2015\/02\/Candiota-212x159.jpg 212w\" sizes=\"(max-width: 424px) 100vw, 424px\" \/><\/a><\/p>\n<p><a href=\"https:\/\/wp.ufpel.edu.br\/ga\/files\/2015\/02\/candiota-2.jpg\"><img src=\"https:\/\/wp.ufpel.edu.br\/ga\/files\/2015\/02\/candiota-2-424x318.jpg\" alt=\"candiota-2\" width=\"424\" height=\"318\" class=\"alignnone size-medium wp-image-102\" srcset=\"https:\/\/wp.ufpel.edu.br\/ga\/files\/2015\/02\/candiota-2-424x318.jpg 424w, https:\/\/wp.ufpel.edu.br\/ga\/files\/2015\/02\/candiota-2-212x159.jpg 212w\" sizes=\"(max-width: 424px) 100vw, 424px\" \/><\/a><br \/>\n<ins datetime=\"2015-02-26T14:18:43+00:00\">O DESAFIO DO GESTOR AMBIENTAL NA FRONTEIRA BRASIL-URUGUAI <\/ins><\/p>\n<p>\u201cAs cidades s\u00e3o Santana do Livramento, no Brasil e Rivera, no Uruguai, mas o  meio ambiente \u00e9 um s\u00f3, desconhece a legisla\u00e7\u00e3o e a atua\u00e7\u00e3o do homem\u201d. Com estas palavras a Eng. Qu\u00edmica Ana Yebra da Secretaria de Planejamento e Meio Ambiente de Santana do Livramento deu in\u00edcio a palestra proferida a professores e alunos do curso de Gest\u00e3o Ambiental do Centro de Integra\u00e7\u00e3o do Mercosul na \u00faltima sexta (11\/05\/2012) em encontro promovido pelo N\u00facleo de Estudos Fronteiri\u00e7os.<br \/>\n<a href=\"https:\/\/wp.ufpel.edu.br\/ga\/files\/2015\/02\/Alunos-no-NEF.jpg\"><img src=\"https:\/\/wp.ufpel.edu.br\/ga\/files\/2015\/02\/Alunos-no-NEF-424x318.jpg\" alt=\"Alunos-no-NEF\" width=\"424\" height=\"318\" class=\"alignnone size-medium wp-image-95\" srcset=\"https:\/\/wp.ufpel.edu.br\/ga\/files\/2015\/02\/Alunos-no-NEF-424x318.jpg 424w, https:\/\/wp.ufpel.edu.br\/ga\/files\/2015\/02\/Alunos-no-NEF-212x159.jpg 212w\" sizes=\"(max-width: 424px) 100vw, 424px\" \/><\/a><br \/>\nTendo como tema principal \u201co desafio do gestor ambiental na fronteira\u201d, Ana Yebra, exp\u00f4s  de maneira objetiva as dificuldades, obst\u00e1culos, desafios e o cotidiano do profissional respons\u00e1vel pela gest\u00e3o ambiental em um munic\u00edpio situado na linha de fronteira entre dois pa\u00edses. Entre os in\u00fameros desafios abordados ganham destaque temas como a legisla\u00e7\u00e3o, fiscaliza\u00e7\u00e3o e os impedimentos administrativos impostos pela condi\u00e7\u00e3o fronteiri\u00e7a.<br \/>\nTamb\u00e9m foram debatidos temas como a comercializa\u00e7\u00e3o de pneus na fronteira; a utiliza\u00e7\u00e3o de agrot\u00f3xico (permitido de um lado e proibido de outro) em propriedades rurais (muitas vezes pertencentes em ambos os lados da fronteira ao mesmo propriet\u00e1rio); a destina\u00e7\u00e3o dos res\u00edduos s\u00f3lidos; a popula\u00e7\u00e3o flutuante nos finais de semana e feriados; a circula\u00e7\u00e3o da frota veicular de Santana do Livramento (aproximadamente 40.000 ve\u00edculos\/82.000 mil habitantes) e a capina qu\u00edmica urbana, que no Brasil \u00e9 proibida e no pa\u00eds vizinho \u00e9 autorizado, com poss\u00edveis impactos ao len\u00e7ol fre\u00e1tico da regi\u00e3o onde se localiza o Aqu\u00edfero Guarani.<br \/>\n<a href=\"https:\/\/wp.ufpel.edu.br\/ga\/files\/2015\/02\/Palestra-no-NEF.jpg\"><img src=\"https:\/\/wp.ufpel.edu.br\/ga\/files\/2015\/02\/Palestra-no-NEF-424x318.jpg\" alt=\"Palestra-no-NEF\" width=\"424\" height=\"318\" class=\"alignnone size-medium wp-image-98\" srcset=\"https:\/\/wp.ufpel.edu.br\/ga\/files\/2015\/02\/Palestra-no-NEF-424x318.jpg 424w, https:\/\/wp.ufpel.edu.br\/ga\/files\/2015\/02\/Palestra-no-NEF-212x159.jpg 212w\" sizes=\"(max-width: 424px) 100vw, 424px\" \/><\/a><br \/>\nEm continuidade as atividades, professores e alunos visitaram o Escrit\u00f3rio T\u00e9cnico da Eletrosul Centrais El\u00e9tricas S.A., respons\u00e1vel pela implanta\u00e7\u00e3o da Usina E\u00f3lica Cerro Chato I, II e III, em Santana do Livramento. Na oportunidade foi proferida palestra pela \u00e1rea de gest\u00e3o ambiental da Usina.  Considerada uma energia limpa, renov\u00e1vel e com o m\u00ednimo de impacto ambiental, o Parque E\u00f3lico visitado \u00e9 composto por 15 aerogeradores, com capacidade nominal de gera\u00e7\u00e3o de 2MW, totalizando 30MW por Usina. A energia gerada tem capacidade para abastecer tr\u00eas cidades do porte de Santana do Livramento.<br \/>\nDe acordo com o prof.Maur\u00edcio Pinto da Silva, coordenador do N\u00facleo de Estudos Fronteiri\u00e7os \u201cas atividades possibilitaram a professores e alunos a discuss\u00e3o de temas de sa\u00fade p\u00fablica e ambientais, relacionando-os de maneira a problematizar a condi\u00e7\u00e3o fronteiri\u00e7a do gestor ambiental. Ainda de acordo com o Maur\u00edcio, a problem\u00e1tica da governan\u00e7a nas \u00e1reas de fronteira, por exemplo,  em uma perspectiva hist\u00f3rica destaca-se em raz\u00e3o dos pa\u00edses, em sua maioria, aplicarem regula\u00e7\u00f5es espec\u00edficas para suas \u00e1reas de fronteira, geralmente qualificadas como \u201czonas\u201d ou \u201cfaixas de seguran\u00e7a\u201d, cujos crit\u00e9rios restringem e inibem a implementa\u00e7\u00e3o de projetos de integra\u00e7\u00e3o, de car\u00e1ter regional. Nesse sentido, o problema frente ao tema em discuss\u00e3o, envolve a articula\u00e7\u00e3o dos atores p\u00fablicos e privados diante da governan\u00e7a territorial na \u00e1rea de fronteira em especial a \u00e1rea de sa\u00fade ambiental\u201d.<br \/>\nAcompanharam a visita as professoras Rosaura Esp\u00edrito Santo da Silva, Ignacio Pablo Traversa Tejero e Let\u00edcia de Magalh\u00e3es Bandeira, al\u00e9m dos alunos do segundo e quarto semestre (Pelotas) e terceiro semestre (Pinheiro Machado) do curso de Gest\u00e3o Ambiental do Centro de Integra\u00e7\u00e3o do Mercosul.<\/p>\n<p><a href=\"https:\/\/wp.ufpel.edu.br\/ga\/files\/2015\/02\/Aula-Tecnica-Usina-E\u00f3lica.jpg\"><img src=\"https:\/\/wp.ufpel.edu.br\/ga\/files\/2015\/02\/Aula-Tecnica-Usina-E\u00f3lica-424x318.jpg\" alt=\"Aula-Tecnica-Usina-E\u00f3lica\" width=\"424\" height=\"318\" class=\"alignnone size-medium wp-image-97\" srcset=\"https:\/\/wp.ufpel.edu.br\/ga\/files\/2015\/02\/Aula-Tecnica-Usina-E\u00f3lica-424x318.jpg 424w, https:\/\/wp.ufpel.edu.br\/ga\/files\/2015\/02\/Aula-Tecnica-Usina-E\u00f3lica-212x159.jpg 212w\" sizes=\"(max-width: 424px) 100vw, 424px\" \/><\/a><\/p>\n<p><ins datetime=\"2015-02-26T14:10:57+00:00\">VISITA T\u00c9CNICA NA GRANJA DE SUINOCULTURA DE FITA AZUL- CANGU\u00c7U<\/ins><\/p>\n<p>Alunos do Curso de Gest\u00e3o Ambiental da UFPel realizaram visita t\u00e9cnica na Granja de Suinocultura Fita Azul, localizada em Cangu\u00e7u. Os alunos tiveram a oportunidade de conhecer o funcionamento de um biodigestor, sistema de tratamento de dejetos que permite a capta\u00e7\u00e3o do biog\u00e1s gerado a partir da fermenta\u00e7\u00e3o anaer\u00f3bica da mat\u00e9ria org\u00e2nica. A granja transforma o g\u00e1s produzido nos biodigestores em energia el\u00e9trica, a qual supre a demanda da pr\u00f3pria granja.<br \/>\nA atividade faz parte do Projeto de Ensino e Extens\u00e3o \u201cGest\u00e3o Ambiental no Campo: Diagn\u00f3stico e Propostas para Propriedades Rurais da Regi\u00e3o Sul\u201d, coordenado pela Prof\u00aa do Curso de Gest\u00e3o Ambiental da UFPel, Fernanda Medeiros Gon\u00e7alves.<br \/>\n<a href=\"https:\/\/wp.ufpel.edu.br\/ga\/files\/2015\/02\/08-de-20121.jpg\"><img src=\"https:\/\/wp.ufpel.edu.br\/ga\/files\/2015\/02\/08-de-20121-424x238.jpg\" alt=\"08-de-2012\" width=\"424\" height=\"238\" class=\"alignnone size-medium wp-image-85\" srcset=\"https:\/\/wp.ufpel.edu.br\/ga\/files\/2015\/02\/08-de-20121-424x238.jpg 424w, https:\/\/wp.ufpel.edu.br\/ga\/files\/2015\/02\/08-de-20121-212x119.jpg 212w\" sizes=\"(max-width: 424px) 100vw, 424px\" \/><\/a><br \/>\nNa 1\u00aa visita t\u00e9cnica do Projeto de Ensino e Extens\u00e3o \u201cGest\u00e3o Ambiental no Campo: Diagn\u00f3stico e Propostas para Propriedades Rurais da Regi\u00e3o Sul\u201d, coordenado pela Prof\u00aa do Curso de Gest\u00e3o Ambiental da UFPel, Fernanda Medeiros Gon\u00e7alves, acad\u00eamicas do referido curso avaliaram o sistema de tratamento e destina\u00e7\u00e3o de dejetos em uma unidade de produ\u00e7\u00e3o e abate de su\u00ednos. A atividade contou com a colabora\u00e7\u00e3o da coordenadora do NEMA-Pel, Beatriz Sim\u00f5es Valente, e do Prof \u00ba do Curso de Gest\u00e3o Ambiental do IFSul \u2013 Campus Pelotas, Gabriel Rockenbach de Almeida. Na oportunidade, os estudantes observaram a import\u00e2ncia do tratamento e destina\u00e7\u00e3o dos res\u00edduos org\u00e2nicos provenientes da suinocultura bem como pr\u00e1ticas de manejo que possibilitam a redu\u00e7\u00e3o do volume de dejetos produzidos diariamente.<\/p>\n<p><a href=\"https:\/\/wp.ufpel.edu.br\/ga\/files\/2015\/02\/SAM_3912.jpg\"><img src=\"https:\/\/wp.ufpel.edu.br\/ga\/files\/2015\/02\/SAM_3912-424x318.jpg\" alt=\"\" width=\"424\" height=\"318\" class=\"alignnone size-medium wp-image-86\" srcset=\"https:\/\/wp.ufpel.edu.br\/ga\/files\/2015\/02\/SAM_3912-424x318.jpg 424w, https:\/\/wp.ufpel.edu.br\/ga\/files\/2015\/02\/SAM_3912-212x159.jpg 212w\" sizes=\"(max-width: 424px) 100vw, 424px\" \/><\/a><\/p>\n<p><ins datetime=\"2015-02-26T14:13:32+00:00\">SEMANA DO MEIO AMBIENTE (JUNHO\/2012)<\/ins><\/p>\n<p>Professores e alunos do Curso Superior de Tecnologia em Gest\u00e3o Ambiental da UFPel de Pinheiro Machado participaram da Semana do Meio Ambiente na cidade de Pinheiro Machado nos dias 04, 05 e 06 de junho de 2012.<br \/>\nNo dia 05 de junho o professor Ign\u00e1cio Pablo Traversa Tejero ministrou palestra sobre o Planejamento Ambiental dos Recursos Florestais.<\/p>\n<p><a href=\"https:\/\/wp.ufpel.edu.br\/ga\/files\/2015\/02\/Prof.-Ign\u00e1cio-Tejero.jpg\"><img src=\"https:\/\/wp.ufpel.edu.br\/ga\/files\/2015\/02\/Prof.-Ign\u00e1cio-Tejero-424x318.jpg\" alt=\"Prof.-Ign\u00e1cio-Tejero\" width=\"424\" height=\"318\" class=\"alignnone size-medium wp-image-74\" srcset=\"https:\/\/wp.ufpel.edu.br\/ga\/files\/2015\/02\/Prof.-Ign\u00e1cio-Tejero-424x318.jpg 424w, https:\/\/wp.ufpel.edu.br\/ga\/files\/2015\/02\/Prof.-Ign\u00e1cio-Tejero-212x159.jpg 212w\" sizes=\"(max-width: 424px) 100vw, 424px\" \/><\/a><\/p>\n<p>J\u00e1 no dia 06 de junho a professora Fernanda Medeiros Gon\u00e7alves ministrou palestra sobre o Manejo de Res\u00edduos em Sistemas de Produ\u00e7\u00e3o Animal.<br \/>\n<a href=\"https:\/\/wp.ufpel.edu.br\/ga\/files\/2015\/02\/Prof\u00aa-Fernanda-Medeiros-Gon\u00e7alves.jpg\"><img src=\"https:\/\/wp.ufpel.edu.br\/ga\/files\/2015\/02\/Prof\u00aa-Fernanda-Medeiros-Gon\u00e7alves-424x318.jpg\" alt=\"Prof\u00aa-Fernanda-Medeiros-Gon\u00e7alves\" width=\"424\" height=\"318\" class=\"alignnone size-medium wp-image-75\" srcset=\"https:\/\/wp.ufpel.edu.br\/ga\/files\/2015\/02\/Prof\u00aa-Fernanda-Medeiros-Gon\u00e7alves-424x318.jpg 424w, https:\/\/wp.ufpel.edu.br\/ga\/files\/2015\/02\/Prof\u00aa-Fernanda-Medeiros-Gon\u00e7alves-212x159.jpg 212w\" sizes=\"(max-width: 424px) 100vw, 424px\" \/><\/a><\/p>\n","protected":false},"excerpt":{"rendered":"<p>EMPRESA Jr. \u00c9 TEMA DE PALESTRA NO CURSO DE GEST\u00c3O AMBIENTAL Numa iniciativa conjunta entre professores e alunos do Curso Superior de Tecnologia em Gest\u00e3o Ambiental do Centro de Integra\u00e7\u00e3o do Mercosul, ocorreu nesta segunda (17) a 1\u00aa Reuni\u00e3o de Forma\u00e7\u00e3o e Implanta\u00e7\u00e3o da Empresa Jr. do curso. Na oportunidade, a palestra ministrada pela Sra. [&hellip;]<\/p>\n","protected":false},"author":473,"featured_media":0,"parent":0,"menu_order":0,"comment_status":"closed","ping_status":"closed","template":"","meta":{"footnotes":""},"class_list":["post-69","page","type-page","status-publish","hentry"],"_links":{"self":[{"href":"https:\/\/wp.ufpel.edu.br\/ga\/wp-json\/wp\/v2\/pages\/69","targetHints":{"allow":["GET"]}}],"collection":[{"href":"https:\/\/wp.ufpel.edu.br\/ga\/wp-json\/wp\/v2\/pages"}],"about":[{"href":"https:\/\/wp.ufpel.edu.br\/ga\/wp-json\/wp\/v2\/types\/page"}],"author":[{"embeddable":true,"href":"https:\/\/wp.ufpel.edu.br\/ga\/wp-json\/wp\/v2\/users\/473"}],"replies":[{"embeddable":true,"href":"https:\/\/wp.ufpel.edu.br\/ga\/wp-json\/wp\/v2\/comments?post=69"}],"version-history":[{"count":17,"href":"https:\/\/wp.ufpel.edu.br\/ga\/wp-json\/wp\/v2\/pages\/69\/revisions"}],"predecessor-version":[{"id":111,"href":"https:\/\/wp.ufpel.edu.br\/ga\/wp-json\/wp\/v2\/pages\/69\/revisions\/111"}],"wp:attachment":[{"href":"https:\/\/wp.ufpel.edu.br\/ga\/wp-json\/wp\/v2\/media?parent=69"}],"curies":[{"name":"wp","href":"https:\/\/api.w.org\/{rel}","templated":true}]}}