{"id":66,"date":"2015-02-25T14:31:18","date_gmt":"2015-02-25T17:31:18","guid":{"rendered":"https:\/\/wp.ufpel.edu.br\/ga\/?page_id=66"},"modified":"2016-03-01T16:21:23","modified_gmt":"2016-03-01T19:21:23","slug":"publicacoes","status":"publish","type":"page","link":"https:\/\/wp.ufpel.edu.br\/ga\/publicacoes\/","title":{"rendered":"Publica\u00e7\u00f5es"},"content":{"rendered":"<p><a href=\"https:\/\/wp.ufpel.edu.br\/ga\/files\/2015\/05\/Guia-para-Planos-Ambientais-Municipais.pdf\">Guia para Planos Ambientais Municipais<\/a><\/p>\n<p><a href=\"https:\/\/wp.ufpel.edu.br\/ga\/files\/2015\/08\/Cultura-como-insttrumento-de-desenvolvimento-econ\u00f4mico-e-educa\u00e7\u00e3o-ambiental.pdf\">Cultura como instrumento de desenvolvimento econ\u00f4mico e educa\u00e7\u00e3o ambiental<\/a><\/p>\n<p><a href=\"https:\/\/wp.ufpel.edu.br\/ga\/files\/2015\/08\/PMGIRS-Pinheiro-Machado.pdf\">Plano Municipal Gest\u00e3o Integrada Res\u00edduos S\u00f3lidos Pinheiro Machado<\/a><\/p>\n<p><a href=\"https:\/\/wp.ufpel.edu.br\/ga\/files\/2015\/08\/Log\u00edstica-Reversa-OLUC-em-Pelotas.pdf\">Log\u00edstica Reversa Oleos Lubrificantes em Pelotas<\/a><\/p>\n<p><a href=\"https:\/\/wp.ufpel.edu.br\/ga\/files\/2015\/08\/Log-Rev-Emb-Agrot\u00f3xicos-em-Pelotas.pdf\">Log\u00edstica Reversa Embalagens Agrot\u00f3xicos em Pelotas<\/a><\/p>\n<p><a href=\"https:\/\/wp.ufpel.edu.br\/ga\/files\/2015\/08\/Reciclagem-em-Pelotas.pdf\">Reciclagem em Pelotas<\/a><\/p>\n<p><a href=\"https:\/\/wp.ufpel.edu.br\/ga\/files\/2015\/08\/Coprodutos-vitivin\u00edcolas-na-alimenta\u00e7\u00e3o-de-ruminantes.pdf\">Coprodutos vitivin\u00edcolas na alimenta\u00e7\u00e3o de ruminantes<\/a><\/p>\n<p><a href=\"https:\/\/wp.ufpel.edu.br\/ga\/files\/2015\/08\/Effect-of-yeast-culture-plus-enzymatically-hydrolyzed-yeast-supplementation-1.pdf\">Effect of yeast culture plus enzymatically hydrolyzed yeast supplementation 1<\/a><\/p>\n<p><a href=\"https:\/\/wp.ufpel.edu.br\/ga\/files\/2015\/08\/Effect-of-prepartum-dam-supplementation-creep-feeding-...pdf\">Effect of prepartum dam supplementation creep-feeding ..<\/a><\/p>\n<p><a href=\"https:\/\/wp.ufpel.edu.br\/ga\/files\/2015\/08\/Effect-of-yeast-culture-plus-enzymatically-hydrolyzed-yeast-supplementation-2.pdf\">Effect of yeast culture plus enzymatically hydrolyzed yeast supplementation 2<\/a><\/p>\n<p><a href=\"https:\/\/wp.ufpel.edu.br\/ga\/files\/2015\/08\/Reduction-in-hepatic-functionality-in-dairy-cows.pdf\">Reduction in hepatic functionality in dairy cows<\/a><\/p>\n<p><a href=\"https:\/\/wp.ufpel.edu.br\/ga\/files\/2015\/08\/Ruminal-Fluid-Examination-in-Dairy-Cows-supplemented....pdf\">Ruminal Fluid Examination in Dairy Cows supplemented&#8230;<\/a><\/p>\n<p><a href=\"https:\/\/wp.ufpel.edu.br\/ga\/files\/2016\/02\/Log\u00edstica-Reversa-de-Embalagens-de-Agrot\u00f3xicos.pdf\" rel=\"\">Log\u00edstica Reversa de Embalagens de Agrot\u00f3xicos<\/a><\/p>\n<p><a href=\"https:\/\/wp.ufpel.edu.br\/ga\/files\/2016\/02\/ISO-14004-Identifica\u00e7\u00e3o-de-Aspectos-Ambientais-em-Ind\u00fastria.pdf\" rel=\"\">ISO 14004 Identifica\u00e7\u00e3o de Aspectos Ambientais em Ind\u00fastria<\/a><\/p>\n<p><a href=\"https:\/\/wp.ufpel.edu.br\/ga\/files\/2016\/02\/Avalia\u00e7\u00e3o-do-SGA-de-Empresa.pdf\" rel=\"\">Avalia\u00e7\u00e3o do SGA de Empresa<\/a><\/p>\n<p><a href=\"https:\/\/wp.ufpel.edu.br\/ga\/files\/2016\/03\/Patrimonio-Cultural-P.-Machado-pg.1127.pdf\" rel=\"\">Patrimonio Cultural P. Machado pg.1127<\/a><\/p>\n","protected":false},"excerpt":{"rendered":"<p>Guia para Planos Ambientais Municipais Cultura como instrumento de desenvolvimento econ\u00f4mico e educa\u00e7\u00e3o ambiental Plano Municipal Gest\u00e3o Integrada Res\u00edduos S\u00f3lidos Pinheiro Machado Log\u00edstica Reversa Oleos Lubrificantes em Pelotas Log\u00edstica Reversa Embalagens Agrot\u00f3xicos em Pelotas Reciclagem em Pelotas Coprodutos vitivin\u00edcolas na alimenta\u00e7\u00e3o de ruminantes Effect of yeast culture plus enzymatically hydrolyzed yeast supplementation 1 Effect of [&hellip;]<\/p>\n","protected":false},"author":473,"featured_media":0,"parent":0,"menu_order":0,"comment_status":"closed","ping_status":"closed","template":"","meta":{"footnotes":""},"class_list":["post-66","page","type-page","status-publish","hentry"],"_links":{"self":[{"href":"https:\/\/wp.ufpel.edu.br\/ga\/wp-json\/wp\/v2\/pages\/66","targetHints":{"allow":["GET"]}}],"collection":[{"href":"https:\/\/wp.ufpel.edu.br\/ga\/wp-json\/wp\/v2\/pages"}],"about":[{"href":"https:\/\/wp.ufpel.edu.br\/ga\/wp-json\/wp\/v2\/types\/page"}],"author":[{"embeddable":true,"href":"https:\/\/wp.ufpel.edu.br\/ga\/wp-json\/wp\/v2\/users\/473"}],"replies":[{"embeddable":true,"href":"https:\/\/wp.ufpel.edu.br\/ga\/wp-json\/wp\/v2\/comments?post=66"}],"version-history":[{"count":20,"href":"https:\/\/wp.ufpel.edu.br\/ga\/wp-json\/wp\/v2\/pages\/66\/revisions"}],"predecessor-version":[{"id":390,"href":"https:\/\/wp.ufpel.edu.br\/ga\/wp-json\/wp\/v2\/pages\/66\/revisions\/390"}],"wp:attachment":[{"href":"https:\/\/wp.ufpel.edu.br\/ga\/wp-json\/wp\/v2\/media?parent=66"}],"curies":[{"name":"wp","href":"https:\/\/api.w.org\/{rel}","templated":true}]}}