{"id":630,"date":"2016-08-04T09:30:06","date_gmt":"2016-08-04T12:30:06","guid":{"rendered":"https:\/\/wp.ufpel.edu.br\/ga\/?page_id=630"},"modified":"2023-04-10T00:56:12","modified_gmt":"2023-04-10T03:56:12","slug":"bacharelado-em-gestao-ambiental","status":"publish","type":"page","link":"https:\/\/wp.ufpel.edu.br\/ga\/bacharelado-em-gestao-ambiental\/","title":{"rendered":"BACHARELADO em Gest\u00e3o Ambiental"},"content":{"rendered":"<p style=\"text-align: justify;\">O <span style=\"color: #333399;\"><strong>Curso de Gest\u00e3o Ambiental<\/strong><\/span> faz parte do<strong> Centro de Integra\u00e7\u00e3o do Mercosul<\/strong>, com sede no centro da cidade de <strong>Pelotas<\/strong>, munic\u00edpio que tem uma popula\u00e7\u00e3o estimada de 342.405 habitantes, segundo dados do Instituto Brasileiro de Geografia e Estat\u00edstica (2019) e polariza vinte e tr\u00eas munic\u00edpios da Zona Sul do Rio Grande do Sul, atingindo mais de 900 mil habitantes. Desta forma, Pelotas torna-se um importante polo educacional, cultural, administrativo e de presta\u00e7\u00e3o de servi\u00e7os. Os egressos da Gest\u00e3o Ambiental tornam-se agentes de responsabilidade social e promotores do desenvolvimento regional de forma direta, atuando junto \u00e0 comunidade pela presta\u00e7\u00e3o de servi\u00e7os, e de forma indireta, formando indiv\u00edduos capacitados a promover o avan\u00e7o sociocultural da regi\u00e3o.<\/p>\n<p style=\"text-align: justify;\"><span style=\"color: #333399;\"><strong>Objetivo geral:<\/strong><\/span><\/p>\n<p style=\"text-align: justify;\">O Curso de Gest\u00e3o Ambiental Bacharelado tem por objetivo formar profissionais com saberes fundamentados nas ci\u00eancias da vida, nas tecnologias, nos processos gerenciais, sociais, econ\u00f4micos e pol\u00edticos, promovendo a qualifica\u00e7\u00e3o e requalifica\u00e7\u00e3o de profissionais com compet\u00eancia para compreender e analisar os impactos ambientais, que possibilite a gest\u00e3o de solu\u00e7\u00f5es para preven\u00e7\u00e3o e\/ou remedia\u00e7\u00e3o, visando \u00e0 melhoria e conserva\u00e7\u00e3o da qualidade ambiental.<\/p>\n<p><span style=\"color: #333399;\"><strong>Objetivos Espec\u00edficos:<\/strong><\/span><br \/>\n<strong><span style=\"color: #ff9900;\">\u00bb<\/span><\/strong> Formar profissionais com compet\u00eancia para atuar de forma \u00e9tica e sustent\u00e1vel na gest\u00e3o do Meio Ambiente.<\/p>\n<p><strong><span style=\"color: #ff9900;\">\u00bb<\/span><\/strong> Propiciar ao profissional a compreens\u00e3o e a avalia\u00e7\u00e3o dos impactos sociais, econ\u00f4micos e ambientais resultantes das atividades de origem antr\u00f3pica.<\/p>\n<p><strong><span style=\"color: #ff9900;\">\u00bb<\/span><\/strong> Permitir ao profissional o contato com ferramentas gerenciais aplicadas a Gest\u00e3o Ambiental.<\/p>\n<p><strong><span style=\"color: #ff9900;\">\u00bb<\/span><\/strong> Promover a forma\u00e7\u00e3o continuada dos egressos, bem como propiciar o prosseguimento de estudos em cursos de p\u00f3s-gradua\u00e7\u00e3o.<\/p>\n<hr \/>\n<p><strong>Ato de autoriza\u00e7\u00e3o do curso:<\/strong><br \/>\nCria\u00e7\u00e3o do Curso atrav\u00e9s da Resolu\u00e7\u00e3o n\u00ba 05 do CONSUN, de 17 de mar\u00e7o de 2016, que conferiu o c\u00f3digo 7900 ao Curso.<\/p>\n","protected":false},"excerpt":{"rendered":"<p>O Curso de Gest\u00e3o Ambiental faz parte do Centro de Integra\u00e7\u00e3o do Mercosul, com sede no centro da cidade de Pelotas, munic\u00edpio que tem uma popula\u00e7\u00e3o estimada de 342.405 habitantes, segundo dados do Instituto Brasileiro de Geografia e Estat\u00edstica (2019) e polariza vinte e tr\u00eas munic\u00edpios da Zona Sul do Rio Grande do Sul, atingindo [&hellip;]<\/p>\n","protected":false},"author":473,"featured_media":0,"parent":0,"menu_order":0,"comment_status":"closed","ping_status":"closed","template":"","meta":{"footnotes":""},"class_list":["post-630","page","type-page","status-publish","hentry"],"_links":{"self":[{"href":"https:\/\/wp.ufpel.edu.br\/ga\/wp-json\/wp\/v2\/pages\/630","targetHints":{"allow":["GET"]}}],"collection":[{"href":"https:\/\/wp.ufpel.edu.br\/ga\/wp-json\/wp\/v2\/pages"}],"about":[{"href":"https:\/\/wp.ufpel.edu.br\/ga\/wp-json\/wp\/v2\/types\/page"}],"author":[{"embeddable":true,"href":"https:\/\/wp.ufpel.edu.br\/ga\/wp-json\/wp\/v2\/users\/473"}],"replies":[{"embeddable":true,"href":"https:\/\/wp.ufpel.edu.br\/ga\/wp-json\/wp\/v2\/comments?post=630"}],"version-history":[{"count":8,"href":"https:\/\/wp.ufpel.edu.br\/ga\/wp-json\/wp\/v2\/pages\/630\/revisions"}],"predecessor-version":[{"id":3386,"href":"https:\/\/wp.ufpel.edu.br\/ga\/wp-json\/wp\/v2\/pages\/630\/revisions\/3386"}],"wp:attachment":[{"href":"https:\/\/wp.ufpel.edu.br\/ga\/wp-json\/wp\/v2\/media?parent=630"}],"curies":[{"name":"wp","href":"https:\/\/api.w.org\/{rel}","templated":true}]}}