{"id":57,"date":"2015-02-25T14:29:17","date_gmt":"2015-02-25T17:29:17","guid":{"rendered":"https:\/\/wp.ufpel.edu.br\/ga\/?page_id=57"},"modified":"2019-08-20T17:07:47","modified_gmt":"2019-08-20T20:07:47","slug":"formularios","status":"publish","type":"page","link":"https:\/\/wp.ufpel.edu.br\/ga\/formularios\/","title":{"rendered":"Formul\u00e1rios"},"content":{"rendered":"<p style=\"text-align: center\"><strong>DOCUMENTOS GERAIS:<\/strong><\/p>\n<p>&nbsp;<\/p>\n<p><em><strong>Requerimento segunda chamada de avalia\u00e7\u00e3o<\/strong><\/em> (a solicita\u00e7\u00e3o dever\u00e1 ser realizada na secretaria do curso) &#8211; <a href=\"https:\/\/wp.ufpel.edu.br\/ga\/files\/2015\/02\/SOLICITA\u00c7\u00c3O-DE-AVALI\u00c7\u00c3O-DE-SEGUNDA-CHAMADA.pdf\">SOLICITA\u00c7\u00c3O-DE-AVALI\u00c7\u00c3O-DE-SEGUNDA-CHAMADA\u00a0<\/a><\/p>\n<p><em>Sobre segunda chamada: <\/em><\/p>\n<p>&#8220;Art. 151. O discente que, por impedimento legal devidamente comprovado, faltar a uma avalia\u00e7\u00e3o, poder\u00e1 realiz\u00e1-la em outro momento, desde que requeira por escrito ao colegiado do curso, at\u00e9 3 (tr\u00eas) dias \u00fateis ap\u00f3s a realiza\u00e7\u00e3o da<br \/>\navalia\u00e7\u00e3o anterior&#8221;<\/p>\n<p>&nbsp;<\/p>\n<p><em><strong>Requerimento abono de faltas<\/strong><\/em> (a solicita\u00e7\u00e3o dever\u00e1 ser realizada na secretaria do curso)\u00a0 &#8211; <a href=\"https:\/\/wp.ufpel.edu.br\/ga\/files\/2019\/03\/Solicita\u00e7\u00e3o-de-formul\u00e1rio-de-abono-de-falta-1.pdf\">Solicita\u00e7\u00e3o de formul\u00e1rio de abono de falta<\/a><\/p>\n<p><em>Sobre abono de faltas:<\/em><\/p>\n<p>&#8220;O abono de faltas ser\u00e1 concedido, mediante comprova\u00e7\u00e3o, conforme legisla\u00e7\u00e3o vigente.&#8221;<\/p>\n<p>&nbsp;<\/p>\n<p><em><strong>Regimes de exerc\u00edcios domiciliares:\u00a0<\/strong><\/em>a solicita\u00e7\u00e3o dever\u00e1 ser realizada na per\u00edcia m\u00e9dica da UFPel: Rua Gomes Carneiro, 01 &#8211; Sala 210 &#8211; Bloco A &#8211; 2\u00b0 Andar &#8211; Tel.: (53) 3284-3985<\/p>\n<p><em>Sobre regime de exerc\u00edcios domiciliares:<\/em><\/p>\n<p>&#8220;Art. 114. Exerc\u00edcio Domiciliar \u00e9 a possibilidade de substitui\u00e7\u00e3o da frequ\u00eancia \u00e0s aulas por atividades orientadas fora do ambiente acad\u00eamico.<br \/>\nArt. 115. \u00c9 permitido substituir a frequ\u00eancia \u00e0s aulas por exerc\u00edcios domiciliares, resguardada a qualidade do trabalho acad\u00eamico.&#8221;<\/p>\n<p>&nbsp;<\/p>\n<p><strong>Aproveitamento de disciplinas:\u00a0<\/strong><\/p>\n<p><a href=\"https:\/\/wp.ufpel.edu.br\/ga\/files\/2019\/08\/Requerimento-de-aproveitamento-de-estudos.pdf\">Requerimento-de-aproveitamento-de-estudos<\/a><\/p>\n<p>&#8211; aproveitamento de disciplinas cursadas no curso de Gest\u00e3o Ambiental Bacharelado: o aluno dever\u00e1 apenas preencher o formul\u00e1rio;<br \/>\n&#8211; aproveitamento de disciplinas cursadas nos demais cursos da UFPel: o aluno dever\u00e1 preencher o formul\u00e1rio, entregar conte\u00fado program\u00e1tico da disciplina cursada;<br \/>\n&#8211;\u00a0aproveitamento de disciplinas cursadas fora da UFPel: o aluno dever\u00e1 preencher o formul\u00e1rio, entregar conte\u00fado program\u00e1tico da disciplina cursada e hist\u00f3rico escolar comprovando a aprova\u00e7\u00e3o na disciplina.<\/p>\n<p>&nbsp;<\/p>\n<p>P<strong>ara mais informa\u00e7\u00f5es acesse o regulamento de ensino.<\/strong><\/p>\n<p>Veja a \u00edntegra do regulamento de ensino: http:\/\/ccs2.ufpel.edu.br\/wp\/wp-content\/uploads\/2018\/09\/Regulamento-Ensino-de-Graduacao.pdf<\/p>\n<p>&nbsp;<\/p>\n","protected":false},"excerpt":{"rendered":"<p>DOCUMENTOS GERAIS: &nbsp; Requerimento segunda chamada de avalia\u00e7\u00e3o (a solicita\u00e7\u00e3o dever\u00e1 ser realizada na secretaria do curso) &#8211; SOLICITA\u00c7\u00c3O-DE-AVALI\u00c7\u00c3O-DE-SEGUNDA-CHAMADA\u00a0 Sobre segunda chamada: &#8220;Art. 151. O discente que, por impedimento legal devidamente comprovado, faltar a uma avalia\u00e7\u00e3o, poder\u00e1 realiz\u00e1-la em outro momento, desde que requeira por escrito ao colegiado do curso, at\u00e9 3 (tr\u00eas) dias \u00fateis [&hellip;]<\/p>\n","protected":false},"author":473,"featured_media":0,"parent":0,"menu_order":0,"comment_status":"closed","ping_status":"closed","template":"","meta":{"footnotes":""},"class_list":["post-57","page","type-page","status-publish","hentry"],"_links":{"self":[{"href":"https:\/\/wp.ufpel.edu.br\/ga\/wp-json\/wp\/v2\/pages\/57","targetHints":{"allow":["GET"]}}],"collection":[{"href":"https:\/\/wp.ufpel.edu.br\/ga\/wp-json\/wp\/v2\/pages"}],"about":[{"href":"https:\/\/wp.ufpel.edu.br\/ga\/wp-json\/wp\/v2\/types\/page"}],"author":[{"embeddable":true,"href":"https:\/\/wp.ufpel.edu.br\/ga\/wp-json\/wp\/v2\/users\/473"}],"replies":[{"embeddable":true,"href":"https:\/\/wp.ufpel.edu.br\/ga\/wp-json\/wp\/v2\/comments?post=57"}],"version-history":[{"count":21,"href":"https:\/\/wp.ufpel.edu.br\/ga\/wp-json\/wp\/v2\/pages\/57\/revisions"}],"predecessor-version":[{"id":2232,"href":"https:\/\/wp.ufpel.edu.br\/ga\/wp-json\/wp\/v2\/pages\/57\/revisions\/2232"}],"wp:attachment":[{"href":"https:\/\/wp.ufpel.edu.br\/ga\/wp-json\/wp\/v2\/media?parent=57"}],"curies":[{"name":"wp","href":"https:\/\/api.w.org\/{rel}","templated":true}]}}